{"id":484,"date":"2021-11-29T04:41:30","date_gmt":"2021-11-29T04:41:30","guid":{"rendered":"https:\/\/iipsa.com\/d\/?page_id=484"},"modified":"2021-11-29T05:11:54","modified_gmt":"2021-11-29T05:11:54","slug":"medicion-de-presion","status":"publish","type":"page","link":"https:\/\/iipsa.com\/d\/medicion-de-presion\/","title":{"rendered":"Medici\u00f3n de Presi\u00f3n"},"content":{"rendered":"\t\t<div data-elementor-type=\"wp-page\" data-elementor-id=\"484\" class=\"elementor elementor-484\" data-elementor-post-type=\"page\">\n\t\t\t\t\t\t<section class=\"elementor-section elementor-top-section elementor-element elementor-element-329ec397 elementor-section-height-min-height elementor-section-boxed elementor-section-height-default elementor-section-items-middle\" data-id=\"329ec397\" data-element_type=\"section\" data-settings=\"{&quot;background_background&quot;:&quot;classic&quot;}\">\n\t\t\t\t\t\t\t<div class=\"elementor-background-overlay\"><\/div>\n\t\t\t\t\t\t\t<div class=\"elementor-container elementor-column-gap-default\">\n\t\t\t\t\t<div class=\"elementor-column elementor-col-100 elementor-top-column elementor-element elementor-element-699704b7\" data-id=\"699704b7\" data-element_type=\"column\">\n\t\t\t<div class=\"elementor-widget-wrap elementor-element-populated\">\n\t\t\t\t\t\t\t<\/div>\n\t\t<\/div>\n\t\t\t\t\t<\/div>\n\t\t<\/section>\n\t\t\t\t<section class=\"elementor-section elementor-top-section elementor-element elementor-element-405d32ef elementor-section-boxed elementor-section-height-default elementor-section-height-default\" data-id=\"405d32ef\" data-element_type=\"section\">\n\t\t\t\t\t\t<div class=\"elementor-container elementor-column-gap-default\">\n\t\t\t\t\t<div class=\"elementor-column elementor-col-100 elementor-top-column elementor-element elementor-element-75733854\" data-id=\"75733854\" data-element_type=\"column\">\n\t\t\t<div class=\"elementor-widget-wrap elementor-element-populated\">\n\t\t\t\t\t\t<section class=\"elementor-section elementor-inner-section elementor-element elementor-element-3a5bad27 elementor-section-boxed elementor-section-height-default elementor-section-height-default\" data-id=\"3a5bad27\" data-element_type=\"section\">\n\t\t\t\t\t\t<div class=\"elementor-container elementor-column-gap-default\">\n\t\t\t\t\t<div class=\"elementor-column elementor-col-33 elementor-inner-column elementor-element elementor-element-28e07461\" data-id=\"28e07461\" data-element_type=\"column\">\n\t\t\t<div class=\"elementor-widget-wrap elementor-element-populated\">\n\t\t\t\t\t\t<div class=\"elementor-element elementor-element-2f96423f ekit-equal-height-enable elementor-widget elementor-widget-elementskit-image-box\" data-id=\"2f96423f\" data-element_type=\"widget\" data-widget_type=\"elementskit-image-box.default\">\n\t\t\t\t<div class=\"elementor-widget-container\">\n\t\t\t\t\t<div class=\"ekit-wid-con\" >\n            <div class=\"elementskit-info-image-box ekit-image-box text-center simple-card\" >\n\n                \n                <div class=\"elementskit-box-header image-box-img-center\">\n\n                    <img fetchpriority=\"high\" decoding=\"async\" width=\"750\" height=\"750\" src=\"https:\/\/iipsa.com\/d\/wp-content\/uploads\/2021\/11\/presion-absoluta.jpg\" class=\"attachment-medium_large size-medium_large wp-image-487\" alt=\"\" srcset=\"https:\/\/iipsa.com\/d\/wp-content\/uploads\/2021\/11\/presion-absoluta.jpg 750w, https:\/\/iipsa.com\/d\/wp-content\/uploads\/2021\/11\/presion-absoluta-300x300.jpg 300w, https:\/\/iipsa.com\/d\/wp-content\/uploads\/2021\/11\/presion-absoluta-150x150.jpg 150w\" sizes=\"(max-width: 750px) 100vw, 750px\" \/>\n                <\/div>\n                \n                <div class=\"elementskit-box-body ekit-image-box-body\">\n                    <div class=\"elementskit-box-content ekit-image-box-body-inner\">\n                                                <h3 class=\"elementskit-info-box-title\">\n\n                        PRESI\u00d3N ABSOLUTA\n                        \n                    <\/h3>\n                                                        <\/div>\n\n                            <\/div>\n            <\/div>\n    <\/div>\t\t\t\t<\/div>\n\t\t\t\t<\/div>\n\t\t\t\t\t<\/div>\n\t\t<\/div>\n\t\t\t\t<div class=\"elementor-column elementor-col-33 elementor-inner-column elementor-element elementor-element-14cdf9ac\" data-id=\"14cdf9ac\" data-element_type=\"column\">\n\t\t\t<div class=\"elementor-widget-wrap elementor-element-populated\">\n\t\t\t\t\t\t<div class=\"elementor-element elementor-element-952116f ekit-equal-height-enable elementor-widget elementor-widget-elementskit-image-box\" data-id=\"952116f\" data-element_type=\"widget\" data-widget_type=\"elementskit-image-box.default\">\n\t\t\t\t<div class=\"elementor-widget-container\">\n\t\t\t\t\t<div class=\"ekit-wid-con\" >\n            <div class=\"elementskit-info-image-box ekit-image-box text-center simple-card\" >\n\n                \n                <div class=\"elementskit-box-header image-box-img-center\">\n\n                    <img decoding=\"async\" width=\"750\" height=\"750\" src=\"https:\/\/iipsa.com\/d\/wp-content\/uploads\/2021\/11\/presion-diferencial.jpg\" class=\"attachment-medium_large size-medium_large wp-image-488\" alt=\"\" srcset=\"https:\/\/iipsa.com\/d\/wp-content\/uploads\/2021\/11\/presion-diferencial.jpg 750w, https:\/\/iipsa.com\/d\/wp-content\/uploads\/2021\/11\/presion-diferencial-300x300.jpg 300w, https:\/\/iipsa.com\/d\/wp-content\/uploads\/2021\/11\/presion-diferencial-150x150.jpg 150w\" sizes=\"(max-width: 750px) 100vw, 750px\" \/>\n                <\/div>\n                \n                <div class=\"elementskit-box-body ekit-image-box-body\">\n                    <div class=\"elementskit-box-content ekit-image-box-body-inner\">\n                                                <h3 class=\"elementskit-info-box-title\">\n\n                        PRESI\u00d3N DIFERENCIAL \n                        \n                    <\/h3>\n                                                        <\/div>\n\n                            <\/div>\n            <\/div>\n    <\/div>\t\t\t\t<\/div>\n\t\t\t\t<\/div>\n\t\t\t\t\t<\/div>\n\t\t<\/div>\n\t\t\t\t<div class=\"elementor-column elementor-col-33 elementor-inner-column elementor-element elementor-element-6170b95e\" data-id=\"6170b95e\" data-element_type=\"column\">\n\t\t\t<div class=\"elementor-widget-wrap elementor-element-populated\">\n\t\t\t\t\t\t<div class=\"elementor-element elementor-element-63eb8846 ekit-equal-height-enable elementor-widget elementor-widget-elementskit-image-box\" data-id=\"63eb8846\" data-element_type=\"widget\" data-widget_type=\"elementskit-image-box.default\">\n\t\t\t\t<div class=\"elementor-widget-container\">\n\t\t\t\t\t<div class=\"ekit-wid-con\" >\n            <div class=\"elementskit-info-image-box ekit-image-box text-center simple-card\" >\n\n                \n                <div class=\"elementskit-box-header image-box-img-center\">\n\n                    <img decoding=\"async\" width=\"750\" height=\"750\" src=\"https:\/\/iipsa.com\/d\/wp-content\/uploads\/2021\/11\/presion-manometrica.jpg\" class=\"attachment-medium_large size-medium_large wp-image-489\" alt=\"\" srcset=\"https:\/\/iipsa.com\/d\/wp-content\/uploads\/2021\/11\/presion-manometrica.jpg 750w, https:\/\/iipsa.com\/d\/wp-content\/uploads\/2021\/11\/presion-manometrica-300x300.jpg 300w, https:\/\/iipsa.com\/d\/wp-content\/uploads\/2021\/11\/presion-manometrica-150x150.jpg 150w\" sizes=\"(max-width: 750px) 100vw, 750px\" \/>\n                <\/div>\n                \n                <div class=\"elementskit-box-body ekit-image-box-body\">\n                    <div class=\"elementskit-box-content ekit-image-box-body-inner\">\n                                                <h3 class=\"elementskit-info-box-title\">\n\n                        PRESI\u00d3N MANOMETRICA\n                        \n                    <\/h3>\n                                                        <\/div>\n\n                            <\/div>\n            <\/div>\n    <\/div>\t\t\t\t<\/div>\n\t\t\t\t<\/div>\n\t\t\t\t\t<\/div>\n\t\t<\/div>\n\t\t\t\t\t<\/div>\n\t\t<\/section>\n\t\t\t\t<section class=\"elementor-section elementor-inner-section elementor-element elementor-element-6c4eb2c elementor-section-boxed elementor-section-height-default elementor-section-height-default\" data-id=\"6c4eb2c\" data-element_type=\"section\">\n\t\t\t\t\t\t<div class=\"elementor-container elementor-column-gap-default\">\n\t\t\t\t\t<div class=\"elementor-column elementor-col-33 elementor-inner-column elementor-element elementor-element-d86882f\" data-id=\"d86882f\" data-element_type=\"column\">\n\t\t\t<div class=\"elementor-widget-wrap\">\n\t\t\t\t\t\t\t<\/div>\n\t\t<\/div>\n\t\t\t\t<div class=\"elementor-column elementor-col-33 elementor-inner-column elementor-element elementor-element-3385a25\" data-id=\"3385a25\" data-element_type=\"column\">\n\t\t\t<div class=\"elementor-widget-wrap elementor-element-populated\">\n\t\t\t\t\t\t<div class=\"elementor-element elementor-element-0b2edda ekit-equal-height-enable elementor-widget elementor-widget-elementskit-image-box\" data-id=\"0b2edda\" data-element_type=\"widget\" data-widget_type=\"elementskit-image-box.default\">\n\t\t\t\t<div class=\"elementor-widget-container\">\n\t\t\t\t\t<div class=\"ekit-wid-con\" >\n            <div class=\"elementskit-info-image-box ekit-image-box text-center simple-card\" >\n\n                \n                <div class=\"elementskit-box-header image-box-img-center\">\n\n                    <img loading=\"lazy\" decoding=\"async\" width=\"750\" height=\"750\" src=\"https:\/\/iipsa.com\/d\/wp-content\/uploads\/2021\/11\/Sellos-remotos.jpg\" class=\"attachment-medium_large size-medium_large wp-image-490\" alt=\"\" srcset=\"https:\/\/iipsa.com\/d\/wp-content\/uploads\/2021\/11\/Sellos-remotos.jpg 750w, https:\/\/iipsa.com\/d\/wp-content\/uploads\/2021\/11\/Sellos-remotos-300x300.jpg 300w, https:\/\/iipsa.com\/d\/wp-content\/uploads\/2021\/11\/Sellos-remotos-150x150.jpg 150w\" sizes=\"(max-width: 750px) 100vw, 750px\" \/>\n                <\/div>\n                \n                <div class=\"elementskit-box-body ekit-image-box-body\">\n                    <div class=\"elementskit-box-content ekit-image-box-body-inner\">\n                                                <h3 class=\"elementskit-info-box-title\">\n\n                        MANIFOLDS Y SELLOS REMOTOS\n                        \n                    <\/h3>\n                                                        <\/div>\n\n                            <\/div>\n            <\/div>\n    <\/div>\t\t\t\t<\/div>\n\t\t\t\t<\/div>\n\t\t\t\t\t<\/div>\n\t\t<\/div>\n\t\t\t\t<div class=\"elementor-column elementor-col-33 elementor-inner-column elementor-element elementor-element-51b36bb\" data-id=\"51b36bb\" data-element_type=\"column\">\n\t\t\t<div class=\"elementor-widget-wrap\">\n\t\t\t\t\t\t\t<\/div>\n\t\t<\/div>\n\t\t\t\t\t<\/div>\n\t\t<\/section>\n\t\t\t\t\t<\/div>\n\t\t<\/div>\n\t\t\t\t\t<\/div>\n\t\t<\/section>\n\t\t\t\t<section class=\"elementor-section elementor-top-section elementor-element elementor-element-656d9d0b elementor-section-boxed elementor-section-height-default elementor-section-height-default\" data-id=\"656d9d0b\" data-element_type=\"section\" data-settings=\"{&quot;background_background&quot;:&quot;classic&quot;}\">\n\t\t\t\t\t\t\t<div class=\"elementor-background-overlay\"><\/div>\n\t\t\t\t\t\t\t<div class=\"elementor-container elementor-column-gap-default\">\n\t\t\t\t\t<div class=\"elementor-column elementor-col-66 elementor-top-column elementor-element elementor-element-7fea9dba\" data-id=\"7fea9dba\" data-element_type=\"column\">\n\t\t\t<div class=\"elementor-widget-wrap elementor-element-populated\">\n\t\t\t\t\t\t<div class=\"elementor-element elementor-element-42bbc1f1 elementor-widget elementor-widget-heading\" data-id=\"42bbc1f1\" data-element_type=\"widget\" data-widget_type=\"heading.default\">\n\t\t\t\t<div class=\"elementor-widget-container\">\n\t\t\t\t\t<h2 class=\"elementor-heading-title elementor-size-default\">\u00bfTe gustar\u00eda conocer m\u00e1s?<\/h2>\t\t\t\t<\/div>\n\t\t\t\t<\/div>\n\t\t\t\t<div class=\"elementor-element elementor-element-71d3cd29 elementor-widget elementor-widget-text-editor\" data-id=\"71d3cd29\" data-element_type=\"widget\" data-widget_type=\"text-editor.default\">\n\t\t\t\t<div class=\"elementor-widget-container\">\n\t\t\t\t\t\t\t\t\t<p>Visita nuestra secci\u00f3n de contact\u00f3 y solicita tu cotizaci\u00f3n de una forma muy f\u00e1cil y accesible.\u00a0<\/p>\t\t\t\t\t\t\t\t<\/div>\n\t\t\t\t<\/div>\n\t\t\t\t\t<\/div>\n\t\t<\/div>\n\t\t\t\t<div class=\"elementor-column elementor-col-33 elementor-top-column elementor-element elementor-element-78ca7497\" data-id=\"78ca7497\" data-element_type=\"column\">\n\t\t\t<div class=\"elementor-widget-wrap elementor-element-populated\">\n\t\t\t\t\t\t<div class=\"elementor-element elementor-element-1494b71c elementor-align-right elementor-tablet-align-center elementor-widget elementor-widget-button\" data-id=\"1494b71c\" data-element_type=\"widget\" data-widget_type=\"button.default\">\n\t\t\t\t<div class=\"elementor-widget-container\">\n\t\t\t\t\t\t\t\t\t<div class=\"elementor-button-wrapper\">\n\t\t\t\t\t<a class=\"elementor-button elementor-button-link elementor-size-sm\" href=\"https:\/\/iipsa.com\/d\/contacto\/\">\n\t\t\t\t\t\t<span class=\"elementor-button-content-wrapper\">\n\t\t\t\t\t\t\t\t\t<span class=\"elementor-button-text\">Solicitar cotizaci\u00f3n <\/span>\n\t\t\t\t\t<\/span>\n\t\t\t\t\t<\/a>\n\t\t\t\t<\/div>\n\t\t\t\t\t\t\t\t<\/div>\n\t\t\t\t<\/div>\n\t\t\t\t\t<\/div>\n\t\t<\/div>\n\t\t\t\t\t<\/div>\n\t\t<\/section>\n\t\t\t\t<\/div>\n\t\t","protected":false},"excerpt":{"rendered":"<p>PRESI\u00d3N ABSOLUTA PRESI\u00d3N DIFERENCIAL PRESI\u00d3N MANOMETRICA MANIFOLDS Y SELLOS REMOTOS \u00bfTe gustar\u00eda conocer m\u00e1s? Visita nuestra secci\u00f3n de contact\u00f3 y solicita tu cotizaci\u00f3n de una forma muy f\u00e1cil y accesible. Solicitar cotizaci\u00f3n<\/p>\n","protected":false},"author":1,"featured_media":0,"parent":0,"menu_order":0,"comment_status":"closed","ping_status":"closed","template":"","meta":{"footnotes":""},"class_list":["post-484","page","type-page","status-publish","hentry"],"yoast_head":"<!-- This site is optimized with the Yoast SEO plugin v27.2 - https:\/\/yoast.com\/product\/yoast-seo-wordpress\/ -->\n<title>Medici\u00f3n de Presi\u00f3n - IIPSA<\/title>\n<meta name=\"robots\" content=\"index, follow, max-snippet:-1, max-image-preview:large, max-video-preview:-1\" \/>\n<link rel=\"canonical\" href=\"https:\/\/iipsa.com\/d\/medicion-de-presion\/\" \/>\n<meta property=\"og:locale\" content=\"es_MX\" \/>\n<meta property=\"og:type\" content=\"article\" \/>\n<meta property=\"og:title\" content=\"Medici\u00f3n de Presi\u00f3n - IIPSA\" \/>\n<meta property=\"og:description\" content=\"PRESI\u00d3N ABSOLUTA PRESI\u00d3N DIFERENCIAL PRESI\u00d3N MANOMETRICA MANIFOLDS Y SELLOS REMOTOS \u00bfTe gustar\u00eda conocer m\u00e1s? Visita nuestra secci\u00f3n de contact\u00f3 y solicita tu cotizaci\u00f3n de una forma muy f\u00e1cil y accesible. Solicitar cotizaci\u00f3n\" \/>\n<meta property=\"og:url\" content=\"https:\/\/iipsa.com\/d\/medicion-de-presion\/\" \/>\n<meta property=\"og:site_name\" content=\"IIPSA\" \/>\n<meta property=\"article:modified_time\" content=\"2021-11-29T05:11:54+00:00\" \/>\n<meta property=\"og:image\" content=\"https:\/\/iipsa.com\/d\/wp-content\/uploads\/2021\/11\/presion-absoluta.jpg\" \/>\n<meta name=\"twitter:card\" content=\"summary_large_image\" \/>\n<script type=\"application\/ld+json\" class=\"yoast-schema-graph\">{\"@context\":\"https:\/\/schema.org\",\"@graph\":[{\"@type\":\"WebPage\",\"@id\":\"https:\/\/iipsa.com\/d\/medicion-de-presion\/\",\"url\":\"https:\/\/iipsa.com\/d\/medicion-de-presion\/\",\"name\":\"Medici\u00f3n de Presi\u00f3n - IIPSA\",\"isPartOf\":{\"@id\":\"https:\/\/iipsa.com\/d\/#website\"},\"primaryImageOfPage\":{\"@id\":\"https:\/\/iipsa.com\/d\/medicion-de-presion\/#primaryimage\"},\"image\":{\"@id\":\"https:\/\/iipsa.com\/d\/medicion-de-presion\/#primaryimage\"},\"thumbnailUrl\":\"https:\/\/iipsa.com\/d\/wp-content\/uploads\/2021\/11\/presion-absoluta.jpg\",\"datePublished\":\"2021-11-29T04:41:30+00:00\",\"dateModified\":\"2021-11-29T05:11:54+00:00\",\"breadcrumb\":{\"@id\":\"https:\/\/iipsa.com\/d\/medicion-de-presion\/#breadcrumb\"},\"inLanguage\":\"es\",\"potentialAction\":[{\"@type\":\"ReadAction\",\"target\":[\"https:\/\/iipsa.com\/d\/medicion-de-presion\/\"]}]},{\"@type\":\"ImageObject\",\"inLanguage\":\"es\",\"@id\":\"https:\/\/iipsa.com\/d\/medicion-de-presion\/#primaryimage\",\"url\":\"https:\/\/iipsa.com\/d\/wp-content\/uploads\/2021\/11\/presion-absoluta.jpg\",\"contentUrl\":\"https:\/\/iipsa.com\/d\/wp-content\/uploads\/2021\/11\/presion-absoluta.jpg\",\"width\":750,\"height\":750},{\"@type\":\"BreadcrumbList\",\"@id\":\"https:\/\/iipsa.com\/d\/medicion-de-presion\/#breadcrumb\",\"itemListElement\":[{\"@type\":\"ListItem\",\"position\":1,\"name\":\"Inicio\",\"item\":\"https:\/\/iipsa.com\/d\/\"},{\"@type\":\"ListItem\",\"position\":2,\"name\":\"Medici\u00f3n de Presi\u00f3n\"}]},{\"@type\":\"WebSite\",\"@id\":\"https:\/\/iipsa.com\/d\/#website\",\"url\":\"https:\/\/iipsa.com\/d\/\",\"name\":\"IIPSA\",\"description\":\"Automatizaci\u00f3n industrial\",\"potentialAction\":[{\"@type\":\"SearchAction\",\"target\":{\"@type\":\"EntryPoint\",\"urlTemplate\":\"https:\/\/iipsa.com\/d\/?s={search_term_string}\"},\"query-input\":{\"@type\":\"PropertyValueSpecification\",\"valueRequired\":true,\"valueName\":\"search_term_string\"}}],\"inLanguage\":\"es\"}]}<\/script>\n<!-- \/ Yoast SEO plugin. -->","yoast_head_json":{"title":"Medici\u00f3n de Presi\u00f3n - IIPSA","robots":{"index":"index","follow":"follow","max-snippet":"max-snippet:-1","max-image-preview":"max-image-preview:large","max-video-preview":"max-video-preview:-1"},"canonical":"https:\/\/iipsa.com\/d\/medicion-de-presion\/","og_locale":"es_MX","og_type":"article","og_title":"Medici\u00f3n de Presi\u00f3n - IIPSA","og_description":"PRESI\u00d3N ABSOLUTA PRESI\u00d3N DIFERENCIAL PRESI\u00d3N MANOMETRICA MANIFOLDS Y SELLOS REMOTOS \u00bfTe gustar\u00eda conocer m\u00e1s? Visita nuestra secci\u00f3n de contact\u00f3 y solicita tu cotizaci\u00f3n de una forma muy f\u00e1cil y accesible. Solicitar cotizaci\u00f3n","og_url":"https:\/\/iipsa.com\/d\/medicion-de-presion\/","og_site_name":"IIPSA","article_modified_time":"2021-11-29T05:11:54+00:00","og_image":[{"url":"https:\/\/iipsa.com\/d\/wp-content\/uploads\/2021\/11\/presion-absoluta.jpg","type":"","width":"","height":""}],"twitter_card":"summary_large_image","schema":{"@context":"https:\/\/schema.org","@graph":[{"@type":"WebPage","@id":"https:\/\/iipsa.com\/d\/medicion-de-presion\/","url":"https:\/\/iipsa.com\/d\/medicion-de-presion\/","name":"Medici\u00f3n de Presi\u00f3n - IIPSA","isPartOf":{"@id":"https:\/\/iipsa.com\/d\/#website"},"primaryImageOfPage":{"@id":"https:\/\/iipsa.com\/d\/medicion-de-presion\/#primaryimage"},"image":{"@id":"https:\/\/iipsa.com\/d\/medicion-de-presion\/#primaryimage"},"thumbnailUrl":"https:\/\/iipsa.com\/d\/wp-content\/uploads\/2021\/11\/presion-absoluta.jpg","datePublished":"2021-11-29T04:41:30+00:00","dateModified":"2021-11-29T05:11:54+00:00","breadcrumb":{"@id":"https:\/\/iipsa.com\/d\/medicion-de-presion\/#breadcrumb"},"inLanguage":"es","potentialAction":[{"@type":"ReadAction","target":["https:\/\/iipsa.com\/d\/medicion-de-presion\/"]}]},{"@type":"ImageObject","inLanguage":"es","@id":"https:\/\/iipsa.com\/d\/medicion-de-presion\/#primaryimage","url":"https:\/\/iipsa.com\/d\/wp-content\/uploads\/2021\/11\/presion-absoluta.jpg","contentUrl":"https:\/\/iipsa.com\/d\/wp-content\/uploads\/2021\/11\/presion-absoluta.jpg","width":750,"height":750},{"@type":"BreadcrumbList","@id":"https:\/\/iipsa.com\/d\/medicion-de-presion\/#breadcrumb","itemListElement":[{"@type":"ListItem","position":1,"name":"Inicio","item":"https:\/\/iipsa.com\/d\/"},{"@type":"ListItem","position":2,"name":"Medici\u00f3n de Presi\u00f3n"}]},{"@type":"WebSite","@id":"https:\/\/iipsa.com\/d\/#website","url":"https:\/\/iipsa.com\/d\/","name":"IIPSA","description":"Automatizaci\u00f3n industrial","potentialAction":[{"@type":"SearchAction","target":{"@type":"EntryPoint","urlTemplate":"https:\/\/iipsa.com\/d\/?s={search_term_string}"},"query-input":{"@type":"PropertyValueSpecification","valueRequired":true,"valueName":"search_term_string"}}],"inLanguage":"es"}]}},"_links":{"self":[{"href":"https:\/\/iipsa.com\/d\/wp-json\/wp\/v2\/pages\/484","targetHints":{"allow":["GET"]}}],"collection":[{"href":"https:\/\/iipsa.com\/d\/wp-json\/wp\/v2\/pages"}],"about":[{"href":"https:\/\/iipsa.com\/d\/wp-json\/wp\/v2\/types\/page"}],"author":[{"embeddable":true,"href":"https:\/\/iipsa.com\/d\/wp-json\/wp\/v2\/users\/1"}],"replies":[{"embeddable":true,"href":"https:\/\/iipsa.com\/d\/wp-json\/wp\/v2\/comments?post=484"}],"version-history":[{"count":8,"href":"https:\/\/iipsa.com\/d\/wp-json\/wp\/v2\/pages\/484\/revisions"}],"predecessor-version":[{"id":497,"href":"https:\/\/iipsa.com\/d\/wp-json\/wp\/v2\/pages\/484\/revisions\/497"}],"wp:attachment":[{"href":"https:\/\/iipsa.com\/d\/wp-json\/wp\/v2\/media?parent=484"}],"curies":[{"name":"wp","href":"https:\/\/api.w.org\/{rel}","templated":true}]}}