{"id":726,"date":"2021-11-30T21:59:40","date_gmt":"2021-11-30T21:59:40","guid":{"rendered":"https:\/\/iipsa.com\/d\/?page_id=726"},"modified":"2021-11-30T22:21:21","modified_gmt":"2021-11-30T22:21:21","slug":"accesorios-e-instrumentos","status":"publish","type":"page","link":"https:\/\/iipsa.com\/d\/accesorios-e-instrumentos\/","title":{"rendered":"Accesorios e Instrumentos"},"content":{"rendered":"\t\t<div data-elementor-type=\"wp-page\" data-elementor-id=\"726\" class=\"elementor elementor-726\" data-elementor-post-type=\"page\">\n\t\t\t\t\t\t<section class=\"elementor-section elementor-top-section elementor-element elementor-element-39b6adb3 elementor-section-height-min-height elementor-section-boxed elementor-section-height-default elementor-section-items-middle\" data-id=\"39b6adb3\" data-element_type=\"section\" data-settings=\"{&quot;background_background&quot;:&quot;classic&quot;}\">\n\t\t\t\t\t\t\t<div class=\"elementor-background-overlay\"><\/div>\n\t\t\t\t\t\t\t<div class=\"elementor-container elementor-column-gap-default\">\n\t\t\t\t\t<div class=\"elementor-column elementor-col-100 elementor-top-column elementor-element elementor-element-3f8d77e3\" data-id=\"3f8d77e3\" data-element_type=\"column\">\n\t\t\t<div class=\"elementor-widget-wrap elementor-element-populated\">\n\t\t\t\t\t\t\t<\/div>\n\t\t<\/div>\n\t\t\t\t\t<\/div>\n\t\t<\/section>\n\t\t\t\t<section class=\"elementor-section elementor-top-section elementor-element elementor-element-497bb76 elementor-section-boxed elementor-section-height-default elementor-section-height-default\" data-id=\"497bb76\" data-element_type=\"section\">\n\t\t\t\t\t\t<div class=\"elementor-container elementor-column-gap-default\">\n\t\t\t\t\t<div class=\"elementor-column elementor-col-100 elementor-top-column elementor-element elementor-element-7503faa9\" data-id=\"7503faa9\" data-element_type=\"column\">\n\t\t\t<div class=\"elementor-widget-wrap elementor-element-populated\">\n\t\t\t\t\t\t<section class=\"elementor-section elementor-inner-section elementor-element elementor-element-70a08af4 elementor-section-boxed elementor-section-height-default elementor-section-height-default\" data-id=\"70a08af4\" data-element_type=\"section\">\n\t\t\t\t\t\t<div class=\"elementor-container elementor-column-gap-default\">\n\t\t\t\t\t<div class=\"elementor-column elementor-col-33 elementor-inner-column elementor-element elementor-element-4d871b91\" data-id=\"4d871b91\" data-element_type=\"column\">\n\t\t\t<div class=\"elementor-widget-wrap elementor-element-populated\">\n\t\t\t\t\t\t<div class=\"elementor-element elementor-element-78ce8fbd ekit-equal-height-enable elementor-widget elementor-widget-elementskit-image-box\" data-id=\"78ce8fbd\" data-element_type=\"widget\" data-widget_type=\"elementskit-image-box.default\">\n\t\t\t\t<div class=\"elementor-widget-container\">\n\t\t\t\t\t<div class=\"ekit-wid-con\" >\n            <div class=\"elementskit-info-image-box ekit-image-box text-center simple-card\" >\n\n                \n                <div class=\"elementskit-box-header image-box-img-center\">\n\n                    <img fetchpriority=\"high\" decoding=\"async\" width=\"750\" height=\"750\" src=\"https:\/\/iipsa.com\/d\/wp-content\/uploads\/2021\/11\/pressure-controller.jpg\" class=\"attachment-medium_large size-medium_large wp-image-729\" alt=\"\" srcset=\"https:\/\/iipsa.com\/d\/wp-content\/uploads\/2021\/11\/pressure-controller.jpg 750w, https:\/\/iipsa.com\/d\/wp-content\/uploads\/2021\/11\/pressure-controller-300x300.jpg 300w, https:\/\/iipsa.com\/d\/wp-content\/uploads\/2021\/11\/pressure-controller-150x150.jpg 150w\" sizes=\"(max-width: 750px) 100vw, 750px\" \/>\n                <\/div>\n                \n                <div class=\"elementskit-box-body ekit-image-box-body\">\n                    <div class=\"elementskit-box-content ekit-image-box-body-inner\">\n                                                <h3 class=\"elementskit-info-box-title\">\n\n                        PRESSURE CONTROLLER\n                        \n                    <\/h3>\n                                                            <div class=\"elementskit-box-style-content\">\n                        Caracter\u00edsticas para optimizar la presi\u00f3n, el flujo y el control del proceso.\nUtilizado en corrientes de flujo de gas y aceite.                    <\/div>\n                                    <\/div>\n\n                            <\/div>\n            <\/div>\n    <\/div>\t\t\t\t<\/div>\n\t\t\t\t<\/div>\n\t\t\t\t\t<\/div>\n\t\t<\/div>\n\t\t\t\t<div class=\"elementor-column elementor-col-33 elementor-inner-column elementor-element elementor-element-361f49ab\" data-id=\"361f49ab\" data-element_type=\"column\">\n\t\t\t<div class=\"elementor-widget-wrap elementor-element-populated\">\n\t\t\t\t\t\t<div class=\"elementor-element elementor-element-628e02d5 ekit-equal-height-enable elementor-widget elementor-widget-elementskit-image-box\" data-id=\"628e02d5\" data-element_type=\"widget\" data-widget_type=\"elementskit-image-box.default\">\n\t\t\t\t<div class=\"elementor-widget-container\">\n\t\t\t\t\t<div class=\"ekit-wid-con\" >\n            <div class=\"elementskit-info-image-box ekit-image-box text-center simple-card\" >\n\n                \n                <div class=\"elementskit-box-header image-box-img-center\">\n\n                    <img decoding=\"async\" width=\"750\" height=\"750\" src=\"https:\/\/iipsa.com\/d\/wp-content\/uploads\/2021\/11\/DVC2600.jpg\" class=\"attachment-medium_large size-medium_large wp-image-730\" alt=\"\" srcset=\"https:\/\/iipsa.com\/d\/wp-content\/uploads\/2021\/11\/DVC2600.jpg 750w, https:\/\/iipsa.com\/d\/wp-content\/uploads\/2021\/11\/DVC2600-300x300.jpg 300w, https:\/\/iipsa.com\/d\/wp-content\/uploads\/2021\/11\/DVC2600-150x150.jpg 150w\" sizes=\"(max-width: 750px) 100vw, 750px\" \/>\n                <\/div>\n                \n                <div class=\"elementskit-box-body ekit-image-box-body\">\n                    <div class=\"elementskit-box-content ekit-image-box-body-inner\">\n                                                <h3 class=\"elementskit-info-box-title\">\n\n                        DVC6200\n                        \n                    <\/h3>\n                                                            <div class=\"elementskit-box-style-content\">\n                        Disponible con el protocolo de comunicaci\u00f3n \u2013 HART 5 o 7.<BR>\n\u2013 Fieldbus o PROFIBUS PA.<BR>\n\u2013 WirelessHART.<BR>\n\u2013 Fundation.                    <\/div>\n                                    <\/div>\n\n                            <\/div>\n            <\/div>\n    <\/div>\t\t\t\t<\/div>\n\t\t\t\t<\/div>\n\t\t\t\t\t<\/div>\n\t\t<\/div>\n\t\t\t\t<div class=\"elementor-column elementor-col-33 elementor-inner-column elementor-element elementor-element-7fd9a33d\" data-id=\"7fd9a33d\" data-element_type=\"column\">\n\t\t\t<div class=\"elementor-widget-wrap elementor-element-populated\">\n\t\t\t\t\t\t<div class=\"elementor-element elementor-element-240f8d82 ekit-equal-height-enable elementor-widget elementor-widget-elementskit-image-box\" data-id=\"240f8d82\" data-element_type=\"widget\" data-widget_type=\"elementskit-image-box.default\">\n\t\t\t\t<div class=\"elementor-widget-container\">\n\t\t\t\t\t<div class=\"ekit-wid-con\" >\n            <div class=\"elementskit-info-image-box ekit-image-box text-center simple-card\" >\n\n                \n                <div class=\"elementskit-box-header image-box-img-center\">\n\n                    <img decoding=\"async\" width=\"750\" height=\"750\" src=\"https:\/\/iipsa.com\/d\/wp-content\/uploads\/2021\/11\/FISHER-4320.jpg\" class=\"attachment-medium_large size-medium_large wp-image-731\" alt=\"\" srcset=\"https:\/\/iipsa.com\/d\/wp-content\/uploads\/2021\/11\/FISHER-4320.jpg 750w, https:\/\/iipsa.com\/d\/wp-content\/uploads\/2021\/11\/FISHER-4320-300x300.jpg 300w, https:\/\/iipsa.com\/d\/wp-content\/uploads\/2021\/11\/FISHER-4320-150x150.jpg 150w\" sizes=\"(max-width: 750px) 100vw, 750px\" \/>\n                <\/div>\n                \n                <div class=\"elementskit-box-body ekit-image-box-body\">\n                    <div class=\"elementskit-box-content ekit-image-box-body-inner\">\n                                                <h3 class=\"elementskit-info-box-title\">\n\n                        FISHER 4320\n                        \n                    <\/h3>\n                                                            <div class=\"elementskit-box-style-content\">\n                        limina la necesidad de cablear una v\u00e1lvula ON\/OFF accionada neum\u00e1ticamente.\nProporciona una se\u00f1al de retroalimentaci\u00f3n inal\u00e1mbrica precisa.                    <\/div>\n                                    <\/div>\n\n                            <\/div>\n            <\/div>\n    <\/div>\t\t\t\t<\/div>\n\t\t\t\t<\/div>\n\t\t\t\t\t<\/div>\n\t\t<\/div>\n\t\t\t\t\t<\/div>\n\t\t<\/section>\n\t\t\t\t<section class=\"elementor-section elementor-inner-section elementor-element elementor-element-a80bad8 elementor-section-boxed elementor-section-height-default elementor-section-height-default\" data-id=\"a80bad8\" data-element_type=\"section\">\n\t\t\t\t\t\t<div class=\"elementor-container elementor-column-gap-default\">\n\t\t\t\t\t<div class=\"elementor-column elementor-col-33 elementor-inner-column elementor-element elementor-element-93ce984\" data-id=\"93ce984\" data-element_type=\"column\">\n\t\t\t<div class=\"elementor-widget-wrap elementor-element-populated\">\n\t\t\t\t\t\t<div class=\"elementor-element elementor-element-9dcdd94 ekit-equal-height-enable elementor-widget elementor-widget-elementskit-image-box\" data-id=\"9dcdd94\" data-element_type=\"widget\" data-widget_type=\"elementskit-image-box.default\">\n\t\t\t\t<div class=\"elementor-widget-container\">\n\t\t\t\t\t<div class=\"ekit-wid-con\" >\n            <div class=\"elementskit-info-image-box ekit-image-box text-center simple-card\" >\n\n                \n                <div class=\"elementskit-box-header image-box-img-center\">\n\n                    <img loading=\"lazy\" decoding=\"async\" width=\"750\" height=\"750\" src=\"https:\/\/iipsa.com\/d\/wp-content\/uploads\/2021\/11\/montaje-remoto.jpg\" class=\"attachment-medium_large size-medium_large wp-image-732\" alt=\"\" srcset=\"https:\/\/iipsa.com\/d\/wp-content\/uploads\/2021\/11\/montaje-remoto.jpg 750w, https:\/\/iipsa.com\/d\/wp-content\/uploads\/2021\/11\/montaje-remoto-300x300.jpg 300w, https:\/\/iipsa.com\/d\/wp-content\/uploads\/2021\/11\/montaje-remoto-150x150.jpg 150w\" sizes=\"(max-width: 750px) 100vw, 750px\" \/>\n                <\/div>\n                \n                <div class=\"elementskit-box-body ekit-image-box-body\">\n                    <div class=\"elementskit-box-content ekit-image-box-body-inner\">\n                                                <h3 class=\"elementskit-info-box-title\">\n\n                        MONTAJE REMOTO\n                        \n                    <\/h3>\n                                                            <div class=\"elementskit-box-style-content\">\n                        Para aplicaciones de alta temperatura y\/o vibraci\u00f3n, o de dif\u00edcil acceso.\nRetroalimentaci\u00f3n con sensor de no contacto tipo Hall.                    <\/div>\n                                    <\/div>\n\n                            <\/div>\n            <\/div>\n    <\/div>\t\t\t\t<\/div>\n\t\t\t\t<\/div>\n\t\t\t\t\t<\/div>\n\t\t<\/div>\n\t\t\t\t<div class=\"elementor-column elementor-col-33 elementor-inner-column elementor-element elementor-element-f2c43df\" data-id=\"f2c43df\" data-element_type=\"column\">\n\t\t\t<div class=\"elementor-widget-wrap\">\n\t\t\t\t\t\t\t<\/div>\n\t\t<\/div>\n\t\t\t\t<div class=\"elementor-column elementor-col-33 elementor-inner-column elementor-element elementor-element-1fc85a5\" data-id=\"1fc85a5\" data-element_type=\"column\">\n\t\t\t<div class=\"elementor-widget-wrap\">\n\t\t\t\t\t\t\t<\/div>\n\t\t<\/div>\n\t\t\t\t\t<\/div>\n\t\t<\/section>\n\t\t\t\t\t<\/div>\n\t\t<\/div>\n\t\t\t\t\t<\/div>\n\t\t<\/section>\n\t\t\t\t<section class=\"elementor-section elementor-top-section elementor-element elementor-element-15cae4a7 elementor-section-boxed elementor-section-height-default elementor-section-height-default\" data-id=\"15cae4a7\" data-element_type=\"section\" data-settings=\"{&quot;background_background&quot;:&quot;classic&quot;}\">\n\t\t\t\t\t\t\t<div class=\"elementor-background-overlay\"><\/div>\n\t\t\t\t\t\t\t<div class=\"elementor-container elementor-column-gap-default\">\n\t\t\t\t\t<div class=\"elementor-column elementor-col-66 elementor-top-column elementor-element elementor-element-3f6a1bc7\" data-id=\"3f6a1bc7\" data-element_type=\"column\">\n\t\t\t<div class=\"elementor-widget-wrap elementor-element-populated\">\n\t\t\t\t\t\t<div class=\"elementor-element elementor-element-2b908e65 elementor-widget elementor-widget-heading\" data-id=\"2b908e65\" data-element_type=\"widget\" data-widget_type=\"heading.default\">\n\t\t\t\t<div class=\"elementor-widget-container\">\n\t\t\t\t\t<h2 class=\"elementor-heading-title elementor-size-default\">\u00bfTe gustar\u00eda conocer m\u00e1s?<\/h2>\t\t\t\t<\/div>\n\t\t\t\t<\/div>\n\t\t\t\t<div class=\"elementor-element elementor-element-3691f22c elementor-widget elementor-widget-text-editor\" data-id=\"3691f22c\" data-element_type=\"widget\" data-widget_type=\"text-editor.default\">\n\t\t\t\t<div class=\"elementor-widget-container\">\n\t\t\t\t\t\t\t\t\t<p>Visita nuestra secci\u00f3n de contact\u00f3 y solicita tu cotizaci\u00f3n de una forma muy f\u00e1cil y accesible.\u00a0<\/p>\t\t\t\t\t\t\t\t<\/div>\n\t\t\t\t<\/div>\n\t\t\t\t\t<\/div>\n\t\t<\/div>\n\t\t\t\t<div class=\"elementor-column elementor-col-33 elementor-top-column elementor-element elementor-element-6fffde6f\" data-id=\"6fffde6f\" data-element_type=\"column\">\n\t\t\t<div class=\"elementor-widget-wrap elementor-element-populated\">\n\t\t\t\t\t\t<div class=\"elementor-element elementor-element-1edaab6f elementor-align-right elementor-tablet-align-center elementor-widget elementor-widget-button\" data-id=\"1edaab6f\" data-element_type=\"widget\" data-widget_type=\"button.default\">\n\t\t\t\t<div class=\"elementor-widget-container\">\n\t\t\t\t\t\t\t\t\t<div class=\"elementor-button-wrapper\">\n\t\t\t\t\t<a class=\"elementor-button elementor-button-link elementor-size-sm\" href=\"https:\/\/iipsa.com\/d\/contacto\/\">\n\t\t\t\t\t\t<span class=\"elementor-button-content-wrapper\">\n\t\t\t\t\t\t\t\t\t<span class=\"elementor-button-text\">Solicitar cotizaci\u00f3n <\/span>\n\t\t\t\t\t<\/span>\n\t\t\t\t\t<\/a>\n\t\t\t\t<\/div>\n\t\t\t\t\t\t\t\t<\/div>\n\t\t\t\t<\/div>\n\t\t\t\t\t<\/div>\n\t\t<\/div>\n\t\t\t\t\t<\/div>\n\t\t<\/section>\n\t\t\t\t<\/div>\n\t\t","protected":false},"excerpt":{"rendered":"<p>PRESSURE CONTROLLER Caracter\u00edsticas para optimizar la presi\u00f3n, el flujo y el control del proceso. Utilizado en corrientes de flujo de gas y aceite. DVC6200 Disponible con el protocolo de comunicaci\u00f3n \u2013 HART 5 o 7. \u2013 Fieldbus o PROFIBUS PA. \u2013 WirelessHART. \u2013 Fundation. FISHER 4320 limina la necesidad de cablear una v\u00e1lvula ON\/OFF accionada [&hellip;]<\/p>\n","protected":false},"author":1,"featured_media":0,"parent":0,"menu_order":0,"comment_status":"closed","ping_status":"closed","template":"","meta":{"footnotes":""},"class_list":["post-726","page","type-page","status-publish","hentry"],"yoast_head":"<!-- This site is optimized with the Yoast SEO plugin v27.2 - https:\/\/yoast.com\/product\/yoast-seo-wordpress\/ -->\n<title>Accesorios e Instrumentos - IIPSA<\/title>\n<meta name=\"robots\" content=\"index, follow, max-snippet:-1, max-image-preview:large, max-video-preview:-1\" \/>\n<link rel=\"canonical\" href=\"https:\/\/iipsa.com\/d\/accesorios-e-instrumentos\/\" \/>\n<meta property=\"og:locale\" content=\"es_MX\" \/>\n<meta property=\"og:type\" content=\"article\" \/>\n<meta property=\"og:title\" content=\"Accesorios e Instrumentos - IIPSA\" \/>\n<meta property=\"og:description\" content=\"PRESSURE CONTROLLER Caracter\u00edsticas para optimizar la presi\u00f3n, el flujo y el control del proceso. Utilizado en corrientes de flujo de gas y aceite. DVC6200 Disponible con el protocolo de comunicaci\u00f3n \u2013 HART 5 o 7. \u2013 Fieldbus o PROFIBUS PA. \u2013 WirelessHART. \u2013 Fundation. FISHER 4320 limina la necesidad de cablear una v\u00e1lvula ON\/OFF accionada [&hellip;]\" \/>\n<meta property=\"og:url\" content=\"https:\/\/iipsa.com\/d\/accesorios-e-instrumentos\/\" \/>\n<meta property=\"og:site_name\" content=\"IIPSA\" \/>\n<meta property=\"article:modified_time\" content=\"2021-11-30T22:21:21+00:00\" \/>\n<meta property=\"og:image\" content=\"https:\/\/iipsa.com\/d\/wp-content\/uploads\/2021\/11\/pressure-controller.jpg\" \/>\n<meta name=\"twitter:card\" content=\"summary_large_image\" \/>\n<meta name=\"twitter:label1\" content=\"Tiempo de lectura\" \/>\n\t<meta name=\"twitter:data1\" content=\"1 minuto\" \/>\n<script type=\"application\/ld+json\" class=\"yoast-schema-graph\">{\"@context\":\"https:\/\/schema.org\",\"@graph\":[{\"@type\":\"WebPage\",\"@id\":\"https:\/\/iipsa.com\/d\/accesorios-e-instrumentos\/\",\"url\":\"https:\/\/iipsa.com\/d\/accesorios-e-instrumentos\/\",\"name\":\"Accesorios e Instrumentos - IIPSA\",\"isPartOf\":{\"@id\":\"https:\/\/iipsa.com\/d\/#website\"},\"primaryImageOfPage\":{\"@id\":\"https:\/\/iipsa.com\/d\/accesorios-e-instrumentos\/#primaryimage\"},\"image\":{\"@id\":\"https:\/\/iipsa.com\/d\/accesorios-e-instrumentos\/#primaryimage\"},\"thumbnailUrl\":\"https:\/\/iipsa.com\/d\/wp-content\/uploads\/2021\/11\/pressure-controller.jpg\",\"datePublished\":\"2021-11-30T21:59:40+00:00\",\"dateModified\":\"2021-11-30T22:21:21+00:00\",\"breadcrumb\":{\"@id\":\"https:\/\/iipsa.com\/d\/accesorios-e-instrumentos\/#breadcrumb\"},\"inLanguage\":\"es\",\"potentialAction\":[{\"@type\":\"ReadAction\",\"target\":[\"https:\/\/iipsa.com\/d\/accesorios-e-instrumentos\/\"]}]},{\"@type\":\"ImageObject\",\"inLanguage\":\"es\",\"@id\":\"https:\/\/iipsa.com\/d\/accesorios-e-instrumentos\/#primaryimage\",\"url\":\"https:\/\/iipsa.com\/d\/wp-content\/uploads\/2021\/11\/pressure-controller.jpg\",\"contentUrl\":\"https:\/\/iipsa.com\/d\/wp-content\/uploads\/2021\/11\/pressure-controller.jpg\",\"width\":750,\"height\":750},{\"@type\":\"BreadcrumbList\",\"@id\":\"https:\/\/iipsa.com\/d\/accesorios-e-instrumentos\/#breadcrumb\",\"itemListElement\":[{\"@type\":\"ListItem\",\"position\":1,\"name\":\"Inicio\",\"item\":\"https:\/\/iipsa.com\/d\/\"},{\"@type\":\"ListItem\",\"position\":2,\"name\":\"Accesorios e Instrumentos\"}]},{\"@type\":\"WebSite\",\"@id\":\"https:\/\/iipsa.com\/d\/#website\",\"url\":\"https:\/\/iipsa.com\/d\/\",\"name\":\"IIPSA\",\"description\":\"Automatizaci\u00f3n industrial\",\"potentialAction\":[{\"@type\":\"SearchAction\",\"target\":{\"@type\":\"EntryPoint\",\"urlTemplate\":\"https:\/\/iipsa.com\/d\/?s={search_term_string}\"},\"query-input\":{\"@type\":\"PropertyValueSpecification\",\"valueRequired\":true,\"valueName\":\"search_term_string\"}}],\"inLanguage\":\"es\"}]}<\/script>\n<!-- \/ Yoast SEO plugin. -->","yoast_head_json":{"title":"Accesorios e Instrumentos - IIPSA","robots":{"index":"index","follow":"follow","max-snippet":"max-snippet:-1","max-image-preview":"max-image-preview:large","max-video-preview":"max-video-preview:-1"},"canonical":"https:\/\/iipsa.com\/d\/accesorios-e-instrumentos\/","og_locale":"es_MX","og_type":"article","og_title":"Accesorios e Instrumentos - IIPSA","og_description":"PRESSURE CONTROLLER Caracter\u00edsticas para optimizar la presi\u00f3n, el flujo y el control del proceso. Utilizado en corrientes de flujo de gas y aceite. DVC6200 Disponible con el protocolo de comunicaci\u00f3n \u2013 HART 5 o 7. \u2013 Fieldbus o PROFIBUS PA. \u2013 WirelessHART. \u2013 Fundation. FISHER 4320 limina la necesidad de cablear una v\u00e1lvula ON\/OFF accionada [&hellip;]","og_url":"https:\/\/iipsa.com\/d\/accesorios-e-instrumentos\/","og_site_name":"IIPSA","article_modified_time":"2021-11-30T22:21:21+00:00","og_image":[{"url":"https:\/\/iipsa.com\/d\/wp-content\/uploads\/2021\/11\/pressure-controller.jpg","type":"","width":"","height":""}],"twitter_card":"summary_large_image","twitter_misc":{"Tiempo de lectura":"1 minuto"},"schema":{"@context":"https:\/\/schema.org","@graph":[{"@type":"WebPage","@id":"https:\/\/iipsa.com\/d\/accesorios-e-instrumentos\/","url":"https:\/\/iipsa.com\/d\/accesorios-e-instrumentos\/","name":"Accesorios e Instrumentos - IIPSA","isPartOf":{"@id":"https:\/\/iipsa.com\/d\/#website"},"primaryImageOfPage":{"@id":"https:\/\/iipsa.com\/d\/accesorios-e-instrumentos\/#primaryimage"},"image":{"@id":"https:\/\/iipsa.com\/d\/accesorios-e-instrumentos\/#primaryimage"},"thumbnailUrl":"https:\/\/iipsa.com\/d\/wp-content\/uploads\/2021\/11\/pressure-controller.jpg","datePublished":"2021-11-30T21:59:40+00:00","dateModified":"2021-11-30T22:21:21+00:00","breadcrumb":{"@id":"https:\/\/iipsa.com\/d\/accesorios-e-instrumentos\/#breadcrumb"},"inLanguage":"es","potentialAction":[{"@type":"ReadAction","target":["https:\/\/iipsa.com\/d\/accesorios-e-instrumentos\/"]}]},{"@type":"ImageObject","inLanguage":"es","@id":"https:\/\/iipsa.com\/d\/accesorios-e-instrumentos\/#primaryimage","url":"https:\/\/iipsa.com\/d\/wp-content\/uploads\/2021\/11\/pressure-controller.jpg","contentUrl":"https:\/\/iipsa.com\/d\/wp-content\/uploads\/2021\/11\/pressure-controller.jpg","width":750,"height":750},{"@type":"BreadcrumbList","@id":"https:\/\/iipsa.com\/d\/accesorios-e-instrumentos\/#breadcrumb","itemListElement":[{"@type":"ListItem","position":1,"name":"Inicio","item":"https:\/\/iipsa.com\/d\/"},{"@type":"ListItem","position":2,"name":"Accesorios e Instrumentos"}]},{"@type":"WebSite","@id":"https:\/\/iipsa.com\/d\/#website","url":"https:\/\/iipsa.com\/d\/","name":"IIPSA","description":"Automatizaci\u00f3n industrial","potentialAction":[{"@type":"SearchAction","target":{"@type":"EntryPoint","urlTemplate":"https:\/\/iipsa.com\/d\/?s={search_term_string}"},"query-input":{"@type":"PropertyValueSpecification","valueRequired":true,"valueName":"search_term_string"}}],"inLanguage":"es"}]}},"_links":{"self":[{"href":"https:\/\/iipsa.com\/d\/wp-json\/wp\/v2\/pages\/726","targetHints":{"allow":["GET"]}}],"collection":[{"href":"https:\/\/iipsa.com\/d\/wp-json\/wp\/v2\/pages"}],"about":[{"href":"https:\/\/iipsa.com\/d\/wp-json\/wp\/v2\/types\/page"}],"author":[{"embeddable":true,"href":"https:\/\/iipsa.com\/d\/wp-json\/wp\/v2\/users\/1"}],"replies":[{"embeddable":true,"href":"https:\/\/iipsa.com\/d\/wp-json\/wp\/v2\/comments?post=726"}],"version-history":[{"count":7,"href":"https:\/\/iipsa.com\/d\/wp-json\/wp\/v2\/pages\/726\/revisions"}],"predecessor-version":[{"id":738,"href":"https:\/\/iipsa.com\/d\/wp-json\/wp\/v2\/pages\/726\/revisions\/738"}],"wp:attachment":[{"href":"https:\/\/iipsa.com\/d\/wp-json\/wp\/v2\/media?parent=726"}],"curies":[{"name":"wp","href":"https:\/\/api.w.org\/{rel}","templated":true}]}}