{"id":768,"date":"2021-11-30T23:23:59","date_gmt":"2021-11-30T23:23:59","guid":{"rendered":"https:\/\/iipsa.com\/d\/?page_id=768"},"modified":"2021-11-30T23:26:19","modified_gmt":"2021-11-30T23:26:19","slug":"reguladores-de-presion","status":"publish","type":"page","link":"https:\/\/iipsa.com\/d\/reguladores-de-presion\/","title":{"rendered":"Reguladores de Presi\u00f3n"},"content":{"rendered":"\t\t<div data-elementor-type=\"wp-page\" data-elementor-id=\"768\" class=\"elementor elementor-768\" data-elementor-post-type=\"page\">\n\t\t\t\t\t\t<section class=\"elementor-section elementor-top-section elementor-element elementor-element-4e26836c elementor-section-height-min-height elementor-section-boxed elementor-section-height-default elementor-section-items-middle\" data-id=\"4e26836c\" data-element_type=\"section\" data-settings=\"{&quot;background_background&quot;:&quot;classic&quot;}\">\n\t\t\t\t\t\t\t<div class=\"elementor-background-overlay\"><\/div>\n\t\t\t\t\t\t\t<div class=\"elementor-container elementor-column-gap-default\">\n\t\t\t\t\t<div class=\"elementor-column elementor-col-100 elementor-top-column elementor-element elementor-element-4c478fb6\" data-id=\"4c478fb6\" data-element_type=\"column\">\n\t\t\t<div class=\"elementor-widget-wrap elementor-element-populated\">\n\t\t\t\t\t\t\t<\/div>\n\t\t<\/div>\n\t\t\t\t\t<\/div>\n\t\t<\/section>\n\t\t\t\t<section class=\"elementor-section elementor-top-section elementor-element elementor-element-6cabb1df elementor-section-boxed elementor-section-height-default elementor-section-height-default\" data-id=\"6cabb1df\" data-element_type=\"section\">\n\t\t\t\t\t\t<div class=\"elementor-container elementor-column-gap-default\">\n\t\t\t\t\t<div class=\"elementor-column elementor-col-100 elementor-top-column elementor-element elementor-element-5d43557\" data-id=\"5d43557\" data-element_type=\"column\">\n\t\t\t<div class=\"elementor-widget-wrap elementor-element-populated\">\n\t\t\t\t\t\t<section class=\"elementor-section elementor-inner-section elementor-element elementor-element-76ad14b4 elementor-section-boxed elementor-section-height-default elementor-section-height-default\" data-id=\"76ad14b4\" data-element_type=\"section\">\n\t\t\t\t\t\t<div class=\"elementor-container elementor-column-gap-default\">\n\t\t\t\t\t<div class=\"elementor-column elementor-col-33 elementor-inner-column elementor-element elementor-element-544f7e3f\" data-id=\"544f7e3f\" data-element_type=\"column\">\n\t\t\t<div class=\"elementor-widget-wrap elementor-element-populated\">\n\t\t\t\t\t\t<div class=\"elementor-element elementor-element-4b28b9c9 ekit-equal-height-enable elementor-widget elementor-widget-elementskit-image-box\" data-id=\"4b28b9c9\" data-element_type=\"widget\" data-widget_type=\"elementskit-image-box.default\">\n\t\t\t\t<div class=\"elementor-widget-container\">\n\t\t\t\t\t<div class=\"ekit-wid-con\" >\n            <div class=\"elementskit-info-image-box ekit-image-box text-center simple-card\" >\n\n                \n                <div class=\"elementskit-box-header image-box-img-center\">\n\n                    <img fetchpriority=\"high\" decoding=\"async\" width=\"750\" height=\"750\" src=\"https:\/\/iipsa.com\/d\/wp-content\/uploads\/2021\/11\/regulador-fisher-hsr.jpg\" class=\"attachment-medium_large size-medium_large wp-image-771\" alt=\"\" srcset=\"https:\/\/iipsa.com\/d\/wp-content\/uploads\/2021\/11\/regulador-fisher-hsr.jpg 750w, https:\/\/iipsa.com\/d\/wp-content\/uploads\/2021\/11\/regulador-fisher-hsr-300x300.jpg 300w, https:\/\/iipsa.com\/d\/wp-content\/uploads\/2021\/11\/regulador-fisher-hsr-150x150.jpg 150w\" sizes=\"(max-width: 750px) 100vw, 750px\" \/>\n                <\/div>\n                \n                <div class=\"elementskit-box-body ekit-image-box-body\">\n                    <div class=\"elementskit-box-content ekit-image-box-body-inner\">\n                                                <h3 class=\"elementskit-info-box-title\">\n\n                        TYPE HSR\n                        \n                    <\/h3>\n                                                        <\/div>\n\n                            <\/div>\n            <\/div>\n    <\/div>\t\t\t\t<\/div>\n\t\t\t\t<\/div>\n\t\t\t\t\t<\/div>\n\t\t<\/div>\n\t\t\t\t<div class=\"elementor-column elementor-col-33 elementor-inner-column elementor-element elementor-element-5ce579f6\" data-id=\"5ce579f6\" data-element_type=\"column\">\n\t\t\t<div class=\"elementor-widget-wrap elementor-element-populated\">\n\t\t\t\t\t\t<div class=\"elementor-element elementor-element-26635864 ekit-equal-height-enable elementor-widget elementor-widget-elementskit-image-box\" data-id=\"26635864\" data-element_type=\"widget\" data-widget_type=\"elementskit-image-box.default\">\n\t\t\t\t<div class=\"elementor-widget-container\">\n\t\t\t\t\t<div class=\"ekit-wid-con\" >\n            <div class=\"elementskit-info-image-box ekit-image-box text-center simple-card\" >\n\n                \n                <div class=\"elementskit-box-header image-box-img-center\">\n\n                    <img decoding=\"async\" width=\"750\" height=\"750\" src=\"https:\/\/iipsa.com\/d\/wp-content\/uploads\/2021\/11\/EZR.jpg\" class=\"attachment-medium_large size-medium_large wp-image-773\" alt=\"\" srcset=\"https:\/\/iipsa.com\/d\/wp-content\/uploads\/2021\/11\/EZR.jpg 750w, https:\/\/iipsa.com\/d\/wp-content\/uploads\/2021\/11\/EZR-300x300.jpg 300w, https:\/\/iipsa.com\/d\/wp-content\/uploads\/2021\/11\/EZR-150x150.jpg 150w\" sizes=\"(max-width: 750px) 100vw, 750px\" \/>\n                <\/div>\n                \n                <div class=\"elementskit-box-body ekit-image-box-body\">\n                    <div class=\"elementskit-box-content ekit-image-box-body-inner\">\n                                                <h3 class=\"elementskit-info-box-title\">\n\n                        EZR\n                        \n                    <\/h3>\n                                                        <\/div>\n\n                            <\/div>\n            <\/div>\n    <\/div>\t\t\t\t<\/div>\n\t\t\t\t<\/div>\n\t\t\t\t\t<\/div>\n\t\t<\/div>\n\t\t\t\t<div class=\"elementor-column elementor-col-33 elementor-inner-column elementor-element elementor-element-231ea160\" data-id=\"231ea160\" data-element_type=\"column\">\n\t\t\t<div class=\"elementor-widget-wrap elementor-element-populated\">\n\t\t\t\t\t\t<div class=\"elementor-element elementor-element-76708d49 ekit-equal-height-enable elementor-widget elementor-widget-elementskit-image-box\" data-id=\"76708d49\" data-element_type=\"widget\" data-widget_type=\"elementskit-image-box.default\">\n\t\t\t\t<div class=\"elementor-widget-container\">\n\t\t\t\t\t<div class=\"ekit-wid-con\" >\n            <div class=\"elementskit-info-image-box ekit-image-box text-center simple-card\" >\n\n                \n                <div class=\"elementskit-box-header image-box-img-center\">\n\n                    <img decoding=\"async\" width=\"750\" height=\"750\" src=\"https:\/\/iipsa.com\/d\/wp-content\/uploads\/2021\/11\/cs800.jpg\" class=\"attachment-medium_large size-medium_large wp-image-772\" alt=\"\" srcset=\"https:\/\/iipsa.com\/d\/wp-content\/uploads\/2021\/11\/cs800.jpg 750w, https:\/\/iipsa.com\/d\/wp-content\/uploads\/2021\/11\/cs800-300x300.jpg 300w, https:\/\/iipsa.com\/d\/wp-content\/uploads\/2021\/11\/cs800-150x150.jpg 150w\" sizes=\"(max-width: 750px) 100vw, 750px\" \/>\n                <\/div>\n                \n                <div class=\"elementskit-box-body ekit-image-box-body\">\n                    <div class=\"elementskit-box-content ekit-image-box-body-inner\">\n                                                <h3 class=\"elementskit-info-box-title\">\n\n                        CS 800\n                        \n                    <\/h3>\n                                                        <\/div>\n\n                            <\/div>\n            <\/div>\n    <\/div>\t\t\t\t<\/div>\n\t\t\t\t<\/div>\n\t\t\t\t\t<\/div>\n\t\t<\/div>\n\t\t\t\t\t<\/div>\n\t\t<\/section>\n\t\t\t\t<section class=\"elementor-section elementor-inner-section elementor-element elementor-element-ce25b4a elementor-section-boxed elementor-section-height-default elementor-section-height-default\" data-id=\"ce25b4a\" data-element_type=\"section\">\n\t\t\t\t\t\t<div class=\"elementor-container elementor-column-gap-default\">\n\t\t\t\t\t<div class=\"elementor-column elementor-col-33 elementor-inner-column elementor-element elementor-element-474c6f6\" data-id=\"474c6f6\" data-element_type=\"column\">\n\t\t\t<div class=\"elementor-widget-wrap elementor-element-populated\">\n\t\t\t\t\t\t<div class=\"elementor-element elementor-element-1e93bb2 ekit-equal-height-enable elementor-widget elementor-widget-elementskit-image-box\" data-id=\"1e93bb2\" data-element_type=\"widget\" data-widget_type=\"elementskit-image-box.default\">\n\t\t\t\t<div class=\"elementor-widget-container\">\n\t\t\t\t\t<div class=\"ekit-wid-con\" >\n            <div class=\"elementskit-info-image-box ekit-image-box text-center simple-card\" >\n\n                \n                <div class=\"elementskit-box-header image-box-img-center\">\n\n                    <img loading=\"lazy\" decoding=\"async\" width=\"750\" height=\"750\" src=\"https:\/\/iipsa.com\/d\/wp-content\/uploads\/2021\/11\/FL-SERIES.jpg\" class=\"attachment-medium_large size-medium_large wp-image-774\" alt=\"\" srcset=\"https:\/\/iipsa.com\/d\/wp-content\/uploads\/2021\/11\/FL-SERIES.jpg 750w, https:\/\/iipsa.com\/d\/wp-content\/uploads\/2021\/11\/FL-SERIES-300x300.jpg 300w, https:\/\/iipsa.com\/d\/wp-content\/uploads\/2021\/11\/FL-SERIES-150x150.jpg 150w\" sizes=\"(max-width: 750px) 100vw, 750px\" \/>\n                <\/div>\n                \n                <div class=\"elementskit-box-body ekit-image-box-body\">\n                    <div class=\"elementskit-box-content ekit-image-box-body-inner\">\n                                                <h3 class=\"elementskit-info-box-title\">\n\n                        FL SERIES \n                        \n                    <\/h3>\n                                                        <\/div>\n\n                            <\/div>\n            <\/div>\n    <\/div>\t\t\t\t<\/div>\n\t\t\t\t<\/div>\n\t\t\t\t\t<\/div>\n\t\t<\/div>\n\t\t\t\t<div class=\"elementor-column elementor-col-33 elementor-inner-column elementor-element elementor-element-1b418c8\" data-id=\"1b418c8\" data-element_type=\"column\">\n\t\t\t<div class=\"elementor-widget-wrap\">\n\t\t\t\t\t\t\t<\/div>\n\t\t<\/div>\n\t\t\t\t<div class=\"elementor-column elementor-col-33 elementor-inner-column elementor-element elementor-element-752cf32\" data-id=\"752cf32\" data-element_type=\"column\">\n\t\t\t<div class=\"elementor-widget-wrap\">\n\t\t\t\t\t\t\t<\/div>\n\t\t<\/div>\n\t\t\t\t\t<\/div>\n\t\t<\/section>\n\t\t\t\t\t<\/div>\n\t\t<\/div>\n\t\t\t\t\t<\/div>\n\t\t<\/section>\n\t\t\t\t<section class=\"elementor-section elementor-top-section elementor-element elementor-element-16c493b9 elementor-section-boxed elementor-section-height-default elementor-section-height-default\" data-id=\"16c493b9\" data-element_type=\"section\" data-settings=\"{&quot;background_background&quot;:&quot;classic&quot;}\">\n\t\t\t\t\t\t\t<div class=\"elementor-background-overlay\"><\/div>\n\t\t\t\t\t\t\t<div class=\"elementor-container elementor-column-gap-default\">\n\t\t\t\t\t<div class=\"elementor-column elementor-col-66 elementor-top-column elementor-element elementor-element-112df9ca\" data-id=\"112df9ca\" data-element_type=\"column\">\n\t\t\t<div class=\"elementor-widget-wrap elementor-element-populated\">\n\t\t\t\t\t\t<div class=\"elementor-element elementor-element-75d55761 elementor-widget elementor-widget-heading\" data-id=\"75d55761\" data-element_type=\"widget\" data-widget_type=\"heading.default\">\n\t\t\t\t<div class=\"elementor-widget-container\">\n\t\t\t\t\t<h2 class=\"elementor-heading-title elementor-size-default\">\u00bfTe gustar\u00eda conocer m\u00e1s?<\/h2>\t\t\t\t<\/div>\n\t\t\t\t<\/div>\n\t\t\t\t<div class=\"elementor-element elementor-element-7f275ee7 elementor-widget elementor-widget-text-editor\" data-id=\"7f275ee7\" data-element_type=\"widget\" data-widget_type=\"text-editor.default\">\n\t\t\t\t<div class=\"elementor-widget-container\">\n\t\t\t\t\t\t\t\t\t<p>Visita nuestra secci\u00f3n de contact\u00f3 y solicita tu cotizaci\u00f3n de una forma muy f\u00e1cil y accesible.\u00a0<\/p>\t\t\t\t\t\t\t\t<\/div>\n\t\t\t\t<\/div>\n\t\t\t\t\t<\/div>\n\t\t<\/div>\n\t\t\t\t<div class=\"elementor-column elementor-col-33 elementor-top-column elementor-element elementor-element-f5bbf80\" data-id=\"f5bbf80\" data-element_type=\"column\">\n\t\t\t<div class=\"elementor-widget-wrap elementor-element-populated\">\n\t\t\t\t\t\t<div class=\"elementor-element elementor-element-5291ca5c elementor-align-right elementor-tablet-align-center elementor-widget elementor-widget-button\" data-id=\"5291ca5c\" data-element_type=\"widget\" data-widget_type=\"button.default\">\n\t\t\t\t<div class=\"elementor-widget-container\">\n\t\t\t\t\t\t\t\t\t<div class=\"elementor-button-wrapper\">\n\t\t\t\t\t<a class=\"elementor-button elementor-button-link elementor-size-sm\" href=\"https:\/\/iipsa.com\/d\/contacto\/\">\n\t\t\t\t\t\t<span class=\"elementor-button-content-wrapper\">\n\t\t\t\t\t\t\t\t\t<span class=\"elementor-button-text\">Solicitar cotizaci\u00f3n <\/span>\n\t\t\t\t\t<\/span>\n\t\t\t\t\t<\/a>\n\t\t\t\t<\/div>\n\t\t\t\t\t\t\t\t<\/div>\n\t\t\t\t<\/div>\n\t\t\t\t\t<\/div>\n\t\t<\/div>\n\t\t\t\t\t<\/div>\n\t\t<\/section>\n\t\t\t\t<\/div>\n\t\t","protected":false},"excerpt":{"rendered":"<p>TYPE HSR EZR CS 800 FL SERIES \u00bfTe gustar\u00eda conocer m\u00e1s? Visita nuestra secci\u00f3n de contact\u00f3 y solicita tu cotizaci\u00f3n de una forma muy f\u00e1cil y accesible.\u00a0 Solicitar cotizaci\u00f3n<\/p>\n","protected":false},"author":1,"featured_media":0,"parent":0,"menu_order":0,"comment_status":"closed","ping_status":"closed","template":"","meta":{"footnotes":""},"class_list":["post-768","page","type-page","status-publish","hentry"],"yoast_head":"<!-- This site is optimized with the Yoast SEO plugin v27.2 - https:\/\/yoast.com\/product\/yoast-seo-wordpress\/ -->\n<title>Reguladores de Presi\u00f3n - IIPSA<\/title>\n<meta name=\"robots\" content=\"index, follow, max-snippet:-1, max-image-preview:large, max-video-preview:-1\" \/>\n<link rel=\"canonical\" href=\"https:\/\/iipsa.com\/d\/reguladores-de-presion\/\" \/>\n<meta property=\"og:locale\" content=\"es_MX\" \/>\n<meta property=\"og:type\" content=\"article\" \/>\n<meta property=\"og:title\" content=\"Reguladores de Presi\u00f3n - IIPSA\" \/>\n<meta property=\"og:description\" content=\"TYPE HSR EZR CS 800 FL SERIES \u00bfTe gustar\u00eda conocer m\u00e1s? Visita nuestra secci\u00f3n de contact\u00f3 y solicita tu cotizaci\u00f3n de una forma muy f\u00e1cil y accesible.\u00a0 Solicitar cotizaci\u00f3n\" \/>\n<meta property=\"og:url\" content=\"https:\/\/iipsa.com\/d\/reguladores-de-presion\/\" \/>\n<meta property=\"og:site_name\" content=\"IIPSA\" \/>\n<meta property=\"article:modified_time\" content=\"2021-11-30T23:26:19+00:00\" \/>\n<meta property=\"og:image\" content=\"https:\/\/iipsa.com\/d\/wp-content\/uploads\/2021\/11\/regulador-fisher-hsr.jpg\" \/>\n<meta name=\"twitter:card\" content=\"summary_large_image\" \/>\n<script type=\"application\/ld+json\" class=\"yoast-schema-graph\">{\"@context\":\"https:\/\/schema.org\",\"@graph\":[{\"@type\":\"WebPage\",\"@id\":\"https:\/\/iipsa.com\/d\/reguladores-de-presion\/\",\"url\":\"https:\/\/iipsa.com\/d\/reguladores-de-presion\/\",\"name\":\"Reguladores de Presi\u00f3n - IIPSA\",\"isPartOf\":{\"@id\":\"https:\/\/iipsa.com\/d\/#website\"},\"primaryImageOfPage\":{\"@id\":\"https:\/\/iipsa.com\/d\/reguladores-de-presion\/#primaryimage\"},\"image\":{\"@id\":\"https:\/\/iipsa.com\/d\/reguladores-de-presion\/#primaryimage\"},\"thumbnailUrl\":\"https:\/\/iipsa.com\/d\/wp-content\/uploads\/2021\/11\/regulador-fisher-hsr.jpg\",\"datePublished\":\"2021-11-30T23:23:59+00:00\",\"dateModified\":\"2021-11-30T23:26:19+00:00\",\"breadcrumb\":{\"@id\":\"https:\/\/iipsa.com\/d\/reguladores-de-presion\/#breadcrumb\"},\"inLanguage\":\"es\",\"potentialAction\":[{\"@type\":\"ReadAction\",\"target\":[\"https:\/\/iipsa.com\/d\/reguladores-de-presion\/\"]}]},{\"@type\":\"ImageObject\",\"inLanguage\":\"es\",\"@id\":\"https:\/\/iipsa.com\/d\/reguladores-de-presion\/#primaryimage\",\"url\":\"https:\/\/iipsa.com\/d\/wp-content\/uploads\/2021\/11\/regulador-fisher-hsr.jpg\",\"contentUrl\":\"https:\/\/iipsa.com\/d\/wp-content\/uploads\/2021\/11\/regulador-fisher-hsr.jpg\",\"width\":750,\"height\":750},{\"@type\":\"BreadcrumbList\",\"@id\":\"https:\/\/iipsa.com\/d\/reguladores-de-presion\/#breadcrumb\",\"itemListElement\":[{\"@type\":\"ListItem\",\"position\":1,\"name\":\"Inicio\",\"item\":\"https:\/\/iipsa.com\/d\/\"},{\"@type\":\"ListItem\",\"position\":2,\"name\":\"Reguladores de Presi\u00f3n\"}]},{\"@type\":\"WebSite\",\"@id\":\"https:\/\/iipsa.com\/d\/#website\",\"url\":\"https:\/\/iipsa.com\/d\/\",\"name\":\"IIPSA\",\"description\":\"Automatizaci\u00f3n industrial\",\"potentialAction\":[{\"@type\":\"SearchAction\",\"target\":{\"@type\":\"EntryPoint\",\"urlTemplate\":\"https:\/\/iipsa.com\/d\/?s={search_term_string}\"},\"query-input\":{\"@type\":\"PropertyValueSpecification\",\"valueRequired\":true,\"valueName\":\"search_term_string\"}}],\"inLanguage\":\"es\"}]}<\/script>\n<!-- \/ Yoast SEO plugin. -->","yoast_head_json":{"title":"Reguladores de Presi\u00f3n - IIPSA","robots":{"index":"index","follow":"follow","max-snippet":"max-snippet:-1","max-image-preview":"max-image-preview:large","max-video-preview":"max-video-preview:-1"},"canonical":"https:\/\/iipsa.com\/d\/reguladores-de-presion\/","og_locale":"es_MX","og_type":"article","og_title":"Reguladores de Presi\u00f3n - IIPSA","og_description":"TYPE HSR EZR CS 800 FL SERIES \u00bfTe gustar\u00eda conocer m\u00e1s? Visita nuestra secci\u00f3n de contact\u00f3 y solicita tu cotizaci\u00f3n de una forma muy f\u00e1cil y accesible.\u00a0 Solicitar cotizaci\u00f3n","og_url":"https:\/\/iipsa.com\/d\/reguladores-de-presion\/","og_site_name":"IIPSA","article_modified_time":"2021-11-30T23:26:19+00:00","og_image":[{"url":"https:\/\/iipsa.com\/d\/wp-content\/uploads\/2021\/11\/regulador-fisher-hsr.jpg","type":"","width":"","height":""}],"twitter_card":"summary_large_image","schema":{"@context":"https:\/\/schema.org","@graph":[{"@type":"WebPage","@id":"https:\/\/iipsa.com\/d\/reguladores-de-presion\/","url":"https:\/\/iipsa.com\/d\/reguladores-de-presion\/","name":"Reguladores de Presi\u00f3n - IIPSA","isPartOf":{"@id":"https:\/\/iipsa.com\/d\/#website"},"primaryImageOfPage":{"@id":"https:\/\/iipsa.com\/d\/reguladores-de-presion\/#primaryimage"},"image":{"@id":"https:\/\/iipsa.com\/d\/reguladores-de-presion\/#primaryimage"},"thumbnailUrl":"https:\/\/iipsa.com\/d\/wp-content\/uploads\/2021\/11\/regulador-fisher-hsr.jpg","datePublished":"2021-11-30T23:23:59+00:00","dateModified":"2021-11-30T23:26:19+00:00","breadcrumb":{"@id":"https:\/\/iipsa.com\/d\/reguladores-de-presion\/#breadcrumb"},"inLanguage":"es","potentialAction":[{"@type":"ReadAction","target":["https:\/\/iipsa.com\/d\/reguladores-de-presion\/"]}]},{"@type":"ImageObject","inLanguage":"es","@id":"https:\/\/iipsa.com\/d\/reguladores-de-presion\/#primaryimage","url":"https:\/\/iipsa.com\/d\/wp-content\/uploads\/2021\/11\/regulador-fisher-hsr.jpg","contentUrl":"https:\/\/iipsa.com\/d\/wp-content\/uploads\/2021\/11\/regulador-fisher-hsr.jpg","width":750,"height":750},{"@type":"BreadcrumbList","@id":"https:\/\/iipsa.com\/d\/reguladores-de-presion\/#breadcrumb","itemListElement":[{"@type":"ListItem","position":1,"name":"Inicio","item":"https:\/\/iipsa.com\/d\/"},{"@type":"ListItem","position":2,"name":"Reguladores de Presi\u00f3n"}]},{"@type":"WebSite","@id":"https:\/\/iipsa.com\/d\/#website","url":"https:\/\/iipsa.com\/d\/","name":"IIPSA","description":"Automatizaci\u00f3n industrial","potentialAction":[{"@type":"SearchAction","target":{"@type":"EntryPoint","urlTemplate":"https:\/\/iipsa.com\/d\/?s={search_term_string}"},"query-input":{"@type":"PropertyValueSpecification","valueRequired":true,"valueName":"search_term_string"}}],"inLanguage":"es"}]}},"_links":{"self":[{"href":"https:\/\/iipsa.com\/d\/wp-json\/wp\/v2\/pages\/768","targetHints":{"allow":["GET"]}}],"collection":[{"href":"https:\/\/iipsa.com\/d\/wp-json\/wp\/v2\/pages"}],"about":[{"href":"https:\/\/iipsa.com\/d\/wp-json\/wp\/v2\/types\/page"}],"author":[{"embeddable":true,"href":"https:\/\/iipsa.com\/d\/wp-json\/wp\/v2\/users\/1"}],"replies":[{"embeddable":true,"href":"https:\/\/iipsa.com\/d\/wp-json\/wp\/v2\/comments?post=768"}],"version-history":[{"count":4,"href":"https:\/\/iipsa.com\/d\/wp-json\/wp\/v2\/pages\/768\/revisions"}],"predecessor-version":[{"id":777,"href":"https:\/\/iipsa.com\/d\/wp-json\/wp\/v2\/pages\/768\/revisions\/777"}],"wp:attachment":[{"href":"https:\/\/iipsa.com\/d\/wp-json\/wp\/v2\/media?parent=768"}],"curies":[{"name":"wp","href":"https:\/\/api.w.org\/{rel}","templated":true}]}}