{"id":778,"date":"2021-11-30T23:27:11","date_gmt":"2021-11-30T23:27:11","guid":{"rendered":"https:\/\/iipsa.com\/d\/?page_id=778"},"modified":"2021-11-30T23:33:43","modified_gmt":"2021-11-30T23:33:43","slug":"valvulas-de-aislamiento-con-recubrimiento-en-disco","status":"publish","type":"page","link":"https:\/\/iipsa.com\/d\/valvulas-de-aislamiento-con-recubrimiento-en-disco\/","title":{"rendered":"V\u00e1lvulas de Aislamiento con Recubrimiento en Disco"},"content":{"rendered":"\t\t<div data-elementor-type=\"wp-page\" data-elementor-id=\"778\" class=\"elementor elementor-778\" data-elementor-post-type=\"page\">\n\t\t\t\t\t\t<section class=\"elementor-section elementor-top-section elementor-element elementor-element-5bb4b8a2 elementor-section-height-min-height elementor-section-boxed elementor-section-height-default elementor-section-items-middle\" data-id=\"5bb4b8a2\" data-element_type=\"section\" data-settings=\"{&quot;background_background&quot;:&quot;classic&quot;}\">\n\t\t\t\t\t\t\t<div class=\"elementor-background-overlay\"><\/div>\n\t\t\t\t\t\t\t<div class=\"elementor-container elementor-column-gap-default\">\n\t\t\t\t\t<div class=\"elementor-column elementor-col-100 elementor-top-column elementor-element elementor-element-3ad0303d\" data-id=\"3ad0303d\" data-element_type=\"column\">\n\t\t\t<div class=\"elementor-widget-wrap elementor-element-populated\">\n\t\t\t\t\t\t\t<\/div>\n\t\t<\/div>\n\t\t\t\t\t<\/div>\n\t\t<\/section>\n\t\t\t\t<section class=\"elementor-section elementor-top-section elementor-element elementor-element-162e020f elementor-section-boxed elementor-section-height-default elementor-section-height-default\" data-id=\"162e020f\" data-element_type=\"section\">\n\t\t\t\t\t\t<div class=\"elementor-container elementor-column-gap-default\">\n\t\t\t\t\t<div class=\"elementor-column elementor-col-100 elementor-top-column elementor-element elementor-element-4c894ec0\" data-id=\"4c894ec0\" data-element_type=\"column\">\n\t\t\t<div class=\"elementor-widget-wrap elementor-element-populated\">\n\t\t\t\t\t\t<section class=\"elementor-section elementor-inner-section elementor-element elementor-element-71abe9bd elementor-section-boxed elementor-section-height-default elementor-section-height-default\" data-id=\"71abe9bd\" data-element_type=\"section\">\n\t\t\t\t\t\t<div class=\"elementor-container elementor-column-gap-default\">\n\t\t\t\t\t<div class=\"elementor-column elementor-col-33 elementor-inner-column elementor-element elementor-element-10b5e1e7\" data-id=\"10b5e1e7\" data-element_type=\"column\">\n\t\t\t<div class=\"elementor-widget-wrap elementor-element-populated\">\n\t\t\t\t\t\t<div class=\"elementor-element elementor-element-ca64b59 ekit-equal-height-enable elementor-widget elementor-widget-elementskit-image-box\" data-id=\"ca64b59\" data-element_type=\"widget\" data-widget_type=\"elementskit-image-box.default\">\n\t\t\t\t<div class=\"elementor-widget-container\">\n\t\t\t\t\t<div class=\"ekit-wid-con\" >\n            <div class=\"elementskit-info-image-box ekit-image-box text-center simple-card\" >\n\n                \n                <div class=\"elementskit-box-header image-box-img-center\">\n\n                    <img fetchpriority=\"high\" decoding=\"async\" width=\"750\" height=\"750\" src=\"https:\/\/iipsa.com\/d\/wp-content\/uploads\/2021\/11\/neotecha-ball.jpg\" class=\"attachment-medium_large size-medium_large wp-image-782\" alt=\"\" srcset=\"https:\/\/iipsa.com\/d\/wp-content\/uploads\/2021\/11\/neotecha-ball.jpg 750w, https:\/\/iipsa.com\/d\/wp-content\/uploads\/2021\/11\/neotecha-ball-300x300.jpg 300w, https:\/\/iipsa.com\/d\/wp-content\/uploads\/2021\/11\/neotecha-ball-150x150.jpg 150w\" sizes=\"(max-width: 750px) 100vw, 750px\" \/>\n                <\/div>\n                \n                <div class=\"elementskit-box-body ekit-image-box-body\">\n                    <div class=\"elementskit-box-content ekit-image-box-body-inner\">\n                                                <h3 class=\"elementskit-info-box-title\">\n\n                        NEOTECHA NEOSEAL\n                        \n                    <\/h3>\n                                                            <div class=\"elementskit-box-style-content\">\n                        V\u00e1lvula revestida para fluidos altamente corrosivos, l\u00edquidos, gases y lechada.                    <\/div>\n                                    <\/div>\n\n                            <\/div>\n            <\/div>\n    <\/div>\t\t\t\t<\/div>\n\t\t\t\t<\/div>\n\t\t\t\t\t<\/div>\n\t\t<\/div>\n\t\t\t\t<div class=\"elementor-column elementor-col-33 elementor-inner-column elementor-element elementor-element-9924db7\" data-id=\"9924db7\" data-element_type=\"column\">\n\t\t\t<div class=\"elementor-widget-wrap elementor-element-populated\">\n\t\t\t\t\t\t<div class=\"elementor-element elementor-element-51002d34 ekit-equal-height-enable elementor-widget elementor-widget-elementskit-image-box\" data-id=\"51002d34\" data-element_type=\"widget\" data-widget_type=\"elementskit-image-box.default\">\n\t\t\t\t<div class=\"elementor-widget-container\">\n\t\t\t\t\t<div class=\"ekit-wid-con\" >\n            <div class=\"elementskit-info-image-box ekit-image-box text-center simple-card\" >\n\n                \n                <div class=\"elementskit-box-header image-box-img-center\">\n\n                    <img decoding=\"async\" width=\"750\" height=\"750\" src=\"https:\/\/iipsa.com\/d\/wp-content\/uploads\/2021\/11\/neotecha-neoseal.jpg\" class=\"attachment-medium_large size-medium_large wp-image-781\" alt=\"\" srcset=\"https:\/\/iipsa.com\/d\/wp-content\/uploads\/2021\/11\/neotecha-neoseal.jpg 750w, https:\/\/iipsa.com\/d\/wp-content\/uploads\/2021\/11\/neotecha-neoseal-300x300.jpg 300w, https:\/\/iipsa.com\/d\/wp-content\/uploads\/2021\/11\/neotecha-neoseal-150x150.jpg 150w\" sizes=\"(max-width: 750px) 100vw, 750px\" \/>\n                <\/div>\n                \n                <div class=\"elementskit-box-body ekit-image-box-body\">\n                    <div class=\"elementskit-box-content ekit-image-box-body-inner\">\n                                                <h3 class=\"elementskit-info-box-title\">\n\n                        NEOTECHA BALL\n                        \n                    <\/h3>\n                                                            <div class=\"elementskit-box-style-content\">\n                        V\u00e1lvulas revestidas para aislamiento y control en aplicaciones corrosivas y venenosas.                    <\/div>\n                                    <\/div>\n\n                            <\/div>\n            <\/div>\n    <\/div>\t\t\t\t<\/div>\n\t\t\t\t<\/div>\n\t\t\t\t\t<\/div>\n\t\t<\/div>\n\t\t\t\t<div class=\"elementor-column elementor-col-33 elementor-inner-column elementor-element elementor-element-29e70b1d\" data-id=\"29e70b1d\" data-element_type=\"column\">\n\t\t\t<div class=\"elementor-widget-wrap\">\n\t\t\t\t\t\t\t<\/div>\n\t\t<\/div>\n\t\t\t\t\t<\/div>\n\t\t<\/section>\n\t\t\t\t\t<\/div>\n\t\t<\/div>\n\t\t\t\t\t<\/div>\n\t\t<\/section>\n\t\t\t\t<section class=\"elementor-section elementor-top-section elementor-element elementor-element-5c98b114 elementor-section-boxed elementor-section-height-default elementor-section-height-default\" data-id=\"5c98b114\" data-element_type=\"section\" data-settings=\"{&quot;background_background&quot;:&quot;classic&quot;}\">\n\t\t\t\t\t\t\t<div class=\"elementor-background-overlay\"><\/div>\n\t\t\t\t\t\t\t<div class=\"elementor-container elementor-column-gap-default\">\n\t\t\t\t\t<div class=\"elementor-column elementor-col-66 elementor-top-column elementor-element elementor-element-761f4787\" data-id=\"761f4787\" data-element_type=\"column\">\n\t\t\t<div class=\"elementor-widget-wrap elementor-element-populated\">\n\t\t\t\t\t\t<div class=\"elementor-element elementor-element-724fd261 elementor-widget elementor-widget-heading\" data-id=\"724fd261\" data-element_type=\"widget\" data-widget_type=\"heading.default\">\n\t\t\t\t<div class=\"elementor-widget-container\">\n\t\t\t\t\t<h2 class=\"elementor-heading-title elementor-size-default\">\u00bfTe gustar\u00eda conocer m\u00e1s?<\/h2>\t\t\t\t<\/div>\n\t\t\t\t<\/div>\n\t\t\t\t<div class=\"elementor-element elementor-element-70f28647 elementor-widget elementor-widget-text-editor\" data-id=\"70f28647\" data-element_type=\"widget\" data-widget_type=\"text-editor.default\">\n\t\t\t\t<div class=\"elementor-widget-container\">\n\t\t\t\t\t\t\t\t\t<p>Visita nuestra secci\u00f3n de contact\u00f3 y solicita tu cotizaci\u00f3n de una forma muy f\u00e1cil y accesible.\u00a0<\/p>\t\t\t\t\t\t\t\t<\/div>\n\t\t\t\t<\/div>\n\t\t\t\t\t<\/div>\n\t\t<\/div>\n\t\t\t\t<div class=\"elementor-column elementor-col-33 elementor-top-column elementor-element elementor-element-2cf1d946\" data-id=\"2cf1d946\" data-element_type=\"column\">\n\t\t\t<div class=\"elementor-widget-wrap elementor-element-populated\">\n\t\t\t\t\t\t<div class=\"elementor-element elementor-element-12e887d9 elementor-align-right elementor-tablet-align-center elementor-widget elementor-widget-button\" data-id=\"12e887d9\" data-element_type=\"widget\" data-widget_type=\"button.default\">\n\t\t\t\t<div class=\"elementor-widget-container\">\n\t\t\t\t\t\t\t\t\t<div class=\"elementor-button-wrapper\">\n\t\t\t\t\t<a class=\"elementor-button elementor-button-link elementor-size-sm\" href=\"https:\/\/iipsa.com\/d\/contacto\/\">\n\t\t\t\t\t\t<span class=\"elementor-button-content-wrapper\">\n\t\t\t\t\t\t\t\t\t<span class=\"elementor-button-text\">Solicitar cotizaci\u00f3n <\/span>\n\t\t\t\t\t<\/span>\n\t\t\t\t\t<\/a>\n\t\t\t\t<\/div>\n\t\t\t\t\t\t\t\t<\/div>\n\t\t\t\t<\/div>\n\t\t\t\t\t<\/div>\n\t\t<\/div>\n\t\t\t\t\t<\/div>\n\t\t<\/section>\n\t\t\t\t<\/div>\n\t\t","protected":false},"excerpt":{"rendered":"<p>NEOTECHA NEOSEAL V\u00e1lvula revestida para fluidos altamente corrosivos, l\u00edquidos, gases y lechada. NEOTECHA BALL V\u00e1lvulas revestidas para aislamiento y control en aplicaciones corrosivas y venenosas. \u00bfTe gustar\u00eda conocer m\u00e1s? Visita nuestra secci\u00f3n de contact\u00f3 y solicita tu cotizaci\u00f3n de una forma muy f\u00e1cil y accesible.\u00a0 Solicitar cotizaci\u00f3n<\/p>\n","protected":false},"author":1,"featured_media":0,"parent":0,"menu_order":0,"comment_status":"closed","ping_status":"closed","template":"","meta":{"footnotes":""},"class_list":["post-778","page","type-page","status-publish","hentry"],"yoast_head":"<!-- This site is optimized with the Yoast SEO plugin v27.2 - https:\/\/yoast.com\/product\/yoast-seo-wordpress\/ -->\n<title>V\u00e1lvulas de Aislamiento con Recubrimiento en Disco - IIPSA<\/title>\n<meta name=\"robots\" content=\"index, follow, max-snippet:-1, max-image-preview:large, max-video-preview:-1\" \/>\n<link rel=\"canonical\" href=\"https:\/\/iipsa.com\/d\/valvulas-de-aislamiento-con-recubrimiento-en-disco\/\" \/>\n<meta property=\"og:locale\" content=\"es_MX\" \/>\n<meta property=\"og:type\" content=\"article\" \/>\n<meta property=\"og:title\" content=\"V\u00e1lvulas de Aislamiento con Recubrimiento en Disco - IIPSA\" \/>\n<meta property=\"og:description\" content=\"NEOTECHA NEOSEAL V\u00e1lvula revestida para fluidos altamente corrosivos, l\u00edquidos, gases y lechada. NEOTECHA BALL V\u00e1lvulas revestidas para aislamiento y control en aplicaciones corrosivas y venenosas. \u00bfTe gustar\u00eda conocer m\u00e1s? Visita nuestra secci\u00f3n de contact\u00f3 y solicita tu cotizaci\u00f3n de una forma muy f\u00e1cil y accesible.\u00a0 Solicitar cotizaci\u00f3n\" \/>\n<meta property=\"og:url\" content=\"https:\/\/iipsa.com\/d\/valvulas-de-aislamiento-con-recubrimiento-en-disco\/\" \/>\n<meta property=\"og:site_name\" content=\"IIPSA\" \/>\n<meta property=\"article:modified_time\" content=\"2021-11-30T23:33:43+00:00\" \/>\n<meta property=\"og:image\" content=\"https:\/\/iipsa.com\/d\/wp-content\/uploads\/2021\/11\/neotecha-ball.jpg\" \/>\n<meta name=\"twitter:card\" content=\"summary_large_image\" \/>\n<script type=\"application\/ld+json\" class=\"yoast-schema-graph\">{\"@context\":\"https:\/\/schema.org\",\"@graph\":[{\"@type\":\"WebPage\",\"@id\":\"https:\/\/iipsa.com\/d\/valvulas-de-aislamiento-con-recubrimiento-en-disco\/\",\"url\":\"https:\/\/iipsa.com\/d\/valvulas-de-aislamiento-con-recubrimiento-en-disco\/\",\"name\":\"V\u00e1lvulas de Aislamiento con Recubrimiento en Disco - IIPSA\",\"isPartOf\":{\"@id\":\"https:\/\/iipsa.com\/d\/#website\"},\"primaryImageOfPage\":{\"@id\":\"https:\/\/iipsa.com\/d\/valvulas-de-aislamiento-con-recubrimiento-en-disco\/#primaryimage\"},\"image\":{\"@id\":\"https:\/\/iipsa.com\/d\/valvulas-de-aislamiento-con-recubrimiento-en-disco\/#primaryimage\"},\"thumbnailUrl\":\"https:\/\/iipsa.com\/d\/wp-content\/uploads\/2021\/11\/neotecha-ball.jpg\",\"datePublished\":\"2021-11-30T23:27:11+00:00\",\"dateModified\":\"2021-11-30T23:33:43+00:00\",\"breadcrumb\":{\"@id\":\"https:\/\/iipsa.com\/d\/valvulas-de-aislamiento-con-recubrimiento-en-disco\/#breadcrumb\"},\"inLanguage\":\"es\",\"potentialAction\":[{\"@type\":\"ReadAction\",\"target\":[\"https:\/\/iipsa.com\/d\/valvulas-de-aislamiento-con-recubrimiento-en-disco\/\"]}]},{\"@type\":\"ImageObject\",\"inLanguage\":\"es\",\"@id\":\"https:\/\/iipsa.com\/d\/valvulas-de-aislamiento-con-recubrimiento-en-disco\/#primaryimage\",\"url\":\"https:\/\/iipsa.com\/d\/wp-content\/uploads\/2021\/11\/neotecha-ball.jpg\",\"contentUrl\":\"https:\/\/iipsa.com\/d\/wp-content\/uploads\/2021\/11\/neotecha-ball.jpg\",\"width\":750,\"height\":750},{\"@type\":\"BreadcrumbList\",\"@id\":\"https:\/\/iipsa.com\/d\/valvulas-de-aislamiento-con-recubrimiento-en-disco\/#breadcrumb\",\"itemListElement\":[{\"@type\":\"ListItem\",\"position\":1,\"name\":\"Inicio\",\"item\":\"https:\/\/iipsa.com\/d\/\"},{\"@type\":\"ListItem\",\"position\":2,\"name\":\"V\u00e1lvulas de Aislamiento con Recubrimiento en Disco\"}]},{\"@type\":\"WebSite\",\"@id\":\"https:\/\/iipsa.com\/d\/#website\",\"url\":\"https:\/\/iipsa.com\/d\/\",\"name\":\"IIPSA\",\"description\":\"Automatizaci\u00f3n industrial\",\"potentialAction\":[{\"@type\":\"SearchAction\",\"target\":{\"@type\":\"EntryPoint\",\"urlTemplate\":\"https:\/\/iipsa.com\/d\/?s={search_term_string}\"},\"query-input\":{\"@type\":\"PropertyValueSpecification\",\"valueRequired\":true,\"valueName\":\"search_term_string\"}}],\"inLanguage\":\"es\"}]}<\/script>\n<!-- \/ Yoast SEO plugin. -->","yoast_head_json":{"title":"V\u00e1lvulas de Aislamiento con Recubrimiento en Disco - IIPSA","robots":{"index":"index","follow":"follow","max-snippet":"max-snippet:-1","max-image-preview":"max-image-preview:large","max-video-preview":"max-video-preview:-1"},"canonical":"https:\/\/iipsa.com\/d\/valvulas-de-aislamiento-con-recubrimiento-en-disco\/","og_locale":"es_MX","og_type":"article","og_title":"V\u00e1lvulas de Aislamiento con Recubrimiento en Disco - IIPSA","og_description":"NEOTECHA NEOSEAL V\u00e1lvula revestida para fluidos altamente corrosivos, l\u00edquidos, gases y lechada. NEOTECHA BALL V\u00e1lvulas revestidas para aislamiento y control en aplicaciones corrosivas y venenosas. \u00bfTe gustar\u00eda conocer m\u00e1s? Visita nuestra secci\u00f3n de contact\u00f3 y solicita tu cotizaci\u00f3n de una forma muy f\u00e1cil y accesible.\u00a0 Solicitar cotizaci\u00f3n","og_url":"https:\/\/iipsa.com\/d\/valvulas-de-aislamiento-con-recubrimiento-en-disco\/","og_site_name":"IIPSA","article_modified_time":"2021-11-30T23:33:43+00:00","og_image":[{"url":"https:\/\/iipsa.com\/d\/wp-content\/uploads\/2021\/11\/neotecha-ball.jpg","type":"","width":"","height":""}],"twitter_card":"summary_large_image","schema":{"@context":"https:\/\/schema.org","@graph":[{"@type":"WebPage","@id":"https:\/\/iipsa.com\/d\/valvulas-de-aislamiento-con-recubrimiento-en-disco\/","url":"https:\/\/iipsa.com\/d\/valvulas-de-aislamiento-con-recubrimiento-en-disco\/","name":"V\u00e1lvulas de Aislamiento con Recubrimiento en Disco - IIPSA","isPartOf":{"@id":"https:\/\/iipsa.com\/d\/#website"},"primaryImageOfPage":{"@id":"https:\/\/iipsa.com\/d\/valvulas-de-aislamiento-con-recubrimiento-en-disco\/#primaryimage"},"image":{"@id":"https:\/\/iipsa.com\/d\/valvulas-de-aislamiento-con-recubrimiento-en-disco\/#primaryimage"},"thumbnailUrl":"https:\/\/iipsa.com\/d\/wp-content\/uploads\/2021\/11\/neotecha-ball.jpg","datePublished":"2021-11-30T23:27:11+00:00","dateModified":"2021-11-30T23:33:43+00:00","breadcrumb":{"@id":"https:\/\/iipsa.com\/d\/valvulas-de-aislamiento-con-recubrimiento-en-disco\/#breadcrumb"},"inLanguage":"es","potentialAction":[{"@type":"ReadAction","target":["https:\/\/iipsa.com\/d\/valvulas-de-aislamiento-con-recubrimiento-en-disco\/"]}]},{"@type":"ImageObject","inLanguage":"es","@id":"https:\/\/iipsa.com\/d\/valvulas-de-aislamiento-con-recubrimiento-en-disco\/#primaryimage","url":"https:\/\/iipsa.com\/d\/wp-content\/uploads\/2021\/11\/neotecha-ball.jpg","contentUrl":"https:\/\/iipsa.com\/d\/wp-content\/uploads\/2021\/11\/neotecha-ball.jpg","width":750,"height":750},{"@type":"BreadcrumbList","@id":"https:\/\/iipsa.com\/d\/valvulas-de-aislamiento-con-recubrimiento-en-disco\/#breadcrumb","itemListElement":[{"@type":"ListItem","position":1,"name":"Inicio","item":"https:\/\/iipsa.com\/d\/"},{"@type":"ListItem","position":2,"name":"V\u00e1lvulas de Aislamiento con Recubrimiento en Disco"}]},{"@type":"WebSite","@id":"https:\/\/iipsa.com\/d\/#website","url":"https:\/\/iipsa.com\/d\/","name":"IIPSA","description":"Automatizaci\u00f3n industrial","potentialAction":[{"@type":"SearchAction","target":{"@type":"EntryPoint","urlTemplate":"https:\/\/iipsa.com\/d\/?s={search_term_string}"},"query-input":{"@type":"PropertyValueSpecification","valueRequired":true,"valueName":"search_term_string"}}],"inLanguage":"es"}]}},"_links":{"self":[{"href":"https:\/\/iipsa.com\/d\/wp-json\/wp\/v2\/pages\/778","targetHints":{"allow":["GET"]}}],"collection":[{"href":"https:\/\/iipsa.com\/d\/wp-json\/wp\/v2\/pages"}],"about":[{"href":"https:\/\/iipsa.com\/d\/wp-json\/wp\/v2\/types\/page"}],"author":[{"embeddable":true,"href":"https:\/\/iipsa.com\/d\/wp-json\/wp\/v2\/users\/1"}],"replies":[{"embeddable":true,"href":"https:\/\/iipsa.com\/d\/wp-json\/wp\/v2\/comments?post=778"}],"version-history":[{"count":7,"href":"https:\/\/iipsa.com\/d\/wp-json\/wp\/v2\/pages\/778\/revisions"}],"predecessor-version":[{"id":789,"href":"https:\/\/iipsa.com\/d\/wp-json\/wp\/v2\/pages\/778\/revisions\/789"}],"wp:attachment":[{"href":"https:\/\/iipsa.com\/d\/wp-json\/wp\/v2\/media?parent=778"}],"curies":[{"name":"wp","href":"https:\/\/api.w.org\/{rel}","templated":true}]}}