{"id":790,"date":"2021-11-30T23:34:12","date_gmt":"2021-11-30T23:34:12","guid":{"rendered":"https:\/\/iipsa.com\/d\/?page_id=790"},"modified":"2021-11-30T23:40:31","modified_gmt":"2021-11-30T23:40:31","slug":"valvulas-de-aislamiento-tipo-globo","status":"publish","type":"page","link":"https:\/\/iipsa.com\/d\/valvulas-de-aislamiento-tipo-globo\/","title":{"rendered":"V\u00e1lvulas de Aislamiento Tipo Globo"},"content":{"rendered":"\t\t<div data-elementor-type=\"wp-page\" data-elementor-id=\"790\" class=\"elementor elementor-790\" data-elementor-post-type=\"page\">\n\t\t\t\t\t\t<section class=\"elementor-section elementor-top-section elementor-element elementor-element-4f1992b6 elementor-section-height-min-height elementor-section-boxed elementor-section-height-default elementor-section-items-middle\" data-id=\"4f1992b6\" data-element_type=\"section\" data-settings=\"{&quot;background_background&quot;:&quot;classic&quot;}\">\n\t\t\t\t\t\t\t<div class=\"elementor-background-overlay\"><\/div>\n\t\t\t\t\t\t\t<div class=\"elementor-container elementor-column-gap-default\">\n\t\t\t\t\t<div class=\"elementor-column elementor-col-100 elementor-top-column elementor-element elementor-element-4b7ff8e\" data-id=\"4b7ff8e\" data-element_type=\"column\">\n\t\t\t<div class=\"elementor-widget-wrap elementor-element-populated\">\n\t\t\t\t\t\t\t<\/div>\n\t\t<\/div>\n\t\t\t\t\t<\/div>\n\t\t<\/section>\n\t\t\t\t<section class=\"elementor-section elementor-top-section elementor-element elementor-element-1c5db53c elementor-section-boxed elementor-section-height-default elementor-section-height-default\" data-id=\"1c5db53c\" data-element_type=\"section\">\n\t\t\t\t\t\t<div class=\"elementor-container elementor-column-gap-default\">\n\t\t\t\t\t<div class=\"elementor-column elementor-col-100 elementor-top-column elementor-element elementor-element-1c17a1aa\" data-id=\"1c17a1aa\" data-element_type=\"column\">\n\t\t\t<div class=\"elementor-widget-wrap elementor-element-populated\">\n\t\t\t\t\t\t<section class=\"elementor-section elementor-inner-section elementor-element elementor-element-74c10bc4 elementor-section-boxed elementor-section-height-default elementor-section-height-default\" data-id=\"74c10bc4\" data-element_type=\"section\">\n\t\t\t\t\t\t<div class=\"elementor-container elementor-column-gap-default\">\n\t\t\t\t\t<div class=\"elementor-column elementor-col-33 elementor-inner-column elementor-element elementor-element-5408221b\" data-id=\"5408221b\" data-element_type=\"column\">\n\t\t\t<div class=\"elementor-widget-wrap elementor-element-populated\">\n\t\t\t\t\t\t<div class=\"elementor-element elementor-element-4301dbed ekit-equal-height-enable elementor-widget elementor-widget-elementskit-image-box\" data-id=\"4301dbed\" data-element_type=\"widget\" data-widget_type=\"elementskit-image-box.default\">\n\t\t\t\t<div class=\"elementor-widget-container\">\n\t\t\t\t\t<div class=\"ekit-wid-con\" >\n            <div class=\"elementskit-info-image-box ekit-image-box text-center simple-card\" >\n\n                \n                <div class=\"elementskit-box-header image-box-img-center\">\n\n                    <img fetchpriority=\"high\" decoding=\"async\" width=\"750\" height=\"750\" src=\"https:\/\/iipsa.com\/d\/wp-content\/uploads\/2021\/11\/yarway.jpg\" class=\"attachment-medium_large size-medium_large wp-image-793\" alt=\"\" srcset=\"https:\/\/iipsa.com\/d\/wp-content\/uploads\/2021\/11\/yarway.jpg 750w, https:\/\/iipsa.com\/d\/wp-content\/uploads\/2021\/11\/yarway-300x300.jpg 300w, https:\/\/iipsa.com\/d\/wp-content\/uploads\/2021\/11\/yarway-150x150.jpg 150w\" sizes=\"(max-width: 750px) 100vw, 750px\" \/>\n                <\/div>\n                \n                <div class=\"elementskit-box-body ekit-image-box-body\">\n                    <div class=\"elementskit-box-content ekit-image-box-body-inner\">\n                                                <h3 class=\"elementskit-info-box-title\">\n\n                        YARWAI WELBOND\n                        \n                    <\/h3>\n                                                        <\/div>\n\n                            <\/div>\n            <\/div>\n    <\/div>\t\t\t\t<\/div>\n\t\t\t\t<\/div>\n\t\t\t\t\t<\/div>\n\t\t<\/div>\n\t\t\t\t<div class=\"elementor-column elementor-col-33 elementor-inner-column elementor-element elementor-element-fb62437\" data-id=\"fb62437\" data-element_type=\"column\">\n\t\t\t<div class=\"elementor-widget-wrap elementor-element-populated\">\n\t\t\t\t\t\t<div class=\"elementor-element elementor-element-39365020 ekit-equal-height-enable elementor-widget elementor-widget-elementskit-image-box\" data-id=\"39365020\" data-element_type=\"widget\" data-widget_type=\"elementskit-image-box.default\">\n\t\t\t\t<div class=\"elementor-widget-container\">\n\t\t\t\t\t<div class=\"ekit-wid-con\" >\n            <div class=\"elementskit-info-image-box ekit-image-box text-center simple-card\" >\n\n                \n                <div class=\"elementskit-box-header image-box-img-center\">\n\n                    <img decoding=\"async\" width=\"750\" height=\"750\" src=\"https:\/\/iipsa.com\/d\/wp-content\/uploads\/2021\/11\/welbond-5600.jpg\" class=\"attachment-medium_large size-medium_large wp-image-794\" alt=\"\" srcset=\"https:\/\/iipsa.com\/d\/wp-content\/uploads\/2021\/11\/welbond-5600.jpg 750w, https:\/\/iipsa.com\/d\/wp-content\/uploads\/2021\/11\/welbond-5600-300x300.jpg 300w, https:\/\/iipsa.com\/d\/wp-content\/uploads\/2021\/11\/welbond-5600-150x150.jpg 150w\" sizes=\"(max-width: 750px) 100vw, 750px\" \/>\n                <\/div>\n                \n                <div class=\"elementskit-box-body ekit-image-box-body\">\n                    <div class=\"elementskit-box-content ekit-image-box-body-inner\">\n                                                <h3 class=\"elementskit-info-box-title\">\n\n                        WELBOND 5600 ALTA PRESI\u00d3N\n                        \n                    <\/h3>\n                                                            <div class=\"elementskit-box-style-content\">\n                        -Cuerpo forjado sin bonete.<BR>\n\u2013 Disponible en clases ANSI 1700, 2700 y 4500.<BR>\n\u2013 Dise\u00f1o de cuerpo de una pieza.<BR>\n\u2013 Capacidad de ser automatizada.<BR>\n\u2013 Puede repararse en l\u00ednea montada en tuber\u00eda.                    <\/div>\n                                    <\/div>\n\n                            <\/div>\n            <\/div>\n    <\/div>\t\t\t\t<\/div>\n\t\t\t\t<\/div>\n\t\t\t\t\t<\/div>\n\t\t<\/div>\n\t\t\t\t<div class=\"elementor-column elementor-col-33 elementor-inner-column elementor-element elementor-element-f4402b2\" data-id=\"f4402b2\" data-element_type=\"column\">\n\t\t\t<div class=\"elementor-widget-wrap\">\n\t\t\t\t\t\t\t<\/div>\n\t\t<\/div>\n\t\t\t\t\t<\/div>\n\t\t<\/section>\n\t\t\t\t\t<\/div>\n\t\t<\/div>\n\t\t\t\t\t<\/div>\n\t\t<\/section>\n\t\t\t\t<section class=\"elementor-section elementor-top-section elementor-element elementor-element-cc189f0 elementor-section-boxed elementor-section-height-default elementor-section-height-default\" data-id=\"cc189f0\" data-element_type=\"section\" data-settings=\"{&quot;background_background&quot;:&quot;classic&quot;}\">\n\t\t\t\t\t\t\t<div class=\"elementor-background-overlay\"><\/div>\n\t\t\t\t\t\t\t<div class=\"elementor-container elementor-column-gap-default\">\n\t\t\t\t\t<div class=\"elementor-column elementor-col-66 elementor-top-column elementor-element elementor-element-ef491b7\" data-id=\"ef491b7\" data-element_type=\"column\">\n\t\t\t<div class=\"elementor-widget-wrap elementor-element-populated\">\n\t\t\t\t\t\t<div class=\"elementor-element elementor-element-13ad219c elementor-widget elementor-widget-heading\" data-id=\"13ad219c\" data-element_type=\"widget\" data-widget_type=\"heading.default\">\n\t\t\t\t<div class=\"elementor-widget-container\">\n\t\t\t\t\t<h2 class=\"elementor-heading-title elementor-size-default\">\u00bfTe gustar\u00eda conocer m\u00e1s?<\/h2>\t\t\t\t<\/div>\n\t\t\t\t<\/div>\n\t\t\t\t<div class=\"elementor-element elementor-element-39965551 elementor-widget elementor-widget-text-editor\" data-id=\"39965551\" data-element_type=\"widget\" data-widget_type=\"text-editor.default\">\n\t\t\t\t<div class=\"elementor-widget-container\">\n\t\t\t\t\t\t\t\t\t<p>Visita nuestra secci\u00f3n de contact\u00f3 y solicita tu cotizaci\u00f3n de una forma muy f\u00e1cil y accesible.\u00a0<\/p>\t\t\t\t\t\t\t\t<\/div>\n\t\t\t\t<\/div>\n\t\t\t\t\t<\/div>\n\t\t<\/div>\n\t\t\t\t<div class=\"elementor-column elementor-col-33 elementor-top-column elementor-element elementor-element-76068956\" data-id=\"76068956\" data-element_type=\"column\">\n\t\t\t<div class=\"elementor-widget-wrap elementor-element-populated\">\n\t\t\t\t\t\t<div class=\"elementor-element elementor-element-31adeaa7 elementor-align-right elementor-tablet-align-center elementor-widget elementor-widget-button\" data-id=\"31adeaa7\" data-element_type=\"widget\" data-widget_type=\"button.default\">\n\t\t\t\t<div class=\"elementor-widget-container\">\n\t\t\t\t\t\t\t\t\t<div class=\"elementor-button-wrapper\">\n\t\t\t\t\t<a class=\"elementor-button elementor-button-link elementor-size-sm\" href=\"https:\/\/iipsa.com\/d\/contacto\/\">\n\t\t\t\t\t\t<span class=\"elementor-button-content-wrapper\">\n\t\t\t\t\t\t\t\t\t<span class=\"elementor-button-text\">Solicitar cotizaci\u00f3n <\/span>\n\t\t\t\t\t<\/span>\n\t\t\t\t\t<\/a>\n\t\t\t\t<\/div>\n\t\t\t\t\t\t\t\t<\/div>\n\t\t\t\t<\/div>\n\t\t\t\t\t<\/div>\n\t\t<\/div>\n\t\t\t\t\t<\/div>\n\t\t<\/section>\n\t\t\t\t<\/div>\n\t\t","protected":false},"excerpt":{"rendered":"<p>YARWAI WELBOND WELBOND 5600 ALTA PRESI\u00d3N -Cuerpo forjado sin bonete. \u2013 Disponible en clases ANSI 1700, 2700 y 4500. \u2013 Dise\u00f1o de cuerpo de una pieza. \u2013 Capacidad de ser automatizada. \u2013 Puede repararse en l\u00ednea montada en tuber\u00eda. \u00bfTe gustar\u00eda conocer m\u00e1s? Visita nuestra secci\u00f3n de contact\u00f3 y solicita tu cotizaci\u00f3n de una forma [&hellip;]<\/p>\n","protected":false},"author":1,"featured_media":0,"parent":0,"menu_order":0,"comment_status":"closed","ping_status":"closed","template":"","meta":{"footnotes":""},"class_list":["post-790","page","type-page","status-publish","hentry"],"yoast_head":"<!-- This site is optimized with the Yoast SEO plugin v27.2 - https:\/\/yoast.com\/product\/yoast-seo-wordpress\/ -->\n<title>V\u00e1lvulas de Aislamiento Tipo Globo - IIPSA<\/title>\n<meta name=\"robots\" content=\"index, follow, max-snippet:-1, max-image-preview:large, max-video-preview:-1\" \/>\n<link rel=\"canonical\" href=\"https:\/\/iipsa.com\/d\/valvulas-de-aislamiento-tipo-globo\/\" \/>\n<meta property=\"og:locale\" content=\"es_MX\" \/>\n<meta property=\"og:type\" content=\"article\" \/>\n<meta property=\"og:title\" content=\"V\u00e1lvulas de Aislamiento Tipo Globo - IIPSA\" \/>\n<meta property=\"og:description\" content=\"YARWAI WELBOND WELBOND 5600 ALTA PRESI\u00d3N -Cuerpo forjado sin bonete. \u2013 Disponible en clases ANSI 1700, 2700 y 4500. \u2013 Dise\u00f1o de cuerpo de una pieza. \u2013 Capacidad de ser automatizada. \u2013 Puede repararse en l\u00ednea montada en tuber\u00eda. \u00bfTe gustar\u00eda conocer m\u00e1s? Visita nuestra secci\u00f3n de contact\u00f3 y solicita tu cotizaci\u00f3n de una forma [&hellip;]\" \/>\n<meta property=\"og:url\" content=\"https:\/\/iipsa.com\/d\/valvulas-de-aislamiento-tipo-globo\/\" \/>\n<meta property=\"og:site_name\" content=\"IIPSA\" \/>\n<meta property=\"article:modified_time\" content=\"2021-11-30T23:40:31+00:00\" \/>\n<meta property=\"og:image\" content=\"https:\/\/iipsa.com\/d\/wp-content\/uploads\/2021\/11\/yarway.jpg\" \/>\n<meta name=\"twitter:card\" content=\"summary_large_image\" \/>\n<script type=\"application\/ld+json\" class=\"yoast-schema-graph\">{\"@context\":\"https:\/\/schema.org\",\"@graph\":[{\"@type\":\"WebPage\",\"@id\":\"https:\/\/iipsa.com\/d\/valvulas-de-aislamiento-tipo-globo\/\",\"url\":\"https:\/\/iipsa.com\/d\/valvulas-de-aislamiento-tipo-globo\/\",\"name\":\"V\u00e1lvulas de Aislamiento Tipo Globo - IIPSA\",\"isPartOf\":{\"@id\":\"https:\/\/iipsa.com\/d\/#website\"},\"primaryImageOfPage\":{\"@id\":\"https:\/\/iipsa.com\/d\/valvulas-de-aislamiento-tipo-globo\/#primaryimage\"},\"image\":{\"@id\":\"https:\/\/iipsa.com\/d\/valvulas-de-aislamiento-tipo-globo\/#primaryimage\"},\"thumbnailUrl\":\"https:\/\/iipsa.com\/d\/wp-content\/uploads\/2021\/11\/yarway.jpg\",\"datePublished\":\"2021-11-30T23:34:12+00:00\",\"dateModified\":\"2021-11-30T23:40:31+00:00\",\"breadcrumb\":{\"@id\":\"https:\/\/iipsa.com\/d\/valvulas-de-aislamiento-tipo-globo\/#breadcrumb\"},\"inLanguage\":\"es\",\"potentialAction\":[{\"@type\":\"ReadAction\",\"target\":[\"https:\/\/iipsa.com\/d\/valvulas-de-aislamiento-tipo-globo\/\"]}]},{\"@type\":\"ImageObject\",\"inLanguage\":\"es\",\"@id\":\"https:\/\/iipsa.com\/d\/valvulas-de-aislamiento-tipo-globo\/#primaryimage\",\"url\":\"https:\/\/iipsa.com\/d\/wp-content\/uploads\/2021\/11\/yarway.jpg\",\"contentUrl\":\"https:\/\/iipsa.com\/d\/wp-content\/uploads\/2021\/11\/yarway.jpg\",\"width\":750,\"height\":750},{\"@type\":\"BreadcrumbList\",\"@id\":\"https:\/\/iipsa.com\/d\/valvulas-de-aislamiento-tipo-globo\/#breadcrumb\",\"itemListElement\":[{\"@type\":\"ListItem\",\"position\":1,\"name\":\"Inicio\",\"item\":\"https:\/\/iipsa.com\/d\/\"},{\"@type\":\"ListItem\",\"position\":2,\"name\":\"V\u00e1lvulas de Aislamiento Tipo Globo\"}]},{\"@type\":\"WebSite\",\"@id\":\"https:\/\/iipsa.com\/d\/#website\",\"url\":\"https:\/\/iipsa.com\/d\/\",\"name\":\"IIPSA\",\"description\":\"Automatizaci\u00f3n industrial\",\"potentialAction\":[{\"@type\":\"SearchAction\",\"target\":{\"@type\":\"EntryPoint\",\"urlTemplate\":\"https:\/\/iipsa.com\/d\/?s={search_term_string}\"},\"query-input\":{\"@type\":\"PropertyValueSpecification\",\"valueRequired\":true,\"valueName\":\"search_term_string\"}}],\"inLanguage\":\"es\"}]}<\/script>\n<!-- \/ Yoast SEO plugin. -->","yoast_head_json":{"title":"V\u00e1lvulas de Aislamiento Tipo Globo - IIPSA","robots":{"index":"index","follow":"follow","max-snippet":"max-snippet:-1","max-image-preview":"max-image-preview:large","max-video-preview":"max-video-preview:-1"},"canonical":"https:\/\/iipsa.com\/d\/valvulas-de-aislamiento-tipo-globo\/","og_locale":"es_MX","og_type":"article","og_title":"V\u00e1lvulas de Aislamiento Tipo Globo - IIPSA","og_description":"YARWAI WELBOND WELBOND 5600 ALTA PRESI\u00d3N -Cuerpo forjado sin bonete. \u2013 Disponible en clases ANSI 1700, 2700 y 4500. \u2013 Dise\u00f1o de cuerpo de una pieza. \u2013 Capacidad de ser automatizada. \u2013 Puede repararse en l\u00ednea montada en tuber\u00eda. \u00bfTe gustar\u00eda conocer m\u00e1s? Visita nuestra secci\u00f3n de contact\u00f3 y solicita tu cotizaci\u00f3n de una forma [&hellip;]","og_url":"https:\/\/iipsa.com\/d\/valvulas-de-aislamiento-tipo-globo\/","og_site_name":"IIPSA","article_modified_time":"2021-11-30T23:40:31+00:00","og_image":[{"url":"https:\/\/iipsa.com\/d\/wp-content\/uploads\/2021\/11\/yarway.jpg","type":"","width":"","height":""}],"twitter_card":"summary_large_image","schema":{"@context":"https:\/\/schema.org","@graph":[{"@type":"WebPage","@id":"https:\/\/iipsa.com\/d\/valvulas-de-aislamiento-tipo-globo\/","url":"https:\/\/iipsa.com\/d\/valvulas-de-aislamiento-tipo-globo\/","name":"V\u00e1lvulas de Aislamiento Tipo Globo - IIPSA","isPartOf":{"@id":"https:\/\/iipsa.com\/d\/#website"},"primaryImageOfPage":{"@id":"https:\/\/iipsa.com\/d\/valvulas-de-aislamiento-tipo-globo\/#primaryimage"},"image":{"@id":"https:\/\/iipsa.com\/d\/valvulas-de-aislamiento-tipo-globo\/#primaryimage"},"thumbnailUrl":"https:\/\/iipsa.com\/d\/wp-content\/uploads\/2021\/11\/yarway.jpg","datePublished":"2021-11-30T23:34:12+00:00","dateModified":"2021-11-30T23:40:31+00:00","breadcrumb":{"@id":"https:\/\/iipsa.com\/d\/valvulas-de-aislamiento-tipo-globo\/#breadcrumb"},"inLanguage":"es","potentialAction":[{"@type":"ReadAction","target":["https:\/\/iipsa.com\/d\/valvulas-de-aislamiento-tipo-globo\/"]}]},{"@type":"ImageObject","inLanguage":"es","@id":"https:\/\/iipsa.com\/d\/valvulas-de-aislamiento-tipo-globo\/#primaryimage","url":"https:\/\/iipsa.com\/d\/wp-content\/uploads\/2021\/11\/yarway.jpg","contentUrl":"https:\/\/iipsa.com\/d\/wp-content\/uploads\/2021\/11\/yarway.jpg","width":750,"height":750},{"@type":"BreadcrumbList","@id":"https:\/\/iipsa.com\/d\/valvulas-de-aislamiento-tipo-globo\/#breadcrumb","itemListElement":[{"@type":"ListItem","position":1,"name":"Inicio","item":"https:\/\/iipsa.com\/d\/"},{"@type":"ListItem","position":2,"name":"V\u00e1lvulas de Aislamiento Tipo Globo"}]},{"@type":"WebSite","@id":"https:\/\/iipsa.com\/d\/#website","url":"https:\/\/iipsa.com\/d\/","name":"IIPSA","description":"Automatizaci\u00f3n industrial","potentialAction":[{"@type":"SearchAction","target":{"@type":"EntryPoint","urlTemplate":"https:\/\/iipsa.com\/d\/?s={search_term_string}"},"query-input":{"@type":"PropertyValueSpecification","valueRequired":true,"valueName":"search_term_string"}}],"inLanguage":"es"}]}},"_links":{"self":[{"href":"https:\/\/iipsa.com\/d\/wp-json\/wp\/v2\/pages\/790","targetHints":{"allow":["GET"]}}],"collection":[{"href":"https:\/\/iipsa.com\/d\/wp-json\/wp\/v2\/pages"}],"about":[{"href":"https:\/\/iipsa.com\/d\/wp-json\/wp\/v2\/types\/page"}],"author":[{"embeddable":true,"href":"https:\/\/iipsa.com\/d\/wp-json\/wp\/v2\/users\/1"}],"replies":[{"embeddable":true,"href":"https:\/\/iipsa.com\/d\/wp-json\/wp\/v2\/comments?post=790"}],"version-history":[{"count":4,"href":"https:\/\/iipsa.com\/d\/wp-json\/wp\/v2\/pages\/790\/revisions"}],"predecessor-version":[{"id":797,"href":"https:\/\/iipsa.com\/d\/wp-json\/wp\/v2\/pages\/790\/revisions\/797"}],"wp:attachment":[{"href":"https:\/\/iipsa.com\/d\/wp-json\/wp\/v2\/media?parent=790"}],"curies":[{"name":"wp","href":"https:\/\/api.w.org\/{rel}","templated":true}]}}