{"id":807,"date":"2021-11-30T23:45:58","date_gmt":"2021-11-30T23:45:58","guid":{"rendered":"https:\/\/iipsa.com\/d\/?page_id=807"},"modified":"2021-12-01T00:07:48","modified_gmt":"2021-12-01T00:07:48","slug":"valvulas-de-aislamiento-tipo-cuchilla","status":"publish","type":"page","link":"https:\/\/iipsa.com\/d\/valvulas-de-aislamiento-tipo-cuchilla\/","title":{"rendered":"V\u00e1lvulas de Aislamiento Tipo Cuchilla"},"content":{"rendered":"\t\t<div data-elementor-type=\"wp-page\" data-elementor-id=\"807\" class=\"elementor elementor-807\" data-elementor-post-type=\"page\">\n\t\t\t\t\t\t<section class=\"elementor-section elementor-top-section elementor-element elementor-element-52cddb70 elementor-section-height-min-height elementor-section-boxed elementor-section-height-default elementor-section-items-middle\" data-id=\"52cddb70\" data-element_type=\"section\" data-settings=\"{&quot;background_background&quot;:&quot;classic&quot;}\">\n\t\t\t\t\t\t\t<div class=\"elementor-background-overlay\"><\/div>\n\t\t\t\t\t\t\t<div class=\"elementor-container elementor-column-gap-default\">\n\t\t\t\t\t<div class=\"elementor-column elementor-col-100 elementor-top-column elementor-element elementor-element-58b3e7cd\" data-id=\"58b3e7cd\" data-element_type=\"column\">\n\t\t\t<div class=\"elementor-widget-wrap elementor-element-populated\">\n\t\t\t\t\t\t\t<\/div>\n\t\t<\/div>\n\t\t\t\t\t<\/div>\n\t\t<\/section>\n\t\t\t\t<section class=\"elementor-section elementor-top-section elementor-element elementor-element-63ba1986 elementor-section-boxed elementor-section-height-default elementor-section-height-default\" data-id=\"63ba1986\" data-element_type=\"section\">\n\t\t\t\t\t\t<div class=\"elementor-container elementor-column-gap-default\">\n\t\t\t\t\t<div class=\"elementor-column elementor-col-100 elementor-top-column elementor-element elementor-element-ea57b63\" data-id=\"ea57b63\" data-element_type=\"column\">\n\t\t\t<div class=\"elementor-widget-wrap elementor-element-populated\">\n\t\t\t\t\t\t<section class=\"elementor-section elementor-inner-section elementor-element elementor-element-3404bc87 elementor-section-boxed elementor-section-height-default elementor-section-height-default\" data-id=\"3404bc87\" data-element_type=\"section\">\n\t\t\t\t\t\t<div class=\"elementor-container elementor-column-gap-default\">\n\t\t\t\t\t<div class=\"elementor-column elementor-col-33 elementor-inner-column elementor-element elementor-element-44ddd585\" data-id=\"44ddd585\" data-element_type=\"column\">\n\t\t\t<div class=\"elementor-widget-wrap elementor-element-populated\">\n\t\t\t\t\t\t<div class=\"elementor-element elementor-element-5a14b294 ekit-equal-height-enable elementor-widget elementor-widget-elementskit-image-box\" data-id=\"5a14b294\" data-element_type=\"widget\" data-widget_type=\"elementskit-image-box.default\">\n\t\t\t\t<div class=\"elementor-widget-container\">\n\t\t\t\t\t<div class=\"ekit-wid-con\" >\n            <div class=\"elementskit-info-image-box ekit-image-box text-center simple-card\" >\n\n                \n                <div class=\"elementskit-box-header image-box-img-center\">\n\n                    <img fetchpriority=\"high\" decoding=\"async\" width=\"750\" height=\"750\" src=\"https:\/\/iipsa.com\/d\/wp-content\/uploads\/2021\/12\/5.jpg\" class=\"attachment-medium_large size-medium_large wp-image-811\" alt=\"\" srcset=\"https:\/\/iipsa.com\/d\/wp-content\/uploads\/2021\/12\/5.jpg 750w, https:\/\/iipsa.com\/d\/wp-content\/uploads\/2021\/12\/5-300x300.jpg 300w, https:\/\/iipsa.com\/d\/wp-content\/uploads\/2021\/12\/5-150x150.jpg 150w\" sizes=\"(max-width: 750px) 100vw, 750px\" \/>\n                <\/div>\n                \n                <div class=\"elementskit-box-body ekit-image-box-body\">\n                    <div class=\"elementskit-box-content ekit-image-box-body-inner\">\n                                                <h3 class=\"elementskit-info-box-title\">\n\n                        KEYSTONE 952 \n                        \n                    <\/h3>\n                                                            <div class=\"elementskit-box-style-content\">\n                        v\u00e1lvula de uso general, compactas y unidireccionales para altos caudales con bajas ca\u00eddas de presi\u00f3n.                    <\/div>\n                                    <\/div>\n\n                            <\/div>\n            <\/div>\n    <\/div>\t\t\t\t<\/div>\n\t\t\t\t<\/div>\n\t\t\t\t\t<\/div>\n\t\t<\/div>\n\t\t\t\t<div class=\"elementor-column elementor-col-33 elementor-inner-column elementor-element elementor-element-7fa18608\" data-id=\"7fa18608\" data-element_type=\"column\">\n\t\t\t<div class=\"elementor-widget-wrap elementor-element-populated\">\n\t\t\t\t\t\t<div class=\"elementor-element elementor-element-1f4af94 ekit-equal-height-enable elementor-widget elementor-widget-elementskit-image-box\" data-id=\"1f4af94\" data-element_type=\"widget\" data-widget_type=\"elementskit-image-box.default\">\n\t\t\t\t<div class=\"elementor-widget-container\">\n\t\t\t\t\t<div class=\"ekit-wid-con\" >\n            <div class=\"elementskit-info-image-box ekit-image-box text-center simple-card\" >\n\n                \n                <div class=\"elementskit-box-header image-box-img-center\">\n\n                    <img decoding=\"async\" width=\"750\" height=\"750\" src=\"https:\/\/iipsa.com\/d\/wp-content\/uploads\/2021\/12\/6.jpg\" class=\"attachment-medium_large size-medium_large wp-image-812\" alt=\"\" srcset=\"https:\/\/iipsa.com\/d\/wp-content\/uploads\/2021\/12\/6.jpg 750w, https:\/\/iipsa.com\/d\/wp-content\/uploads\/2021\/12\/6-300x300.jpg 300w, https:\/\/iipsa.com\/d\/wp-content\/uploads\/2021\/12\/6-150x150.jpg 150w\" sizes=\"(max-width: 750px) 100vw, 750px\" \/>\n                <\/div>\n                \n                <div class=\"elementskit-box-body ekit-image-box-body\">\n                    <div class=\"elementskit-box-content ekit-image-box-body-inner\">\n                                                <h3 class=\"elementskit-info-box-title\">\n\n                        CLARKSON ZP300\n                        \n                    <\/h3>\n                                                            <div class=\"elementskit-box-style-content\">\n                        V\u00e1lvulas bidireccionales dise\u00f1adas para rigores de alta presi\u00f3n y arenas prol\u00edferas.                    <\/div>\n                                    <\/div>\n\n                            <\/div>\n            <\/div>\n    <\/div>\t\t\t\t<\/div>\n\t\t\t\t<\/div>\n\t\t\t\t\t<\/div>\n\t\t<\/div>\n\t\t\t\t<div class=\"elementor-column elementor-col-33 elementor-inner-column elementor-element elementor-element-2968845c\" data-id=\"2968845c\" data-element_type=\"column\">\n\t\t\t<div class=\"elementor-widget-wrap elementor-element-populated\">\n\t\t\t\t\t\t<div class=\"elementor-element elementor-element-6aa276d2 ekit-equal-height-enable elementor-widget elementor-widget-elementskit-image-box\" data-id=\"6aa276d2\" data-element_type=\"widget\" data-widget_type=\"elementskit-image-box.default\">\n\t\t\t\t<div class=\"elementor-widget-container\">\n\t\t\t\t\t<div class=\"ekit-wid-con\" >\n            <div class=\"elementskit-info-image-box ekit-image-box text-center simple-card\" >\n\n                \n                <div class=\"elementskit-box-header image-box-img-center\">\n\n                    <img decoding=\"async\" width=\"750\" height=\"750\" src=\"https:\/\/iipsa.com\/d\/wp-content\/uploads\/2021\/12\/1.jpg\" class=\"attachment-medium_large size-medium_large wp-image-813\" alt=\"\" srcset=\"https:\/\/iipsa.com\/d\/wp-content\/uploads\/2021\/12\/1.jpg 750w, https:\/\/iipsa.com\/d\/wp-content\/uploads\/2021\/12\/1-300x300.jpg 300w, https:\/\/iipsa.com\/d\/wp-content\/uploads\/2021\/12\/1-150x150.jpg 150w\" sizes=\"(max-width: 750px) 100vw, 750px\" \/>\n                <\/div>\n                \n                <div class=\"elementskit-box-body ekit-image-box-body\">\n                    <div class=\"elementskit-box-content ekit-image-box-body-inner\">\n                                                <h3 class=\"elementskit-info-box-title\">\n\n                        KEYSTONE PCS17\n                        \n                    <\/h3>\n                                                            <div class=\"elementskit-box-style-content\">\n                        V\u00e1lcula de cuchilla con un asiento resilente.\nUna v\u00e1lvula bidireccional que garantiza cero fuga en cualquier direcci\u00f3n.                    <\/div>\n                                    <\/div>\n\n                            <\/div>\n            <\/div>\n    <\/div>\t\t\t\t<\/div>\n\t\t\t\t<\/div>\n\t\t\t\t\t<\/div>\n\t\t<\/div>\n\t\t\t\t\t<\/div>\n\t\t<\/section>\n\t\t\t\t<section class=\"elementor-section elementor-inner-section elementor-element elementor-element-d537588 elementor-section-boxed elementor-section-height-default elementor-section-height-default\" data-id=\"d537588\" data-element_type=\"section\">\n\t\t\t\t\t\t<div class=\"elementor-container elementor-column-gap-default\">\n\t\t\t\t\t<div class=\"elementor-column elementor-col-33 elementor-inner-column elementor-element elementor-element-17ed891\" data-id=\"17ed891\" data-element_type=\"column\">\n\t\t\t<div class=\"elementor-widget-wrap elementor-element-populated\">\n\t\t\t\t\t\t<div class=\"elementor-element elementor-element-121e0da ekit-equal-height-enable elementor-widget elementor-widget-elementskit-image-box\" data-id=\"121e0da\" data-element_type=\"widget\" data-widget_type=\"elementskit-image-box.default\">\n\t\t\t\t<div class=\"elementor-widget-container\">\n\t\t\t\t\t<div class=\"ekit-wid-con\" >\n            <div class=\"elementskit-info-image-box ekit-image-box text-center simple-card\" >\n\n                \n                <div class=\"elementskit-box-header image-box-img-center\">\n\n                    <img loading=\"lazy\" decoding=\"async\" width=\"750\" height=\"750\" src=\"https:\/\/iipsa.com\/d\/wp-content\/uploads\/2021\/12\/2.jpg\" class=\"attachment-medium_large size-medium_large wp-image-814\" alt=\"\" srcset=\"https:\/\/iipsa.com\/d\/wp-content\/uploads\/2021\/12\/2.jpg 750w, https:\/\/iipsa.com\/d\/wp-content\/uploads\/2021\/12\/2-300x300.jpg 300w, https:\/\/iipsa.com\/d\/wp-content\/uploads\/2021\/12\/2-150x150.jpg 150w\" sizes=\"(max-width: 750px) 100vw, 750px\" \/>\n                <\/div>\n                \n                <div class=\"elementskit-box-body ekit-image-box-body\">\n                    <div class=\"elementskit-box-content ekit-image-box-body-inner\">\n                                                <h3 class=\"elementskit-info-box-title\">\n\n                        CLARKSON L&amp;M\n                        \n                    <\/h3>\n                                                            <div class=\"elementskit-box-style-content\">\n                        Dise\u00f1o \u00fanico, con revestimiento de pol\u00edmero reemplazable de tres piezas, confiabilidad y una larga vida \u00fatil en un amplio campo de aplicaciones dif\u00edciles.                    <\/div>\n                                    <\/div>\n\n                            <\/div>\n            <\/div>\n    <\/div>\t\t\t\t<\/div>\n\t\t\t\t<\/div>\n\t\t\t\t\t<\/div>\n\t\t<\/div>\n\t\t\t\t<div class=\"elementor-column elementor-col-33 elementor-inner-column elementor-element elementor-element-32791c6\" data-id=\"32791c6\" data-element_type=\"column\">\n\t\t\t<div class=\"elementor-widget-wrap elementor-element-populated\">\n\t\t\t\t\t\t<div class=\"elementor-element elementor-element-94b3f96 ekit-equal-height-enable elementor-widget elementor-widget-elementskit-image-box\" data-id=\"94b3f96\" data-element_type=\"widget\" data-widget_type=\"elementskit-image-box.default\">\n\t\t\t\t<div class=\"elementor-widget-container\">\n\t\t\t\t\t<div class=\"ekit-wid-con\" >\n            <div class=\"elementskit-info-image-box ekit-image-box text-center simple-card\" >\n\n                \n                <div class=\"elementskit-box-header image-box-img-center\">\n\n                    <img loading=\"lazy\" decoding=\"async\" width=\"750\" height=\"750\" src=\"https:\/\/iipsa.com\/d\/wp-content\/uploads\/2021\/12\/3.jpg\" class=\"attachment-medium_large size-medium_large wp-image-815\" alt=\"\" srcset=\"https:\/\/iipsa.com\/d\/wp-content\/uploads\/2021\/12\/3.jpg 750w, https:\/\/iipsa.com\/d\/wp-content\/uploads\/2021\/12\/3-300x300.jpg 300w, https:\/\/iipsa.com\/d\/wp-content\/uploads\/2021\/12\/3-150x150.jpg 150w\" sizes=\"(max-width: 750px) 100vw, 750px\" \/>\n                <\/div>\n                \n                <div class=\"elementskit-box-body ekit-image-box-body\">\n                    <div class=\"elementskit-box-content ekit-image-box-body-inner\">\n                                                <h3 class=\"elementskit-info-box-title\">\n\n                        CLARKSON KGA-KGD-KGF\n                        \n                    <\/h3>\n                                                            <div class=\"elementskit-box-style-content\">\n                        \u00e1lvulas para lodos con mangas de est\u00f3mero de alto rendimiento, para elaislamiento de altos solidos.                    <\/div>\n                                    <\/div>\n\n                            <\/div>\n            <\/div>\n    <\/div>\t\t\t\t<\/div>\n\t\t\t\t<\/div>\n\t\t\t\t\t<\/div>\n\t\t<\/div>\n\t\t\t\t<div class=\"elementor-column elementor-col-33 elementor-inner-column elementor-element elementor-element-957afa6\" data-id=\"957afa6\" data-element_type=\"column\">\n\t\t\t<div class=\"elementor-widget-wrap elementor-element-populated\">\n\t\t\t\t\t\t<div class=\"elementor-element elementor-element-fe325bf ekit-equal-height-enable elementor-widget elementor-widget-elementskit-image-box\" data-id=\"fe325bf\" data-element_type=\"widget\" data-widget_type=\"elementskit-image-box.default\">\n\t\t\t\t<div class=\"elementor-widget-container\">\n\t\t\t\t\t<div class=\"ekit-wid-con\" >\n            <div class=\"elementskit-info-image-box ekit-image-box text-center simple-card\" >\n\n                \n                <div class=\"elementskit-box-header image-box-img-center\">\n\n                    <img loading=\"lazy\" decoding=\"async\" width=\"750\" height=\"750\" src=\"https:\/\/iipsa.com\/d\/wp-content\/uploads\/2021\/12\/4.jpg\" class=\"attachment-medium_large size-medium_large wp-image-816\" alt=\"\" srcset=\"https:\/\/iipsa.com\/d\/wp-content\/uploads\/2021\/12\/4.jpg 750w, https:\/\/iipsa.com\/d\/wp-content\/uploads\/2021\/12\/4-300x300.jpg 300w, https:\/\/iipsa.com\/d\/wp-content\/uploads\/2021\/12\/4-150x150.jpg 150w\" sizes=\"(max-width: 750px) 100vw, 750px\" \/>\n                <\/div>\n                \n                <div class=\"elementskit-box-body ekit-image-box-body\">\n                    <div class=\"elementskit-box-content ekit-image-box-body-inner\">\n                                                <h3 class=\"elementskit-info-box-title\">\n\n                        KEYSTON OS1700\n                        \n                    <\/h3>\n                                                            <div class=\"elementskit-box-style-content\">\n                        V\u00e1lvula dise\u00f1ada para rigores de alta presi\u00f3n y arenas prol\u00edferas.                    <\/div>\n                                    <\/div>\n\n                            <\/div>\n            <\/div>\n    <\/div>\t\t\t\t<\/div>\n\t\t\t\t<\/div>\n\t\t\t\t\t<\/div>\n\t\t<\/div>\n\t\t\t\t\t<\/div>\n\t\t<\/section>\n\t\t\t\t\t<\/div>\n\t\t<\/div>\n\t\t\t\t\t<\/div>\n\t\t<\/section>\n\t\t\t\t<section class=\"elementor-section elementor-top-section elementor-element elementor-element-3408d197 elementor-section-boxed elementor-section-height-default elementor-section-height-default\" data-id=\"3408d197\" data-element_type=\"section\" data-settings=\"{&quot;background_background&quot;:&quot;classic&quot;}\">\n\t\t\t\t\t\t\t<div class=\"elementor-background-overlay\"><\/div>\n\t\t\t\t\t\t\t<div class=\"elementor-container elementor-column-gap-default\">\n\t\t\t\t\t<div class=\"elementor-column elementor-col-66 elementor-top-column elementor-element elementor-element-7c85db91\" data-id=\"7c85db91\" data-element_type=\"column\">\n\t\t\t<div class=\"elementor-widget-wrap elementor-element-populated\">\n\t\t\t\t\t\t<div class=\"elementor-element elementor-element-410d9997 elementor-widget elementor-widget-heading\" data-id=\"410d9997\" data-element_type=\"widget\" data-widget_type=\"heading.default\">\n\t\t\t\t<div class=\"elementor-widget-container\">\n\t\t\t\t\t<h2 class=\"elementor-heading-title elementor-size-default\">\u00bfTe gustar\u00eda conocer m\u00e1s?<\/h2>\t\t\t\t<\/div>\n\t\t\t\t<\/div>\n\t\t\t\t<div class=\"elementor-element elementor-element-5c518eee elementor-widget elementor-widget-text-editor\" data-id=\"5c518eee\" data-element_type=\"widget\" data-widget_type=\"text-editor.default\">\n\t\t\t\t<div class=\"elementor-widget-container\">\n\t\t\t\t\t\t\t\t\t<p>Visita nuestra secci\u00f3n de contact\u00f3 y solicita tu cotizaci\u00f3n de una forma muy f\u00e1cil y accesible.\u00a0<\/p>\t\t\t\t\t\t\t\t<\/div>\n\t\t\t\t<\/div>\n\t\t\t\t\t<\/div>\n\t\t<\/div>\n\t\t\t\t<div class=\"elementor-column elementor-col-33 elementor-top-column elementor-element elementor-element-3dd02ec7\" data-id=\"3dd02ec7\" data-element_type=\"column\">\n\t\t\t<div class=\"elementor-widget-wrap elementor-element-populated\">\n\t\t\t\t\t\t<div class=\"elementor-element elementor-element-72b2508c elementor-align-right elementor-tablet-align-center elementor-widget elementor-widget-button\" data-id=\"72b2508c\" data-element_type=\"widget\" data-widget_type=\"button.default\">\n\t\t\t\t<div class=\"elementor-widget-container\">\n\t\t\t\t\t\t\t\t\t<div class=\"elementor-button-wrapper\">\n\t\t\t\t\t<a class=\"elementor-button elementor-button-link elementor-size-sm\" href=\"https:\/\/iipsa.com\/d\/contacto\/\">\n\t\t\t\t\t\t<span class=\"elementor-button-content-wrapper\">\n\t\t\t\t\t\t\t\t\t<span class=\"elementor-button-text\">Solicitar cotizaci\u00f3n <\/span>\n\t\t\t\t\t<\/span>\n\t\t\t\t\t<\/a>\n\t\t\t\t<\/div>\n\t\t\t\t\t\t\t\t<\/div>\n\t\t\t\t<\/div>\n\t\t\t\t\t<\/div>\n\t\t<\/div>\n\t\t\t\t\t<\/div>\n\t\t<\/section>\n\t\t\t\t<\/div>\n\t\t","protected":false},"excerpt":{"rendered":"<p>KEYSTONE 952 v\u00e1lvula de uso general, compactas y unidireccionales para altos caudales con bajas ca\u00eddas de presi\u00f3n. CLARKSON ZP300 V\u00e1lvulas bidireccionales dise\u00f1adas para rigores de alta presi\u00f3n y arenas prol\u00edferas. KEYSTONE PCS17 V\u00e1lcula de cuchilla con un asiento resilente. Una v\u00e1lvula bidireccional que garantiza cero fuga en cualquier direcci\u00f3n. CLARKSON L&amp;M Dise\u00f1o \u00fanico, con revestimiento [&hellip;]<\/p>\n","protected":false},"author":1,"featured_media":0,"parent":0,"menu_order":0,"comment_status":"closed","ping_status":"closed","template":"","meta":{"footnotes":""},"class_list":["post-807","page","type-page","status-publish","hentry"],"yoast_head":"<!-- This site is optimized with the Yoast SEO plugin v27.2 - https:\/\/yoast.com\/product\/yoast-seo-wordpress\/ -->\n<title>V\u00e1lvulas de Aislamiento Tipo Cuchilla - IIPSA<\/title>\n<meta name=\"robots\" content=\"index, follow, max-snippet:-1, max-image-preview:large, max-video-preview:-1\" \/>\n<link rel=\"canonical\" href=\"https:\/\/iipsa.com\/d\/valvulas-de-aislamiento-tipo-cuchilla\/\" \/>\n<meta property=\"og:locale\" content=\"es_MX\" \/>\n<meta property=\"og:type\" content=\"article\" \/>\n<meta property=\"og:title\" content=\"V\u00e1lvulas de Aislamiento Tipo Cuchilla - IIPSA\" \/>\n<meta property=\"og:description\" content=\"KEYSTONE 952 v\u00e1lvula de uso general, compactas y unidireccionales para altos caudales con bajas ca\u00eddas de presi\u00f3n. CLARKSON ZP300 V\u00e1lvulas bidireccionales dise\u00f1adas para rigores de alta presi\u00f3n y arenas prol\u00edferas. KEYSTONE PCS17 V\u00e1lcula de cuchilla con un asiento resilente. Una v\u00e1lvula bidireccional que garantiza cero fuga en cualquier direcci\u00f3n. CLARKSON L&amp;M Dise\u00f1o \u00fanico, con revestimiento [&hellip;]\" \/>\n<meta property=\"og:url\" content=\"https:\/\/iipsa.com\/d\/valvulas-de-aislamiento-tipo-cuchilla\/\" \/>\n<meta property=\"og:site_name\" content=\"IIPSA\" \/>\n<meta property=\"article:modified_time\" content=\"2021-12-01T00:07:48+00:00\" \/>\n<meta property=\"og:image\" content=\"https:\/\/iipsa.com\/d\/wp-content\/uploads\/2021\/12\/5.jpg\" \/>\n<meta name=\"twitter:card\" content=\"summary_large_image\" \/>\n<meta name=\"twitter:label1\" content=\"Tiempo de lectura\" \/>\n\t<meta name=\"twitter:data1\" content=\"1 minuto\" \/>\n<script type=\"application\/ld+json\" class=\"yoast-schema-graph\">{\"@context\":\"https:\/\/schema.org\",\"@graph\":[{\"@type\":\"WebPage\",\"@id\":\"https:\/\/iipsa.com\/d\/valvulas-de-aislamiento-tipo-cuchilla\/\",\"url\":\"https:\/\/iipsa.com\/d\/valvulas-de-aislamiento-tipo-cuchilla\/\",\"name\":\"V\u00e1lvulas de Aislamiento Tipo Cuchilla - IIPSA\",\"isPartOf\":{\"@id\":\"https:\/\/iipsa.com\/d\/#website\"},\"primaryImageOfPage\":{\"@id\":\"https:\/\/iipsa.com\/d\/valvulas-de-aislamiento-tipo-cuchilla\/#primaryimage\"},\"image\":{\"@id\":\"https:\/\/iipsa.com\/d\/valvulas-de-aislamiento-tipo-cuchilla\/#primaryimage\"},\"thumbnailUrl\":\"https:\/\/iipsa.com\/d\/wp-content\/uploads\/2021\/12\/5.jpg\",\"datePublished\":\"2021-11-30T23:45:58+00:00\",\"dateModified\":\"2021-12-01T00:07:48+00:00\",\"breadcrumb\":{\"@id\":\"https:\/\/iipsa.com\/d\/valvulas-de-aislamiento-tipo-cuchilla\/#breadcrumb\"},\"inLanguage\":\"es\",\"potentialAction\":[{\"@type\":\"ReadAction\",\"target\":[\"https:\/\/iipsa.com\/d\/valvulas-de-aislamiento-tipo-cuchilla\/\"]}]},{\"@type\":\"ImageObject\",\"inLanguage\":\"es\",\"@id\":\"https:\/\/iipsa.com\/d\/valvulas-de-aislamiento-tipo-cuchilla\/#primaryimage\",\"url\":\"https:\/\/iipsa.com\/d\/wp-content\/uploads\/2021\/12\/5.jpg\",\"contentUrl\":\"https:\/\/iipsa.com\/d\/wp-content\/uploads\/2021\/12\/5.jpg\",\"width\":750,\"height\":750},{\"@type\":\"BreadcrumbList\",\"@id\":\"https:\/\/iipsa.com\/d\/valvulas-de-aislamiento-tipo-cuchilla\/#breadcrumb\",\"itemListElement\":[{\"@type\":\"ListItem\",\"position\":1,\"name\":\"Inicio\",\"item\":\"https:\/\/iipsa.com\/d\/\"},{\"@type\":\"ListItem\",\"position\":2,\"name\":\"V\u00e1lvulas de Aislamiento Tipo Cuchilla\"}]},{\"@type\":\"WebSite\",\"@id\":\"https:\/\/iipsa.com\/d\/#website\",\"url\":\"https:\/\/iipsa.com\/d\/\",\"name\":\"IIPSA\",\"description\":\"Automatizaci\u00f3n industrial\",\"potentialAction\":[{\"@type\":\"SearchAction\",\"target\":{\"@type\":\"EntryPoint\",\"urlTemplate\":\"https:\/\/iipsa.com\/d\/?s={search_term_string}\"},\"query-input\":{\"@type\":\"PropertyValueSpecification\",\"valueRequired\":true,\"valueName\":\"search_term_string\"}}],\"inLanguage\":\"es\"}]}<\/script>\n<!-- \/ Yoast SEO plugin. -->","yoast_head_json":{"title":"V\u00e1lvulas de Aislamiento Tipo Cuchilla - IIPSA","robots":{"index":"index","follow":"follow","max-snippet":"max-snippet:-1","max-image-preview":"max-image-preview:large","max-video-preview":"max-video-preview:-1"},"canonical":"https:\/\/iipsa.com\/d\/valvulas-de-aislamiento-tipo-cuchilla\/","og_locale":"es_MX","og_type":"article","og_title":"V\u00e1lvulas de Aislamiento Tipo Cuchilla - IIPSA","og_description":"KEYSTONE 952 v\u00e1lvula de uso general, compactas y unidireccionales para altos caudales con bajas ca\u00eddas de presi\u00f3n. CLARKSON ZP300 V\u00e1lvulas bidireccionales dise\u00f1adas para rigores de alta presi\u00f3n y arenas prol\u00edferas. KEYSTONE PCS17 V\u00e1lcula de cuchilla con un asiento resilente. Una v\u00e1lvula bidireccional que garantiza cero fuga en cualquier direcci\u00f3n. CLARKSON L&amp;M Dise\u00f1o \u00fanico, con revestimiento [&hellip;]","og_url":"https:\/\/iipsa.com\/d\/valvulas-de-aislamiento-tipo-cuchilla\/","og_site_name":"IIPSA","article_modified_time":"2021-12-01T00:07:48+00:00","og_image":[{"url":"https:\/\/iipsa.com\/d\/wp-content\/uploads\/2021\/12\/5.jpg","type":"","width":"","height":""}],"twitter_card":"summary_large_image","twitter_misc":{"Tiempo de lectura":"1 minuto"},"schema":{"@context":"https:\/\/schema.org","@graph":[{"@type":"WebPage","@id":"https:\/\/iipsa.com\/d\/valvulas-de-aislamiento-tipo-cuchilla\/","url":"https:\/\/iipsa.com\/d\/valvulas-de-aislamiento-tipo-cuchilla\/","name":"V\u00e1lvulas de Aislamiento Tipo Cuchilla - IIPSA","isPartOf":{"@id":"https:\/\/iipsa.com\/d\/#website"},"primaryImageOfPage":{"@id":"https:\/\/iipsa.com\/d\/valvulas-de-aislamiento-tipo-cuchilla\/#primaryimage"},"image":{"@id":"https:\/\/iipsa.com\/d\/valvulas-de-aislamiento-tipo-cuchilla\/#primaryimage"},"thumbnailUrl":"https:\/\/iipsa.com\/d\/wp-content\/uploads\/2021\/12\/5.jpg","datePublished":"2021-11-30T23:45:58+00:00","dateModified":"2021-12-01T00:07:48+00:00","breadcrumb":{"@id":"https:\/\/iipsa.com\/d\/valvulas-de-aislamiento-tipo-cuchilla\/#breadcrumb"},"inLanguage":"es","potentialAction":[{"@type":"ReadAction","target":["https:\/\/iipsa.com\/d\/valvulas-de-aislamiento-tipo-cuchilla\/"]}]},{"@type":"ImageObject","inLanguage":"es","@id":"https:\/\/iipsa.com\/d\/valvulas-de-aislamiento-tipo-cuchilla\/#primaryimage","url":"https:\/\/iipsa.com\/d\/wp-content\/uploads\/2021\/12\/5.jpg","contentUrl":"https:\/\/iipsa.com\/d\/wp-content\/uploads\/2021\/12\/5.jpg","width":750,"height":750},{"@type":"BreadcrumbList","@id":"https:\/\/iipsa.com\/d\/valvulas-de-aislamiento-tipo-cuchilla\/#breadcrumb","itemListElement":[{"@type":"ListItem","position":1,"name":"Inicio","item":"https:\/\/iipsa.com\/d\/"},{"@type":"ListItem","position":2,"name":"V\u00e1lvulas de Aislamiento Tipo Cuchilla"}]},{"@type":"WebSite","@id":"https:\/\/iipsa.com\/d\/#website","url":"https:\/\/iipsa.com\/d\/","name":"IIPSA","description":"Automatizaci\u00f3n industrial","potentialAction":[{"@type":"SearchAction","target":{"@type":"EntryPoint","urlTemplate":"https:\/\/iipsa.com\/d\/?s={search_term_string}"},"query-input":{"@type":"PropertyValueSpecification","valueRequired":true,"valueName":"search_term_string"}}],"inLanguage":"es"}]}},"_links":{"self":[{"href":"https:\/\/iipsa.com\/d\/wp-json\/wp\/v2\/pages\/807","targetHints":{"allow":["GET"]}}],"collection":[{"href":"https:\/\/iipsa.com\/d\/wp-json\/wp\/v2\/pages"}],"about":[{"href":"https:\/\/iipsa.com\/d\/wp-json\/wp\/v2\/types\/page"}],"author":[{"embeddable":true,"href":"https:\/\/iipsa.com\/d\/wp-json\/wp\/v2\/users\/1"}],"replies":[{"embeddable":true,"href":"https:\/\/iipsa.com\/d\/wp-json\/wp\/v2\/comments?post=807"}],"version-history":[{"count":5,"href":"https:\/\/iipsa.com\/d\/wp-json\/wp\/v2\/pages\/807\/revisions"}],"predecessor-version":[{"id":819,"href":"https:\/\/iipsa.com\/d\/wp-json\/wp\/v2\/pages\/807\/revisions\/819"}],"wp:attachment":[{"href":"https:\/\/iipsa.com\/d\/wp-json\/wp\/v2\/media?parent=807"}],"curies":[{"name":"wp","href":"https:\/\/api.w.org\/{rel}","templated":true}]}}