{"id":820,"date":"2021-12-01T00:09:08","date_gmt":"2021-12-01T00:09:08","guid":{"rendered":"https:\/\/iipsa.com\/d\/?page_id=820"},"modified":"2021-12-01T00:10:29","modified_gmt":"2021-12-01T00:10:29","slug":"valvulas-de-aislamiento-tipo-mariposa","status":"publish","type":"page","link":"https:\/\/iipsa.com\/d\/valvulas-de-aislamiento-tipo-mariposa\/","title":{"rendered":"V\u00e1lvulas de Aislamiento Tipo Mariposa"},"content":{"rendered":"\t\t<div data-elementor-type=\"wp-page\" data-elementor-id=\"820\" class=\"elementor elementor-820\" data-elementor-post-type=\"page\">\n\t\t\t\t\t\t<section class=\"elementor-section elementor-top-section elementor-element elementor-element-2411e2ac elementor-section-height-min-height elementor-section-boxed elementor-section-height-default elementor-section-items-middle\" data-id=\"2411e2ac\" data-element_type=\"section\" data-settings=\"{&quot;background_background&quot;:&quot;classic&quot;}\">\n\t\t\t\t\t\t\t<div class=\"elementor-background-overlay\"><\/div>\n\t\t\t\t\t\t\t<div class=\"elementor-container elementor-column-gap-default\">\n\t\t\t\t\t<div class=\"elementor-column elementor-col-100 elementor-top-column elementor-element elementor-element-317748fe\" data-id=\"317748fe\" data-element_type=\"column\">\n\t\t\t<div class=\"elementor-widget-wrap elementor-element-populated\">\n\t\t\t\t\t\t\t<\/div>\n\t\t<\/div>\n\t\t\t\t\t<\/div>\n\t\t<\/section>\n\t\t\t\t<section class=\"elementor-section elementor-top-section elementor-element elementor-element-49f9a156 elementor-section-boxed elementor-section-height-default elementor-section-height-default\" data-id=\"49f9a156\" data-element_type=\"section\">\n\t\t\t\t\t\t<div class=\"elementor-container elementor-column-gap-default\">\n\t\t\t\t\t<div class=\"elementor-column elementor-col-100 elementor-top-column elementor-element elementor-element-4531302e\" data-id=\"4531302e\" data-element_type=\"column\">\n\t\t\t<div class=\"elementor-widget-wrap elementor-element-populated\">\n\t\t\t\t\t\t<section class=\"elementor-section elementor-inner-section elementor-element elementor-element-40ebddd2 elementor-section-boxed elementor-section-height-default elementor-section-height-default\" data-id=\"40ebddd2\" data-element_type=\"section\">\n\t\t\t\t\t\t<div class=\"elementor-container elementor-column-gap-default\">\n\t\t\t\t\t<div class=\"elementor-column elementor-col-33 elementor-inner-column elementor-element elementor-element-5a7dd8cb\" data-id=\"5a7dd8cb\" data-element_type=\"column\">\n\t\t\t<div class=\"elementor-widget-wrap elementor-element-populated\">\n\t\t\t\t\t\t<div class=\"elementor-element elementor-element-1e46faa3 ekit-equal-height-enable elementor-widget elementor-widget-elementskit-image-box\" data-id=\"1e46faa3\" data-element_type=\"widget\" data-widget_type=\"elementskit-image-box.default\">\n\t\t\t\t<div class=\"elementor-widget-container\">\n\t\t\t\t\t<div class=\"ekit-wid-con\" >\n            <div class=\"elementskit-info-image-box ekit-image-box text-center simple-card\" >\n\n                \n                <div class=\"elementskit-box-header image-box-img-center\">\n\n                    <img fetchpriority=\"high\" decoding=\"async\" width=\"750\" height=\"750\" src=\"https:\/\/iipsa.com\/d\/wp-content\/uploads\/2021\/12\/2-1.jpg\" class=\"attachment-medium_large size-medium_large wp-image-825\" alt=\"\" srcset=\"https:\/\/iipsa.com\/d\/wp-content\/uploads\/2021\/12\/2-1.jpg 750w, https:\/\/iipsa.com\/d\/wp-content\/uploads\/2021\/12\/2-1-300x300.jpg 300w, https:\/\/iipsa.com\/d\/wp-content\/uploads\/2021\/12\/2-1-150x150.jpg 150w\" sizes=\"(max-width: 750px) 100vw, 750px\" \/>\n                <\/div>\n                \n                <div class=\"elementskit-box-body ekit-image-box-body\">\n                    <div class=\"elementskit-box-content ekit-image-box-body-inner\">\n                                                <h3 class=\"elementskit-info-box-title\">\n\n                        SERIE KEYSTONE GR 2\n                        \n                    <\/h3>\n                                                            <div class=\"elementskit-box-style-content\">\n                        V\u00e1lvulas de mariposa de alto rendimiento.\nDisponibles en clasificaciones de presi\u00f3n ASME 150 y 300.                    <\/div>\n                                    <\/div>\n\n                            <\/div>\n            <\/div>\n    <\/div>\t\t\t\t<\/div>\n\t\t\t\t<\/div>\n\t\t\t\t\t<\/div>\n\t\t<\/div>\n\t\t\t\t<div class=\"elementor-column elementor-col-33 elementor-inner-column elementor-element elementor-element-1d5d4ac0\" data-id=\"1d5d4ac0\" data-element_type=\"column\">\n\t\t\t<div class=\"elementor-widget-wrap elementor-element-populated\">\n\t\t\t\t\t\t<div class=\"elementor-element elementor-element-798d3803 ekit-equal-height-enable elementor-widget elementor-widget-elementskit-image-box\" data-id=\"798d3803\" data-element_type=\"widget\" data-widget_type=\"elementskit-image-box.default\">\n\t\t\t\t<div class=\"elementor-widget-container\">\n\t\t\t\t\t<div class=\"ekit-wid-con\" >\n            <div class=\"elementskit-info-image-box ekit-image-box text-center simple-card\" >\n\n                \n                <div class=\"elementskit-box-header image-box-img-center\">\n\n                    <img decoding=\"async\" width=\"750\" height=\"750\" src=\"https:\/\/iipsa.com\/d\/wp-content\/uploads\/2021\/12\/1-1.jpg\" class=\"attachment-medium_large size-medium_large wp-image-824\" alt=\"\" srcset=\"https:\/\/iipsa.com\/d\/wp-content\/uploads\/2021\/12\/1-1.jpg 750w, https:\/\/iipsa.com\/d\/wp-content\/uploads\/2021\/12\/1-1-300x300.jpg 300w, https:\/\/iipsa.com\/d\/wp-content\/uploads\/2021\/12\/1-1-150x150.jpg 150w\" sizes=\"(max-width: 750px) 100vw, 750px\" \/>\n                <\/div>\n                \n                <div class=\"elementskit-box-body ekit-image-box-body\">\n                    <div class=\"elementskit-box-content ekit-image-box-body-inner\">\n                                                <h3 class=\"elementskit-info-box-title\">\n\n                        KEYSTONE GULF CHECK MODELO MR\n                        \n                    <\/h3>\n                                                            <div class=\"elementskit-box-style-content\">\n                        Dise\u00f1o de estilo placa dual, con resorte, para la protecci\u00f3n de sistemas de tuber\u00edas de gas o l\u00edquidos.                    <\/div>\n                                    <\/div>\n\n                            <\/div>\n            <\/div>\n    <\/div>\t\t\t\t<\/div>\n\t\t\t\t<\/div>\n\t\t\t\t\t<\/div>\n\t\t<\/div>\n\t\t\t\t<div class=\"elementor-column elementor-col-33 elementor-inner-column elementor-element elementor-element-27bea6cc\" data-id=\"27bea6cc\" data-element_type=\"column\">\n\t\t\t<div class=\"elementor-widget-wrap elementor-element-populated\">\n\t\t\t\t\t\t<div class=\"elementor-element elementor-element-39d8956 ekit-equal-height-enable elementor-widget elementor-widget-elementskit-image-box\" data-id=\"39d8956\" data-element_type=\"widget\" data-widget_type=\"elementskit-image-box.default\">\n\t\t\t\t<div class=\"elementor-widget-container\">\n\t\t\t\t\t<div class=\"ekit-wid-con\" >\n            <div class=\"elementskit-info-image-box ekit-image-box text-center simple-card\" >\n\n                \n                <div class=\"elementskit-box-header image-box-img-center\">\n\n                    <img decoding=\"async\" width=\"750\" height=\"750\" src=\"https:\/\/iipsa.com\/d\/wp-content\/uploads\/2021\/12\/3-1.jpg\" class=\"attachment-medium_large size-medium_large wp-image-823\" alt=\"\" srcset=\"https:\/\/iipsa.com\/d\/wp-content\/uploads\/2021\/12\/3-1.jpg 750w, https:\/\/iipsa.com\/d\/wp-content\/uploads\/2021\/12\/3-1-300x300.jpg 300w, https:\/\/iipsa.com\/d\/wp-content\/uploads\/2021\/12\/3-1-150x150.jpg 150w\" sizes=\"(max-width: 750px) 100vw, 750px\" \/>\n                <\/div>\n                \n                <div class=\"elementskit-box-body ekit-image-box-body\">\n                    <div class=\"elementskit-box-content ekit-image-box-body-inner\">\n                                                <h3 class=\"elementskit-info-box-title\">\n\n                        VANESSA\n                        \n                    <\/h3>\n                                                            <div class=\"elementskit-box-style-content\">\n                        V\u00e1lvula de mariposa de triple excentricidad.\nAmplia gama de aplicaciones, cero fugas, aislamiento, ON \u2013 OFF, paro de emergencia y control de presi\u00f3n\/flujo.                    <\/div>\n                                    <\/div>\n\n                            <\/div>\n            <\/div>\n    <\/div>\t\t\t\t<\/div>\n\t\t\t\t<\/div>\n\t\t\t\t\t<\/div>\n\t\t<\/div>\n\t\t\t\t\t<\/div>\n\t\t<\/section>\n\t\t\t\t\t<\/div>\n\t\t<\/div>\n\t\t\t\t\t<\/div>\n\t\t<\/section>\n\t\t\t\t<section class=\"elementor-section elementor-top-section elementor-element elementor-element-3dbb6458 elementor-section-boxed elementor-section-height-default elementor-section-height-default\" data-id=\"3dbb6458\" data-element_type=\"section\" data-settings=\"{&quot;background_background&quot;:&quot;classic&quot;}\">\n\t\t\t\t\t\t\t<div class=\"elementor-background-overlay\"><\/div>\n\t\t\t\t\t\t\t<div class=\"elementor-container elementor-column-gap-default\">\n\t\t\t\t\t<div class=\"elementor-column elementor-col-66 elementor-top-column elementor-element elementor-element-5c7db305\" data-id=\"5c7db305\" data-element_type=\"column\">\n\t\t\t<div class=\"elementor-widget-wrap elementor-element-populated\">\n\t\t\t\t\t\t<div class=\"elementor-element elementor-element-5ba0eb17 elementor-widget elementor-widget-heading\" data-id=\"5ba0eb17\" data-element_type=\"widget\" data-widget_type=\"heading.default\">\n\t\t\t\t<div class=\"elementor-widget-container\">\n\t\t\t\t\t<h2 class=\"elementor-heading-title elementor-size-default\">\u00bfTe gustar\u00eda conocer m\u00e1s?<\/h2>\t\t\t\t<\/div>\n\t\t\t\t<\/div>\n\t\t\t\t<div class=\"elementor-element elementor-element-502295b3 elementor-widget elementor-widget-text-editor\" data-id=\"502295b3\" data-element_type=\"widget\" data-widget_type=\"text-editor.default\">\n\t\t\t\t<div class=\"elementor-widget-container\">\n\t\t\t\t\t\t\t\t\t<p>Visita nuestra secci\u00f3n de contact\u00f3 y solicita tu cotizaci\u00f3n de una forma muy f\u00e1cil y accesible.\u00a0<\/p>\t\t\t\t\t\t\t\t<\/div>\n\t\t\t\t<\/div>\n\t\t\t\t\t<\/div>\n\t\t<\/div>\n\t\t\t\t<div class=\"elementor-column elementor-col-33 elementor-top-column elementor-element elementor-element-bdc2a4c\" data-id=\"bdc2a4c\" data-element_type=\"column\">\n\t\t\t<div class=\"elementor-widget-wrap elementor-element-populated\">\n\t\t\t\t\t\t<div class=\"elementor-element elementor-element-6fe8b8b5 elementor-align-right elementor-tablet-align-center elementor-widget elementor-widget-button\" data-id=\"6fe8b8b5\" data-element_type=\"widget\" data-widget_type=\"button.default\">\n\t\t\t\t<div class=\"elementor-widget-container\">\n\t\t\t\t\t\t\t\t\t<div class=\"elementor-button-wrapper\">\n\t\t\t\t\t<a class=\"elementor-button elementor-button-link elementor-size-sm\" href=\"https:\/\/iipsa.com\/d\/contacto\/\">\n\t\t\t\t\t\t<span class=\"elementor-button-content-wrapper\">\n\t\t\t\t\t\t\t\t\t<span class=\"elementor-button-text\">Solicitar cotizaci\u00f3n <\/span>\n\t\t\t\t\t<\/span>\n\t\t\t\t\t<\/a>\n\t\t\t\t<\/div>\n\t\t\t\t\t\t\t\t<\/div>\n\t\t\t\t<\/div>\n\t\t\t\t\t<\/div>\n\t\t<\/div>\n\t\t\t\t\t<\/div>\n\t\t<\/section>\n\t\t\t\t<\/div>\n\t\t","protected":false},"excerpt":{"rendered":"<p>SERIE KEYSTONE GR 2 V\u00e1lvulas de mariposa de alto rendimiento. Disponibles en clasificaciones de presi\u00f3n ASME 150 y 300. KEYSTONE GULF CHECK MODELO MR Dise\u00f1o de estilo placa dual, con resorte, para la protecci\u00f3n de sistemas de tuber\u00edas de gas o l\u00edquidos. VANESSA V\u00e1lvula de mariposa de triple excentricidad. Amplia gama de aplicaciones, cero fugas, [&hellip;]<\/p>\n","protected":false},"author":1,"featured_media":0,"parent":0,"menu_order":0,"comment_status":"closed","ping_status":"closed","template":"","meta":{"footnotes":""},"class_list":["post-820","page","type-page","status-publish","hentry"],"yoast_head":"<!-- This site is optimized with the Yoast SEO plugin v27.2 - https:\/\/yoast.com\/product\/yoast-seo-wordpress\/ -->\n<title>V\u00e1lvulas de Aislamiento Tipo Mariposa - IIPSA<\/title>\n<meta name=\"robots\" content=\"index, follow, max-snippet:-1, max-image-preview:large, max-video-preview:-1\" \/>\n<link rel=\"canonical\" href=\"https:\/\/iipsa.com\/d\/valvulas-de-aislamiento-tipo-mariposa\/\" \/>\n<meta property=\"og:locale\" content=\"es_MX\" \/>\n<meta property=\"og:type\" content=\"article\" \/>\n<meta property=\"og:title\" content=\"V\u00e1lvulas de Aislamiento Tipo Mariposa - IIPSA\" \/>\n<meta property=\"og:description\" content=\"SERIE KEYSTONE GR 2 V\u00e1lvulas de mariposa de alto rendimiento. Disponibles en clasificaciones de presi\u00f3n ASME 150 y 300. KEYSTONE GULF CHECK MODELO MR Dise\u00f1o de estilo placa dual, con resorte, para la protecci\u00f3n de sistemas de tuber\u00edas de gas o l\u00edquidos. VANESSA V\u00e1lvula de mariposa de triple excentricidad. Amplia gama de aplicaciones, cero fugas, [&hellip;]\" \/>\n<meta property=\"og:url\" content=\"https:\/\/iipsa.com\/d\/valvulas-de-aislamiento-tipo-mariposa\/\" \/>\n<meta property=\"og:site_name\" content=\"IIPSA\" \/>\n<meta property=\"article:modified_time\" content=\"2021-12-01T00:10:29+00:00\" \/>\n<meta property=\"og:image\" content=\"https:\/\/iipsa.com\/d\/wp-content\/uploads\/2021\/12\/2-1.jpg\" \/>\n<meta name=\"twitter:card\" content=\"summary_large_image\" \/>\n<script type=\"application\/ld+json\" class=\"yoast-schema-graph\">{\"@context\":\"https:\/\/schema.org\",\"@graph\":[{\"@type\":\"WebPage\",\"@id\":\"https:\/\/iipsa.com\/d\/valvulas-de-aislamiento-tipo-mariposa\/\",\"url\":\"https:\/\/iipsa.com\/d\/valvulas-de-aislamiento-tipo-mariposa\/\",\"name\":\"V\u00e1lvulas de Aislamiento Tipo Mariposa - IIPSA\",\"isPartOf\":{\"@id\":\"https:\/\/iipsa.com\/d\/#website\"},\"primaryImageOfPage\":{\"@id\":\"https:\/\/iipsa.com\/d\/valvulas-de-aislamiento-tipo-mariposa\/#primaryimage\"},\"image\":{\"@id\":\"https:\/\/iipsa.com\/d\/valvulas-de-aislamiento-tipo-mariposa\/#primaryimage\"},\"thumbnailUrl\":\"https:\/\/iipsa.com\/d\/wp-content\/uploads\/2021\/12\/2-1.jpg\",\"datePublished\":\"2021-12-01T00:09:08+00:00\",\"dateModified\":\"2021-12-01T00:10:29+00:00\",\"breadcrumb\":{\"@id\":\"https:\/\/iipsa.com\/d\/valvulas-de-aislamiento-tipo-mariposa\/#breadcrumb\"},\"inLanguage\":\"es\",\"potentialAction\":[{\"@type\":\"ReadAction\",\"target\":[\"https:\/\/iipsa.com\/d\/valvulas-de-aislamiento-tipo-mariposa\/\"]}]},{\"@type\":\"ImageObject\",\"inLanguage\":\"es\",\"@id\":\"https:\/\/iipsa.com\/d\/valvulas-de-aislamiento-tipo-mariposa\/#primaryimage\",\"url\":\"https:\/\/iipsa.com\/d\/wp-content\/uploads\/2021\/12\/2-1.jpg\",\"contentUrl\":\"https:\/\/iipsa.com\/d\/wp-content\/uploads\/2021\/12\/2-1.jpg\",\"width\":750,\"height\":750},{\"@type\":\"BreadcrumbList\",\"@id\":\"https:\/\/iipsa.com\/d\/valvulas-de-aislamiento-tipo-mariposa\/#breadcrumb\",\"itemListElement\":[{\"@type\":\"ListItem\",\"position\":1,\"name\":\"Inicio\",\"item\":\"https:\/\/iipsa.com\/d\/\"},{\"@type\":\"ListItem\",\"position\":2,\"name\":\"V\u00e1lvulas de Aislamiento Tipo Mariposa\"}]},{\"@type\":\"WebSite\",\"@id\":\"https:\/\/iipsa.com\/d\/#website\",\"url\":\"https:\/\/iipsa.com\/d\/\",\"name\":\"IIPSA\",\"description\":\"Automatizaci\u00f3n industrial\",\"potentialAction\":[{\"@type\":\"SearchAction\",\"target\":{\"@type\":\"EntryPoint\",\"urlTemplate\":\"https:\/\/iipsa.com\/d\/?s={search_term_string}\"},\"query-input\":{\"@type\":\"PropertyValueSpecification\",\"valueRequired\":true,\"valueName\":\"search_term_string\"}}],\"inLanguage\":\"es\"}]}<\/script>\n<!-- \/ Yoast SEO plugin. -->","yoast_head_json":{"title":"V\u00e1lvulas de Aislamiento Tipo Mariposa - IIPSA","robots":{"index":"index","follow":"follow","max-snippet":"max-snippet:-1","max-image-preview":"max-image-preview:large","max-video-preview":"max-video-preview:-1"},"canonical":"https:\/\/iipsa.com\/d\/valvulas-de-aislamiento-tipo-mariposa\/","og_locale":"es_MX","og_type":"article","og_title":"V\u00e1lvulas de Aislamiento Tipo Mariposa - IIPSA","og_description":"SERIE KEYSTONE GR 2 V\u00e1lvulas de mariposa de alto rendimiento. Disponibles en clasificaciones de presi\u00f3n ASME 150 y 300. KEYSTONE GULF CHECK MODELO MR Dise\u00f1o de estilo placa dual, con resorte, para la protecci\u00f3n de sistemas de tuber\u00edas de gas o l\u00edquidos. VANESSA V\u00e1lvula de mariposa de triple excentricidad. Amplia gama de aplicaciones, cero fugas, [&hellip;]","og_url":"https:\/\/iipsa.com\/d\/valvulas-de-aislamiento-tipo-mariposa\/","og_site_name":"IIPSA","article_modified_time":"2021-12-01T00:10:29+00:00","og_image":[{"url":"https:\/\/iipsa.com\/d\/wp-content\/uploads\/2021\/12\/2-1.jpg","type":"","width":"","height":""}],"twitter_card":"summary_large_image","schema":{"@context":"https:\/\/schema.org","@graph":[{"@type":"WebPage","@id":"https:\/\/iipsa.com\/d\/valvulas-de-aislamiento-tipo-mariposa\/","url":"https:\/\/iipsa.com\/d\/valvulas-de-aislamiento-tipo-mariposa\/","name":"V\u00e1lvulas de Aislamiento Tipo Mariposa - IIPSA","isPartOf":{"@id":"https:\/\/iipsa.com\/d\/#website"},"primaryImageOfPage":{"@id":"https:\/\/iipsa.com\/d\/valvulas-de-aislamiento-tipo-mariposa\/#primaryimage"},"image":{"@id":"https:\/\/iipsa.com\/d\/valvulas-de-aislamiento-tipo-mariposa\/#primaryimage"},"thumbnailUrl":"https:\/\/iipsa.com\/d\/wp-content\/uploads\/2021\/12\/2-1.jpg","datePublished":"2021-12-01T00:09:08+00:00","dateModified":"2021-12-01T00:10:29+00:00","breadcrumb":{"@id":"https:\/\/iipsa.com\/d\/valvulas-de-aislamiento-tipo-mariposa\/#breadcrumb"},"inLanguage":"es","potentialAction":[{"@type":"ReadAction","target":["https:\/\/iipsa.com\/d\/valvulas-de-aislamiento-tipo-mariposa\/"]}]},{"@type":"ImageObject","inLanguage":"es","@id":"https:\/\/iipsa.com\/d\/valvulas-de-aislamiento-tipo-mariposa\/#primaryimage","url":"https:\/\/iipsa.com\/d\/wp-content\/uploads\/2021\/12\/2-1.jpg","contentUrl":"https:\/\/iipsa.com\/d\/wp-content\/uploads\/2021\/12\/2-1.jpg","width":750,"height":750},{"@type":"BreadcrumbList","@id":"https:\/\/iipsa.com\/d\/valvulas-de-aislamiento-tipo-mariposa\/#breadcrumb","itemListElement":[{"@type":"ListItem","position":1,"name":"Inicio","item":"https:\/\/iipsa.com\/d\/"},{"@type":"ListItem","position":2,"name":"V\u00e1lvulas de Aislamiento Tipo Mariposa"}]},{"@type":"WebSite","@id":"https:\/\/iipsa.com\/d\/#website","url":"https:\/\/iipsa.com\/d\/","name":"IIPSA","description":"Automatizaci\u00f3n industrial","potentialAction":[{"@type":"SearchAction","target":{"@type":"EntryPoint","urlTemplate":"https:\/\/iipsa.com\/d\/?s={search_term_string}"},"query-input":{"@type":"PropertyValueSpecification","valueRequired":true,"valueName":"search_term_string"}}],"inLanguage":"es"}]}},"_links":{"self":[{"href":"https:\/\/iipsa.com\/d\/wp-json\/wp\/v2\/pages\/820","targetHints":{"allow":["GET"]}}],"collection":[{"href":"https:\/\/iipsa.com\/d\/wp-json\/wp\/v2\/pages"}],"about":[{"href":"https:\/\/iipsa.com\/d\/wp-json\/wp\/v2\/types\/page"}],"author":[{"embeddable":true,"href":"https:\/\/iipsa.com\/d\/wp-json\/wp\/v2\/users\/1"}],"replies":[{"embeddable":true,"href":"https:\/\/iipsa.com\/d\/wp-json\/wp\/v2\/comments?post=820"}],"version-history":[{"count":4,"href":"https:\/\/iipsa.com\/d\/wp-json\/wp\/v2\/pages\/820\/revisions"}],"predecessor-version":[{"id":828,"href":"https:\/\/iipsa.com\/d\/wp-json\/wp\/v2\/pages\/820\/revisions\/828"}],"wp:attachment":[{"href":"https:\/\/iipsa.com\/d\/wp-json\/wp\/v2\/media?parent=820"}],"curies":[{"name":"wp","href":"https:\/\/api.w.org\/{rel}","templated":true}]}}