{"id":851,"date":"2021-12-01T06:42:50","date_gmt":"2021-12-01T06:42:50","guid":{"rendered":"https:\/\/iipsa.com\/d\/?page_id=851"},"modified":"2021-12-01T07:12:53","modified_gmt":"2021-12-01T07:12:53","slug":"familia-tescom","status":"publish","type":"page","link":"https:\/\/iipsa.com\/d\/familia-tescom\/","title":{"rendered":"Familia Tescom"},"content":{"rendered":"\t\t<div data-elementor-type=\"wp-page\" data-elementor-id=\"851\" class=\"elementor elementor-851\" data-elementor-post-type=\"page\">\n\t\t\t\t\t\t<section class=\"elementor-section elementor-top-section elementor-element elementor-element-4e99c16e elementor-section-height-min-height elementor-section-boxed elementor-section-height-default elementor-section-items-middle\" data-id=\"4e99c16e\" data-element_type=\"section\" data-settings=\"{&quot;background_background&quot;:&quot;classic&quot;}\">\n\t\t\t\t\t\t\t<div class=\"elementor-background-overlay\"><\/div>\n\t\t\t\t\t\t\t<div class=\"elementor-container elementor-column-gap-default\">\n\t\t\t\t\t<div class=\"elementor-column elementor-col-100 elementor-top-column elementor-element elementor-element-26127a11\" data-id=\"26127a11\" data-element_type=\"column\">\n\t\t\t<div class=\"elementor-widget-wrap elementor-element-populated\">\n\t\t\t\t\t\t\t<\/div>\n\t\t<\/div>\n\t\t\t\t\t<\/div>\n\t\t<\/section>\n\t\t\t\t<section class=\"elementor-section elementor-top-section elementor-element elementor-element-48d3c5d5 elementor-section-boxed elementor-section-height-default elementor-section-height-default\" data-id=\"48d3c5d5\" data-element_type=\"section\">\n\t\t\t\t\t\t<div class=\"elementor-container elementor-column-gap-default\">\n\t\t\t\t\t<div class=\"elementor-column elementor-col-100 elementor-top-column elementor-element elementor-element-5263485c\" data-id=\"5263485c\" data-element_type=\"column\">\n\t\t\t<div class=\"elementor-widget-wrap elementor-element-populated\">\n\t\t\t\t\t\t<section class=\"elementor-section elementor-inner-section elementor-element elementor-element-50019d2c elementor-section-boxed elementor-section-height-default elementor-section-height-default\" data-id=\"50019d2c\" data-element_type=\"section\">\n\t\t\t\t\t\t<div class=\"elementor-container elementor-column-gap-default\">\n\t\t\t\t\t<div class=\"elementor-column elementor-col-33 elementor-inner-column elementor-element elementor-element-5a39ab58\" data-id=\"5a39ab58\" data-element_type=\"column\">\n\t\t\t<div class=\"elementor-widget-wrap elementor-element-populated\">\n\t\t\t\t\t\t<div class=\"elementor-element elementor-element-39a2509 ekit-equal-height-enable elementor-widget elementor-widget-elementskit-image-box\" data-id=\"39a2509\" data-element_type=\"widget\" data-widget_type=\"elementskit-image-box.default\">\n\t\t\t\t<div class=\"elementor-widget-container\">\n\t\t\t\t\t<div class=\"ekit-wid-con\" >\n            <div class=\"elementskit-info-image-box ekit-image-box text-center simple-card\" >\n\n                \n                <div class=\"elementskit-box-header image-box-img-center\">\n\n                    <img fetchpriority=\"high\" decoding=\"async\" width=\"300\" height=\"300\" src=\"https:\/\/iipsa.com\/d\/wp-content\/uploads\/2021\/12\/FAMILA-TESCOM-300x300-1.jpg\" class=\"attachment-medium_large size-medium_large wp-image-854\" alt=\"\" srcset=\"https:\/\/iipsa.com\/d\/wp-content\/uploads\/2021\/12\/FAMILA-TESCOM-300x300-1.jpg 300w, https:\/\/iipsa.com\/d\/wp-content\/uploads\/2021\/12\/FAMILA-TESCOM-300x300-1-150x150.jpg 150w\" sizes=\"(max-width: 300px) 100vw, 300px\" \/>\n                <\/div>\n                \n                <div class=\"elementskit-box-body ekit-image-box-body\">\n                    <div class=\"elementskit-box-content ekit-image-box-body-inner\">\n                                                <h3 class=\"elementskit-info-box-title\">\n\n                        FAMILIA TESCOM\n                        \n                    <\/h3>\n                                                            <div class=\"elementskit-box-style-content\">\n                        Dise\u00f1ado para garantizar un suministro continuo de gases de calibraci\u00f3n sin interrupci\u00f3n, debido a agotamiento o cambio de suministro.\nLos sistemas completos pueden incluir conexiones CGA, mangueras, v\u00e1lvulas de retenci\u00f3n, v\u00e1lvulas de purga, etc.\nIdeal para sistemas de muestreo de analizadores petroqu\u00edmicos, laboratorios y gases de soldadura.                    <\/div>\n                                    <\/div>\n\n                            <\/div>\n            <\/div>\n    <\/div>\t\t\t\t<\/div>\n\t\t\t\t<\/div>\n\t\t\t\t\t<\/div>\n\t\t<\/div>\n\t\t\t\t<div class=\"elementor-column elementor-col-33 elementor-inner-column elementor-element elementor-element-7e9c589\" data-id=\"7e9c589\" data-element_type=\"column\">\n\t\t\t<div class=\"elementor-widget-wrap\">\n\t\t\t\t\t\t\t<\/div>\n\t\t<\/div>\n\t\t\t\t<div class=\"elementor-column elementor-col-33 elementor-inner-column elementor-element elementor-element-5cde2645\" data-id=\"5cde2645\" data-element_type=\"column\">\n\t\t\t<div class=\"elementor-widget-wrap\">\n\t\t\t\t\t\t\t<\/div>\n\t\t<\/div>\n\t\t\t\t\t<\/div>\n\t\t<\/section>\n\t\t\t\t\t<\/div>\n\t\t<\/div>\n\t\t\t\t\t<\/div>\n\t\t<\/section>\n\t\t\t\t<section class=\"elementor-section elementor-top-section elementor-element elementor-element-37911235 elementor-section-boxed elementor-section-height-default elementor-section-height-default\" data-id=\"37911235\" data-element_type=\"section\">\n\t\t\t\t\t\t<div class=\"elementor-container elementor-column-gap-default\">\n\t\t\t\t\t<div class=\"elementor-column elementor-col-100 elementor-top-column elementor-element elementor-element-6112d853\" data-id=\"6112d853\" data-element_type=\"column\">\n\t\t\t<div class=\"elementor-widget-wrap elementor-element-populated\">\n\t\t\t\t\t\t<div class=\"elementor-element elementor-element-5c5d357a elementor-align-center elementor-widget elementor-widget-button\" data-id=\"5c5d357a\" data-element_type=\"widget\" data-widget_type=\"button.default\">\n\t\t\t\t<div class=\"elementor-widget-container\">\n\t\t\t\t\t\t\t\t\t<div class=\"elementor-button-wrapper\">\n\t\t\t\t\t<a class=\"elementor-button elementor-button-link elementor-size-lg\" href=\"#\">\n\t\t\t\t\t\t<span class=\"elementor-button-content-wrapper\">\n\t\t\t\t\t\t\t\t\t<span class=\"elementor-button-text\">VER EL CATALOGO<\/span>\n\t\t\t\t\t<\/span>\n\t\t\t\t\t<\/a>\n\t\t\t\t<\/div>\n\t\t\t\t\t\t\t\t<\/div>\n\t\t\t\t<\/div>\n\t\t\t\t\t<\/div>\n\t\t<\/div>\n\t\t\t\t\t<\/div>\n\t\t<\/section>\n\t\t\t\t<section class=\"elementor-section elementor-top-section elementor-element elementor-element-72b5cdad elementor-section-boxed elementor-section-height-default elementor-section-height-default\" data-id=\"72b5cdad\" data-element_type=\"section\" data-settings=\"{&quot;background_background&quot;:&quot;classic&quot;}\">\n\t\t\t\t\t\t\t<div class=\"elementor-background-overlay\"><\/div>\n\t\t\t\t\t\t\t<div class=\"elementor-container elementor-column-gap-default\">\n\t\t\t\t\t<div class=\"elementor-column elementor-col-66 elementor-top-column elementor-element elementor-element-548ded2e\" data-id=\"548ded2e\" data-element_type=\"column\">\n\t\t\t<div class=\"elementor-widget-wrap elementor-element-populated\">\n\t\t\t\t\t\t<div class=\"elementor-element elementor-element-7aa7e101 elementor-widget elementor-widget-heading\" data-id=\"7aa7e101\" data-element_type=\"widget\" data-widget_type=\"heading.default\">\n\t\t\t\t<div class=\"elementor-widget-container\">\n\t\t\t\t\t<h2 class=\"elementor-heading-title elementor-size-default\">\u00bfTe gustar\u00eda conocer m\u00e1s?<\/h2>\t\t\t\t<\/div>\n\t\t\t\t<\/div>\n\t\t\t\t<div class=\"elementor-element elementor-element-1ae0a76d elementor-widget elementor-widget-text-editor\" data-id=\"1ae0a76d\" data-element_type=\"widget\" data-widget_type=\"text-editor.default\">\n\t\t\t\t<div class=\"elementor-widget-container\">\n\t\t\t\t\t\t\t\t\t<p>Visita nuestra secci\u00f3n de contact\u00f3 y solicita tu cotizaci\u00f3n de una forma muy f\u00e1cil y accesible.\u00a0<\/p>\t\t\t\t\t\t\t\t<\/div>\n\t\t\t\t<\/div>\n\t\t\t\t\t<\/div>\n\t\t<\/div>\n\t\t\t\t<div class=\"elementor-column elementor-col-33 elementor-top-column elementor-element elementor-element-7450680e\" data-id=\"7450680e\" data-element_type=\"column\">\n\t\t\t<div class=\"elementor-widget-wrap elementor-element-populated\">\n\t\t\t\t\t\t<div class=\"elementor-element elementor-element-43987299 elementor-align-right elementor-tablet-align-center elementor-widget elementor-widget-button\" data-id=\"43987299\" data-element_type=\"widget\" data-widget_type=\"button.default\">\n\t\t\t\t<div class=\"elementor-widget-container\">\n\t\t\t\t\t\t\t\t\t<div class=\"elementor-button-wrapper\">\n\t\t\t\t\t<a class=\"elementor-button elementor-button-link elementor-size-sm\" href=\"https:\/\/iipsa.com\/d\/contacto\/\">\n\t\t\t\t\t\t<span class=\"elementor-button-content-wrapper\">\n\t\t\t\t\t\t\t\t\t<span class=\"elementor-button-text\">Solicitar cotizaci\u00f3n <\/span>\n\t\t\t\t\t<\/span>\n\t\t\t\t\t<\/a>\n\t\t\t\t<\/div>\n\t\t\t\t\t\t\t\t<\/div>\n\t\t\t\t<\/div>\n\t\t\t\t\t<\/div>\n\t\t<\/div>\n\t\t\t\t\t<\/div>\n\t\t<\/section>\n\t\t\t\t<\/div>\n\t\t","protected":false},"excerpt":{"rendered":"<p>FAMILIA TESCOM Dise\u00f1ado para garantizar un suministro continuo de gases de calibraci\u00f3n sin interrupci\u00f3n, debido a agotamiento o cambio de suministro. Los sistemas completos pueden incluir conexiones CGA, mangueras, v\u00e1lvulas de retenci\u00f3n, v\u00e1lvulas de purga, etc. Ideal para sistemas de muestreo de analizadores petroqu\u00edmicos, laboratorios y gases de soldadura. VER EL CATALOGO \u00bfTe gustar\u00eda conocer [&hellip;]<\/p>\n","protected":false},"author":1,"featured_media":0,"parent":0,"menu_order":0,"comment_status":"closed","ping_status":"closed","template":"","meta":{"footnotes":""},"class_list":["post-851","page","type-page","status-publish","hentry"],"yoast_head":"<!-- This site is optimized with the Yoast SEO plugin v27.2 - https:\/\/yoast.com\/product\/yoast-seo-wordpress\/ -->\n<title>Familia Tescom - IIPSA<\/title>\n<meta name=\"robots\" content=\"index, follow, max-snippet:-1, max-image-preview:large, max-video-preview:-1\" \/>\n<link rel=\"canonical\" href=\"https:\/\/iipsa.com\/d\/familia-tescom\/\" \/>\n<meta property=\"og:locale\" content=\"es_MX\" \/>\n<meta property=\"og:type\" content=\"article\" \/>\n<meta property=\"og:title\" content=\"Familia Tescom - IIPSA\" \/>\n<meta property=\"og:description\" content=\"FAMILIA TESCOM Dise\u00f1ado para garantizar un suministro continuo de gases de calibraci\u00f3n sin interrupci\u00f3n, debido a agotamiento o cambio de suministro. Los sistemas completos pueden incluir conexiones CGA, mangueras, v\u00e1lvulas de retenci\u00f3n, v\u00e1lvulas de purga, etc. Ideal para sistemas de muestreo de analizadores petroqu\u00edmicos, laboratorios y gases de soldadura. VER EL CATALOGO \u00bfTe gustar\u00eda conocer [&hellip;]\" \/>\n<meta property=\"og:url\" content=\"https:\/\/iipsa.com\/d\/familia-tescom\/\" \/>\n<meta property=\"og:site_name\" content=\"IIPSA\" \/>\n<meta property=\"article:modified_time\" content=\"2021-12-01T07:12:53+00:00\" \/>\n<meta property=\"og:image\" content=\"https:\/\/iipsa.com\/d\/wp-content\/uploads\/2021\/12\/FAMILA-TESCOM-300x300-1.jpg\" \/>\n<meta name=\"twitter:card\" content=\"summary_large_image\" \/>\n<script type=\"application\/ld+json\" class=\"yoast-schema-graph\">{\"@context\":\"https:\/\/schema.org\",\"@graph\":[{\"@type\":\"WebPage\",\"@id\":\"https:\/\/iipsa.com\/d\/familia-tescom\/\",\"url\":\"https:\/\/iipsa.com\/d\/familia-tescom\/\",\"name\":\"Familia Tescom - IIPSA\",\"isPartOf\":{\"@id\":\"https:\/\/iipsa.com\/d\/#website\"},\"primaryImageOfPage\":{\"@id\":\"https:\/\/iipsa.com\/d\/familia-tescom\/#primaryimage\"},\"image\":{\"@id\":\"https:\/\/iipsa.com\/d\/familia-tescom\/#primaryimage\"},\"thumbnailUrl\":\"https:\/\/iipsa.com\/d\/wp-content\/uploads\/2021\/12\/FAMILA-TESCOM-300x300-1.jpg\",\"datePublished\":\"2021-12-01T06:42:50+00:00\",\"dateModified\":\"2021-12-01T07:12:53+00:00\",\"breadcrumb\":{\"@id\":\"https:\/\/iipsa.com\/d\/familia-tescom\/#breadcrumb\"},\"inLanguage\":\"es\",\"potentialAction\":[{\"@type\":\"ReadAction\",\"target\":[\"https:\/\/iipsa.com\/d\/familia-tescom\/\"]}]},{\"@type\":\"ImageObject\",\"inLanguage\":\"es\",\"@id\":\"https:\/\/iipsa.com\/d\/familia-tescom\/#primaryimage\",\"url\":\"https:\/\/iipsa.com\/d\/wp-content\/uploads\/2021\/12\/FAMILA-TESCOM-300x300-1.jpg\",\"contentUrl\":\"https:\/\/iipsa.com\/d\/wp-content\/uploads\/2021\/12\/FAMILA-TESCOM-300x300-1.jpg\",\"width\":300,\"height\":300},{\"@type\":\"BreadcrumbList\",\"@id\":\"https:\/\/iipsa.com\/d\/familia-tescom\/#breadcrumb\",\"itemListElement\":[{\"@type\":\"ListItem\",\"position\":1,\"name\":\"Inicio\",\"item\":\"https:\/\/iipsa.com\/d\/\"},{\"@type\":\"ListItem\",\"position\":2,\"name\":\"Familia Tescom\"}]},{\"@type\":\"WebSite\",\"@id\":\"https:\/\/iipsa.com\/d\/#website\",\"url\":\"https:\/\/iipsa.com\/d\/\",\"name\":\"IIPSA\",\"description\":\"Automatizaci\u00f3n industrial\",\"potentialAction\":[{\"@type\":\"SearchAction\",\"target\":{\"@type\":\"EntryPoint\",\"urlTemplate\":\"https:\/\/iipsa.com\/d\/?s={search_term_string}\"},\"query-input\":{\"@type\":\"PropertyValueSpecification\",\"valueRequired\":true,\"valueName\":\"search_term_string\"}}],\"inLanguage\":\"es\"}]}<\/script>\n<!-- \/ Yoast SEO plugin. -->","yoast_head_json":{"title":"Familia Tescom - IIPSA","robots":{"index":"index","follow":"follow","max-snippet":"max-snippet:-1","max-image-preview":"max-image-preview:large","max-video-preview":"max-video-preview:-1"},"canonical":"https:\/\/iipsa.com\/d\/familia-tescom\/","og_locale":"es_MX","og_type":"article","og_title":"Familia Tescom - IIPSA","og_description":"FAMILIA TESCOM Dise\u00f1ado para garantizar un suministro continuo de gases de calibraci\u00f3n sin interrupci\u00f3n, debido a agotamiento o cambio de suministro. Los sistemas completos pueden incluir conexiones CGA, mangueras, v\u00e1lvulas de retenci\u00f3n, v\u00e1lvulas de purga, etc. Ideal para sistemas de muestreo de analizadores petroqu\u00edmicos, laboratorios y gases de soldadura. VER EL CATALOGO \u00bfTe gustar\u00eda conocer [&hellip;]","og_url":"https:\/\/iipsa.com\/d\/familia-tescom\/","og_site_name":"IIPSA","article_modified_time":"2021-12-01T07:12:53+00:00","og_image":[{"url":"https:\/\/iipsa.com\/d\/wp-content\/uploads\/2021\/12\/FAMILA-TESCOM-300x300-1.jpg","type":"","width":"","height":""}],"twitter_card":"summary_large_image","schema":{"@context":"https:\/\/schema.org","@graph":[{"@type":"WebPage","@id":"https:\/\/iipsa.com\/d\/familia-tescom\/","url":"https:\/\/iipsa.com\/d\/familia-tescom\/","name":"Familia Tescom - IIPSA","isPartOf":{"@id":"https:\/\/iipsa.com\/d\/#website"},"primaryImageOfPage":{"@id":"https:\/\/iipsa.com\/d\/familia-tescom\/#primaryimage"},"image":{"@id":"https:\/\/iipsa.com\/d\/familia-tescom\/#primaryimage"},"thumbnailUrl":"https:\/\/iipsa.com\/d\/wp-content\/uploads\/2021\/12\/FAMILA-TESCOM-300x300-1.jpg","datePublished":"2021-12-01T06:42:50+00:00","dateModified":"2021-12-01T07:12:53+00:00","breadcrumb":{"@id":"https:\/\/iipsa.com\/d\/familia-tescom\/#breadcrumb"},"inLanguage":"es","potentialAction":[{"@type":"ReadAction","target":["https:\/\/iipsa.com\/d\/familia-tescom\/"]}]},{"@type":"ImageObject","inLanguage":"es","@id":"https:\/\/iipsa.com\/d\/familia-tescom\/#primaryimage","url":"https:\/\/iipsa.com\/d\/wp-content\/uploads\/2021\/12\/FAMILA-TESCOM-300x300-1.jpg","contentUrl":"https:\/\/iipsa.com\/d\/wp-content\/uploads\/2021\/12\/FAMILA-TESCOM-300x300-1.jpg","width":300,"height":300},{"@type":"BreadcrumbList","@id":"https:\/\/iipsa.com\/d\/familia-tescom\/#breadcrumb","itemListElement":[{"@type":"ListItem","position":1,"name":"Inicio","item":"https:\/\/iipsa.com\/d\/"},{"@type":"ListItem","position":2,"name":"Familia Tescom"}]},{"@type":"WebSite","@id":"https:\/\/iipsa.com\/d\/#website","url":"https:\/\/iipsa.com\/d\/","name":"IIPSA","description":"Automatizaci\u00f3n industrial","potentialAction":[{"@type":"SearchAction","target":{"@type":"EntryPoint","urlTemplate":"https:\/\/iipsa.com\/d\/?s={search_term_string}"},"query-input":{"@type":"PropertyValueSpecification","valueRequired":true,"valueName":"search_term_string"}}],"inLanguage":"es"}]}},"_links":{"self":[{"href":"https:\/\/iipsa.com\/d\/wp-json\/wp\/v2\/pages\/851","targetHints":{"allow":["GET"]}}],"collection":[{"href":"https:\/\/iipsa.com\/d\/wp-json\/wp\/v2\/pages"}],"about":[{"href":"https:\/\/iipsa.com\/d\/wp-json\/wp\/v2\/types\/page"}],"author":[{"embeddable":true,"href":"https:\/\/iipsa.com\/d\/wp-json\/wp\/v2\/users\/1"}],"replies":[{"embeddable":true,"href":"https:\/\/iipsa.com\/d\/wp-json\/wp\/v2\/comments?post=851"}],"version-history":[{"count":5,"href":"https:\/\/iipsa.com\/d\/wp-json\/wp\/v2\/pages\/851\/revisions"}],"predecessor-version":[{"id":858,"href":"https:\/\/iipsa.com\/d\/wp-json\/wp\/v2\/pages\/851\/revisions\/858"}],"wp:attachment":[{"href":"https:\/\/iipsa.com\/d\/wp-json\/wp\/v2\/media?parent=851"}],"curies":[{"name":"wp","href":"https:\/\/api.w.org\/{rel}","templated":true}]}}